{"id":45,"date":"2018-01-17T06:33:29","date_gmt":"2018-01-17T06:33:29","guid":{"rendered":"https:\/\/www.macalester.edu\/160-critical-theory\/about\/"},"modified":"2026-03-24T10:59:59","modified_gmt":"2026-03-24T15:59:59","slug":"about","status":"publish","type":"page","link":"https:\/\/www.macalester.edu\/critical-theory\/about\/","title":{"rendered":"About"},"content":{"rendered":"<p>Students pursuing the critical theory concentration will familiarize themselves with its theoretical and historical background and its current developments and multifaceted applications in various fields in the Humanities, Arts, and Social Sciences.<\/p>\n\n\n\n<p>Historically, the term \u201cCritical Theory\u201d was first used by members of the Frankfurt School: a group of sociologists, cultural, and literary critics working in Germany between the two World Wars. Dissatisfied with the traditional divisions among the disciplines, particularly between the humanities, arts, and the social sciences, the Frankfurt School scholars argued that the critical study of society requires an approach that cuts across these disciplinary lines. Later, other scholars working along similar lines became incorporated into a more diversely delineated field called &#8220;critical theory&#8221; in acknowledgement of the pioneering Frankfurt School work.<\/p>\n\n\n\n<p>Major figures in the history of Critical Theory include: the Frankfurt School theorists (e.g., Theodor Adorno, Walter Benjamin, Herbert Marcuse, Max Horkheimer), Antonio Gramsci, French Literary and Critical Theory (e.g., Roland Barthes, George Bataille, Jacques Lacan, Louis Althusser, Gilles Deleuze, Jacques Derrida, Michel Foucault), Pierre Bourdieu, Erwin Panofsky, J\u00fcrgen Habermas, Edward Said, Slavoj \u017di\u017eek, Giorgio Agamben, Judith Butler, and other thinkers working in fields such as postcolonial theory, feminism, gender studies, and race and ethnicity studies.<\/p>\n\n\n\n<p>Equally important, however, is its \u2018pre-history\u2019 or theoretical background, which is to be found in the tradition of continental philosophy\u2014from early modern philosophy, German Idealism, and the Enlightenment to Phenomenology, Existentialism, and the philosophy of language\u2014as well as in formalism, structuralism, psychoanalysis, and non-positivist social theories.<\/p>\n\n\n<section class=\"callout-feature-text block-container\" >\n    <div class=\"callout-feature-text__inner\">\n        <div class=\"callout-feature-text__container\">\n            <div class=\"callout-feature-text__feature-wrapper\">\n                <div class=\"callout-feature-text__feature-card\">\n                    <div class=\"base-lockup\">\n                                                                            <h2 class=\"base-lockup__heading\">Annual Critical Theory Symposium<\/h2>\n                                                                            <p class=\"base-lockup__copy\">The Annual Critical Theory Symposium is a popular event that features talks on a new topic every year, followed by an extensive Q&#038;A discussion over a delicious buffet. The graduating Critical Theory concentrators also receive their graduating presents during this event.\r\n\r\nThe event typically takes place in the spring semester. <br><br>In 2026, the symposium will be held on Friday, April 10.<\/p>\n                                            <\/div>\n                                            <div class=\"callout-feature-text__ctas\">\n                                                            <a class=\"base-cta-primary\" href=\"https:\/\/www.macalester.edu\/critical-theory\/annual-critical-theory-symposium\/\" target=\"_self\">More information<\/a>\n                                                                                <\/div>\n                                     <\/div>\n            <\/div>\n        <\/div>\n    <\/div>\n<\/section>","protected":false},"excerpt":{"rendered":"<p>Students pursuing the critical theory concentration will familiarize themselves with its theoretical and historical background and its current developments and multifaceted applications in various fields in the Humanities, Arts, and Social Sciences. Historically, the term \u201cCritical Theory\u201d was first used by members of the Frankfurt School: a group of sociologists, cultural, and literary critics working [&hellip;]<\/p>","protected":false},"author":1,"featured_media":152,"parent":0,"menu_order":0,"comment_status":"open","ping_status":"open","template":"","meta":{"_acf_changed":false,"footnotes":""},"class_list":["post-45","page","type-page","status-publish","has-post-thumbnail","hentry"],"acf":[],"_links":{"self":[{"href":"https:\/\/www.macalester.edu\/critical-theory\/wp-json\/wp\/v2\/pages\/45","targetHints":{"allow":["GET"]}}],"collection":[{"href":"https:\/\/www.macalester.edu\/critical-theory\/wp-json\/wp\/v2\/pages"}],"about":[{"href":"https:\/\/www.macalester.edu\/critical-theory\/wp-json\/wp\/v2\/types\/page"}],"author":[{"embeddable":true,"href":"https:\/\/www.macalester.edu\/critical-theory\/wp-json\/wp\/v2\/users\/1"}],"replies":[{"embeddable":true,"href":"https:\/\/www.macalester.edu\/critical-theory\/wp-json\/wp\/v2\/comments?post=45"}],"version-history":[{"count":5,"href":"https:\/\/www.macalester.edu\/critical-theory\/wp-json\/wp\/v2\/pages\/45\/revisions"}],"predecessor-version":[{"id":589,"href":"https:\/\/www.macalester.edu\/critical-theory\/wp-json\/wp\/v2\/pages\/45\/revisions\/589"}],"wp:featuredmedia":[{"embeddable":true,"href":"https:\/\/www.macalester.edu\/critical-theory\/wp-json\/wp\/v2\/media\/152"}],"wp:attachment":[{"href":"https:\/\/www.macalester.edu\/critical-theory\/wp-json\/wp\/v2\/media?parent=45"}],"curies":[{"name":"wp","href":"https:\/\/api.w.org\/{rel}","templated":true}]}}