{"id":6015,"date":"2025-04-29T20:34:48","date_gmt":"2025-04-29T20:34:48","guid":{"rendered":"https:\/\/www.macalester.edu\/entrepreneurship-and-innovation\/?page_id=6015"},"modified":"2025-04-30T13:45:26","modified_gmt":"2025-04-30T13:45:26","slug":"summer-2023-zp-recipients-2-2","status":"publish","type":"page","link":"https:\/\/www.macalester.edu\/entrepreneurship-and-innovation\/boost-it-fund\/summer-2023-zp-recipients-2-2\/","title":{"rendered":"Summer 2025 Zia &amp; Priti Fund for Innovation and Impact Students"},"content":{"rendered":"<section class=\"card-group block-container three-col-txt card-group--3\" >\n            <div class=\"card-group__header-container\">\n            <div class=\"card-group__header-inner\">\n                <div class=\"base-lockup\">\n                                            <span class=\"base-lockup__label\">Women on the Move<\/span>\n                                                                                    <p class=\"base-lockup__copy\">Women on the Move is a collaborative project with PARI (Point d\u2019Accueil pour les R\u00e9fugi\u00e9s Immigr\u00e9s) in Dakar, focused on empowering female refugees and migrants through workshops that address their rights, provide essential resources, and ensure they receive the information, support, and dignity they deserve. Despite the efforts of organizations like PARI, gaps remain in support services, as female refugees face heightened vulnerabilities, lack access to information, struggle with language barriers, and have limited resources to meet basic needs. This project seeks to address these challenges through a human-centered design approach (co-creating solutions with PARI and the migrant community), ultimately empowering female migrants to navigate their new environment with greater agency and security.\r\n<\/p>\n                                    <\/div>\n            <\/div>\n        <\/div>\n        <div class=\"card-group__cards-container\">\n                    <article class=\"card-group__card\">\n                                                            <img decoding=\"async\" class=\"card-group__card-image card-group__card-image-nolink\" alt=\"Flor Perez Nunez\" src=\"https:\/\/www.macalester.edu\/entrepreneurship-and-innovation\/wp-content\/uploads\/sites\/507\/2025\/04\/Flor-Perez-Nunez-640x0-c-default.jpg\">\n                                                    <div class=\"card-group__card-inner\">\n                                            <h3 class=\"card-group__card-headline\">\n                                                Flor Perez Nunez \u201926 \n                         \n                        <\/h3>\n                                                                <p class=\"card-group__card-copy\">Anthropology and Political Science<\/p>\n                    \n                                                            \n                <\/div>\n            <\/article>    \n            <\/div>\n<\/section>\n\n\n<section class=\"card-group block-container three-col-txt card-group--3\" >\n            <div class=\"card-group__header-container\">\n            <div class=\"card-group__header-inner\">\n                <div class=\"base-lockup\">\n                                            <span class=\"base-lockup__label\">Amdin.ai <\/span>\n                                                                                    <p class=\"base-lockup__copy\">Amdin.ai is creating an Agentic-AI workflow to aid teachers in their teacher training and automate administrative tasks, eventually allowing more time for teachers to invest in preparing students of Hyderabad for better opportunities with the ultimate goal of improving the lives of students.<\/p>\n                                    <\/div>\n            <\/div>\n        <\/div>\n        <div class=\"card-group__cards-container\">\n                    <article class=\"card-group__card\">\n                                                            <img decoding=\"async\" class=\"card-group__card-image card-group__card-image-nolink\" alt=\"Sohail Khan\" src=\"https:\/\/www.macalester.edu\/entrepreneurship-and-innovation\/wp-content\/uploads\/sites\/507\/2025\/04\/Sohail-Khan-1-scaled-640x0-c-default.jpg\">\n                                                    <div class=\"card-group__card-inner\">\n                                            <h3 class=\"card-group__card-headline\">\n                                                Sohail Mohammed \u201927 \n                         \n                        <\/h3>\n                                                                <p class=\"card-group__card-copy\">Computer Science and Economics<\/p>\n                    \n                                                            \n                <\/div>\n            <\/article>    \n            <\/div>\n<\/section>","protected":false},"excerpt":{"rendered":"","protected":false},"author":893,"featured_media":0,"parent":1030,"menu_order":0,"comment_status":"closed","ping_status":"closed","template":"","meta":{"_acf_changed":false,"footnotes":""},"class_list":["post-6015","page","type-page","status-publish","hentry"],"acf":[],"_links":{"self":[{"href":"https:\/\/www.macalester.edu\/entrepreneurship-and-innovation\/wp-json\/wp\/v2\/pages\/6015","targetHints":{"allow":["GET"]}}],"collection":[{"href":"https:\/\/www.macalester.edu\/entrepreneurship-and-innovation\/wp-json\/wp\/v2\/pages"}],"about":[{"href":"https:\/\/www.macalester.edu\/entrepreneurship-and-innovation\/wp-json\/wp\/v2\/types\/page"}],"author":[{"embeddable":true,"href":"https:\/\/www.macalester.edu\/entrepreneurship-and-innovation\/wp-json\/wp\/v2\/users\/893"}],"replies":[{"embeddable":true,"href":"https:\/\/www.macalester.edu\/entrepreneurship-and-innovation\/wp-json\/wp\/v2\/comments?post=6015"}],"version-history":[{"count":4,"href":"https:\/\/www.macalester.edu\/entrepreneurship-and-innovation\/wp-json\/wp\/v2\/pages\/6015\/revisions"}],"predecessor-version":[{"id":6031,"href":"https:\/\/www.macalester.edu\/entrepreneurship-and-innovation\/wp-json\/wp\/v2\/pages\/6015\/revisions\/6031"}],"up":[{"embeddable":true,"href":"https:\/\/www.macalester.edu\/entrepreneurship-and-innovation\/wp-json\/wp\/v2\/pages\/1030"}],"wp:attachment":[{"href":"https:\/\/www.macalester.edu\/entrepreneurship-and-innovation\/wp-json\/wp\/v2\/media?parent=6015"}],"curies":[{"name":"wp","href":"https:\/\/api.w.org\/{rel}","templated":true}]}}