{"id":1507,"date":"2025-03-17T20:49:43","date_gmt":"2025-03-17T20:49:43","guid":{"rendered":"https:\/\/www.macalester.edu\/equity\/?page_id=1507"},"modified":"2025-10-01T18:35:31","modified_gmt":"2025-10-01T18:35:31","slug":"land-acknowledgement-statement-and-resources","status":"publish","type":"page","link":"https:\/\/www.macalester.edu\/equity\/land-acknowledgement-statement-and-resources\/","title":{"rendered":"Land Acknowledgement Statement and Resources"},"content":{"rendered":"<h2 class=\"wp-block-heading\">Land Acknowledgement<\/h2>\n\n\n\n<p><em>Macalester College is located on the homeland of the Dakota people \u2013 Mni Sota Makoce [Mini SOta Ma-KOH-chay], which translates to Land Where the Waters Reflect the Clouds. Although they were forcibly exiled by aggressive and persistent settler colonialism, the Dakota people still flourish despite this painful history. We make this acknowledgment to honor the Dakota people, ancestors, and descendants, as well as the land itself. Macalester engages in ongoing work toward repair and partnership with the Dakota people and the land, as well as to support Indigenous members of our campus community.<\/em><\/p>\n\n\n\n<h2 class=\"wp-block-heading\"><strong>Native and Indigenous initiatives at Macalester<\/strong><\/h2>\n\n\n\n<h3 class=\"wp-block-heading\"><a href=\"https:\/\/www.macalester.edu\/native-indigenous-initiative\/\">Mellon MNI Grant<\/a><\/h3>\n\n\n\n<p>With generous support from the Mellon Foundation, the Mellon Macalester Native and Indigenous (MNI) initiative is dedicated to engagement with and scholarship around Indigenous people, culture, and history, including a Global Indigenous Studies concentration, post-doctoral scholars, an annual residency program for Indigenous experts, an Indigenous Voices series featuring speakers, artists, and activists, a Building and Caring for Community seminar, and a Three Sisters Garden.<\/p>\n\n\n\n<h3 class=\"wp-block-heading\"><a href=\"https:\/\/www.macalester.edu\/equity\/staff-faculty-affinity-groups\/\">Native and Indigenous Faculty and Staff Affinity Group<\/a><\/h3>\n\n\n\n<p>The Native and Indigenous Staff and Faculty Collective is a community space for connection, support, and collaboration.<\/p>\n\n\n\n<h3 class=\"wp-block-heading\"><a href=\"https:\/\/www.macalester.edu\/equity\/native-indigenous-history-month\/\">Native and Indigenous Heritage Month programs<\/a><\/h3>\n\n\n\n<p>Macalester actively works to engage with and advance scholarship around Native and Indigenous communities, histories and narratives, ways of knowing and being, and current social justice movements. During this month, we center Native and Indigenous stories and cultures, celebrate community, build awareness, and engage with Native-owned businesses, artistic endeavors, and scholarship.<\/p>\n\n\n\n<h3 class=\"wp-block-heading\"><a href=\"https:\/\/macalester.presence.io\/organization\/proud-indigenous-people-for-education\">Proud Indigenous Peoples for Education Student Organization (PIPE)<\/a><\/h3>\n\n\n\n<p>Since its founding in the 1970s, PIPE has served as a space for building and strengthening the Indigenous student community at Macalester. PIPE serves three main goals: to exist as an unapologetically Indigenous space working to support and serve Indigenous students, to connect and engage with the broader Indigenous community in the Twin Cities, and to provide a platform for learning, education and discussion around issues that affect Indigenous communities.<\/p>\n\n\n\n<ul class=\"wp-block-list\">\n<li>Contact: <a href=\"mailto:pipe@macalester.edu\">pipe@macalester.edu<\/a><\/li>\n\n\n\n<li>Staff Advisors: Mads Clark and Cait Bergeon<\/li>\n<\/ul>\n\n\n\n<h3 class=\"wp-block-heading\">Admissions and Financial Aid<\/h3>\n\n\n\n<p>The Admissions Office partners with <a href=\"https:\/\/collegehorizons.org\">College Horizons<\/a> to actively facilitate pathways to Macalester for Native high school students, including a summer workshop. Macalester meets 100 percent of the full demonstrated need of every student we admit, and all first-year applicants are considered for merit-based scholarships.<\/p>\n\n\n\n<p>Visit the Admissions website for more information about <a href=\"https:\/\/www.macalester.edu\/admissions\/diversity-and-inclusion\/indigenous-community-at-macalester\/\">Indigenous Communities at Macalester<\/a>.<\/p>\n\n\n\n<h3 class=\"wp-block-heading\"><a href=\"https:\/\/www.macalester.edu\/equity\/racial-justice-project-fund\/\">Racial Justice Project Fund<\/a><\/h3>\n\n\n\n<p>Through the generosity of contributions to the Macalester Fund\u2019s Racial Equity Support designation, the college offers funding for programs, projects, and events that advance racial justice at Macalester.&nbsp; All students, faculty, and staff are eligible to submit proposals. Proposals are reviewed by a committee of staff, faculty, and students. Proposals are submitted the semester prior to the event or program date. Please visit the website for proposal parameters and deadlines.<\/p>\n\n\n\n<h3 class=\"wp-block-heading\"><a href=\"https:\/\/www.macalester.edu\/equity\/dakota-land-campus-mural\/\">Indigenous Land Campus Mural<\/a><\/h3>\n\n\n\n<p>Macalester is partnering with Minneapolis artist <a href=\"https:\/\/allmyrelationsarts.org\/artists\/natchez-beaulieu\/\">Natchez Beaulieu<\/a>, Waabigwanikwe (Flower Woman), an Anishinaabekwe from the White Earth Nation, and co-designer Hapistinna Graci Horne, who was born and raised in Mnisota whose Dakota and Lakota bands are Sisseton Wahpeton, Hunkpapa, and Wahpekute, to create an acrylic mural covering the columns in the Link between the library and Old Main. This is part of our ongoing work to think critically about how we care for\u2014and educate about\u2014the Dakota land we are on.<\/p>\n\n\n\n<h3 class=\"wp-block-heading\">Native and Indigenous Senior Advisory Committee to the President<\/h3>\n\n\n\n<p>Established by President Suzanne M. Rivera in 2023, the Native and Indigenous Senior Advisory Committee provides counsel and guidance regarding Macalester initiatives. The Committee is composed of Native and Indigenous community leaders from across Minnesota, and meets with the President and Macalester leadership regularly.<\/p>\n\n\n\n<h2 class=\"wp-block-heading\">Learning Resources<\/h2>\n\n\n\n<p><strong>To learn about Dakota land and communities in Minneapolis and St. Paul:<\/strong><\/p>\n\n\n\n<ul class=\"wp-block-list\">\n<li>Dr. Katrina Phillips (History), <a href=\"https:\/\/themetropole.blog\/2020\/10\/13\/where-the-waters-reflect-the-clouds-examining-minnesotas-indigenous-history\/\">\u201cWhere the Waters Reflect the Clouds\u201d: Examining Minnesota\u2019s Indigenous History<\/a>,\u201d The Metropole<\/li>\n\n\n\n<li><a href=\"https:\/\/www.mnopedia.org\/land-water-and-language-dakota-minnesota-s-first-people\">The Land, Water, and Language of the Dakota, Minnesota\u2019s First People<\/a>, Created by Teresa Peterson and Walter LaBatte, Jr., Minnesota Historical Society<\/li>\n\n\n\n<li>The <a href=\"http:\/\/bdotememorymap.org\">Bdote Memory Map<\/a> is a virtual map that connects Dakota knowledge and places that may be familiar by other names to visitors of the area. The Memory Map introduces \u201ctraditional and sometimes sacred places erased in public community memory\u201d in order to \u201crecognize this region as Dakota homeland.\u201d<\/li>\n\n\n\n<li><a href=\"https:\/\/www.mnhs.org\/nai\">The Minnesota Historical Society\u2019s Native American Initiatives Department<\/a> serves as a bridge between community needs and MNHS resources, engaging with Native communities and nations throughout the state, and ensuring Native voices, stories, and concerns are addressed in MNHS work.<\/li>\n\n\n\n<li>The Minnesota Humanities Center offers opportunities to learn from Dakota community members about the sacred sites in St. Paul in the <a href=\"https:\/\/www.mnhum.org\/program\/learning-from-place-bdote\/\">Learning From Place: Bdote<\/a> immersive experience.&nbsp;<\/li>\n\n\n\n<li>In 2020, Abigail R. Thomsen wrote her senior honors project, <a href=\"https:\/\/digitalcommons.macalester.edu\/cgi\/viewcontent.cgi?article=1038&amp;context=anth_honors\">Beyond 106: Descendant-Centered Collaboration to Interpret Dakota Archaeological Sites at Macalester&#8217;s Katharine Ordway Natural History Study Area (KONHSA)<\/a>, about the \u201cabsence of frameworks for collaborative interpreting of Indigenous archaeological sites,\u201d and engaged in a \u201cdescendent-centered collaboration with representatives from the Dakota communities to create two interpretive signs for Macalester\u2019s Katharine Ordway Natural History Study Area (KONHSA).\u201d&nbsp;<\/li>\n<\/ul>\n\n\n\n<p><strong>To learn about Dakota and Anishinaabe (Ojibwe) nations in Minnesota:<\/strong><\/p>\n\n\n\n<ul class=\"wp-block-list\">\n<li><a href=\"https:\/\/www.usdakotawar.org\">U.S.-Dakota War<\/a>, Minnesota Historical Society<\/li>\n\n\n\n<li><a href=\"https:\/\/treatiesmatter.org\/exhibit\/\">Why Treaties Matter<\/a>, Minnesota Humanities Center<\/li>\n\n\n\n<li><a href=\"https:\/\/treatiesmatter.org\/treaties\">Dakota and Ojibwe Treaties<\/a><em>, <\/em>Minnesota Indian Affairs Council<\/li>\n<\/ul>\n\n\n\n<h2 class=\"wp-block-heading\">Community Organizations<\/h2>\n\n\n\n<ul class=\"wp-block-list\">\n<li><a href=\"https:\/\/nativegov.org\">Native Governance Center<\/a><\/li>\n\n\n\n<li><a href=\"https:\/\/www.maicnet.org\">Minneapolis American Indian Center<\/a><\/li>\n\n\n\n<li><a href=\"https:\/\/mn.gov\/indian-affairs\/\">Minnesota Indian Affairs Council<\/a><\/li>\n\n\n\n<li><a href=\"https:\/\/nacdi.org\">Native American Development Institute<\/a><\/li>\n\n\n\n<li><a href=\"https:\/\/www.diw-mn.org\">Division of Indian Work<\/a><\/li>\n\n\n\n<li><a href=\"https:\/\/www.wakantipi.org\/\">Wakan Tipi Awanyankapi<\/a><\/li>\n\n\n\n<li><a href=\"https:\/\/owamniyomni.org\/\">Ow\u00e1mniyomni Okh\u00f3dayapi<\/a><\/li>\n\n\n\n<li><a href=\"https:\/\/www.miwrc.org\/\">Minnesota Indian Women\u2019s Resource Center<\/a><\/li>\n\n\n\n<li><a href=\"https:\/\/nacc-healthcare.org\/\">Native American Community Clinic<\/a><\/li>\n\n\n\n<li>Land Recovery and Land Back Organizations\n<ul class=\"wp-block-list\">\n<li><a href=\"https:\/\/makoceikikcupi.com\/\">Makoce Ikikcupi (Land Recovery)<\/a><\/li>\n\n\n\n<li><a href=\"https:\/\/iltf.org\/\">Indian Land Tenure Foundation<\/a><\/li>\n<\/ul>\n<\/li>\n\n\n\n<li>Dakota Language and Culture Resources\n<ul class=\"wp-block-list\">\n<li><a href=\"https:\/\/dakhota.org\/about-dio\/\">Dakh\u00f3ta I\u00e1pi Okh\u00f3daki\u010dhiye<\/a><\/li>\n\n\n\n<li><a href=\"https:\/\/dakotawicohan.org\/\">Dakota Wicohan<\/a><\/li>\n<\/ul>\n<\/li>\n<\/ul>","protected":false},"excerpt":{"rendered":"<p>Land Acknowledgement Macalester College is located on the homeland of the Dakota people \u2013 Mni Sota Makoce [Mini SOta Ma-KOH-chay], which translates to Land Where the Waters Reflect the Clouds. Although they were forcibly exiled by aggressive and persistent settler colonialism, the Dakota people still flourish despite this painful history. We make this acknowledgment to [&hellip;]<\/p>","protected":false},"author":875,"featured_media":0,"parent":0,"menu_order":0,"comment_status":"closed","ping_status":"closed","template":"","meta":{"_acf_changed":false,"footnotes":""},"class_list":["post-1507","page","type-page","status-publish","hentry"],"acf":[],"aioseo_notices":[],"_links":{"self":[{"href":"https:\/\/www.macalester.edu\/equity\/wp-json\/wp\/v2\/pages\/1507","targetHints":{"allow":["GET"]}}],"collection":[{"href":"https:\/\/www.macalester.edu\/equity\/wp-json\/wp\/v2\/pages"}],"about":[{"href":"https:\/\/www.macalester.edu\/equity\/wp-json\/wp\/v2\/types\/page"}],"author":[{"embeddable":true,"href":"https:\/\/www.macalester.edu\/equity\/wp-json\/wp\/v2\/users\/875"}],"replies":[{"embeddable":true,"href":"https:\/\/www.macalester.edu\/equity\/wp-json\/wp\/v2\/comments?post=1507"}],"version-history":[{"count":15,"href":"https:\/\/www.macalester.edu\/equity\/wp-json\/wp\/v2\/pages\/1507\/revisions"}],"predecessor-version":[{"id":3527,"href":"https:\/\/www.macalester.edu\/equity\/wp-json\/wp\/v2\/pages\/1507\/revisions\/3527"}],"wp:attachment":[{"href":"https:\/\/www.macalester.edu\/equity\/wp-json\/wp\/v2\/media?parent=1507"}],"curies":[{"name":"wp","href":"https:\/\/api.w.org\/{rel}","templated":true}]}}