{"id":60,"date":"2017-10-04T20:03:44","date_gmt":"2017-10-04T20:03:44","guid":{"rendered":"https:\/\/www.macalester.edu\/160-french\/20132014-2\/"},"modified":"2024-06-10T21:11:52","modified_gmt":"2024-06-10T21:11:52","slug":"20132014-2","status":"publish","type":"page","link":"https:\/\/www.macalester.edu\/french\/about\/events\/20132014-2\/","title":{"rendered":"events"},"content":{"rendered":"<p><strong>Thursday, April 24<br><\/strong>4:45 PM<br>Neill Hall 401<br>Dru Pagliassotti<strong><br><\/strong><strong>Appearing Steampunk:&nbsp;<\/strong><strong>NeoVictorian Aesthetics and Themes within <em>La Cit\u00e9 des&nbsp;<\/em><\/strong><strong><em>enfants perdus <\/em>(<em>The City of Lost Children)<\/em><\/strong><\/p>\n\n\n\n<p>In January 2013, IBM declared steampunk the next big cultural meme; in February 2014, <em>Project Runway: &nbsp;<\/em><em>Under the Gunn <\/em>challenged its contestants to create an outfit in \u201cSteampunk Chic.\u201d But how do we recognize&nbsp;steampunk when we see it? The film <em>La Cit\u00e9 des enfants <\/em>is often cited as an early example of the steampunk&nbsp;aesthetic, but is it, really? <em>Appearing Steampunk <\/em>will discuss steampunk\u2019s neoVictorian aesthetics, themes, and&nbsp;clich\u00e9s, drawing on <em>La Cit\u00e9 des enfants <\/em>and similar films to track the genre\u2019s manifestation in cinema.<\/p>\n\n\n\n<p>(Optional additional first sentence: Steampunk is a retrofuturist technofantasy in which participants create,&nbsp;share, and enjoy a remixed and upcycled performative and narrative space of \u201cnever-was.\u201d)<\/p>\n\n\n\n<p>Dru Pagliassotti is a professor of communication at California Lutheran University and the author of the award winning&nbsp;steampunk romance, <em>Clockwork Heart<\/em>. The second book in her trilogy, <em>Clockwork Lies: Iron Wind<\/em>,&nbsp;was released on March 15. Pagliassotti\u2019s areas of academic research include steampunk romances and comic&nbsp;books, and the global spread and Western reception of yaoi manga.<\/p>\n\n\n\n<hr class=\"wp-block-separator has-alpha-channel-opacity\" \/>\n\n\n\n<p><strong>Tuesday, April 8<br><\/strong>4:45 PM<br>Neill Hall 401<br>Clare Ryan &#8217;08<br><strong>Les droits de l&#8217;homme dans la vie quotidienne: translating a Macalester education into a&nbsp;<\/strong><strong>career in human rights<\/strong><\/p>\n\n\n\n<p>Clare Ryan is a Visiting Assistant Professor in Political Science. She graduated from Macalester in 2008, majoring in Political Science and minoring in French.&nbsp;&nbsp;As a Macalester student, Clare studied abroad in Paris with the Internships in Francophone Europe program and was a legal intern at&nbsp;<em>La Ligue des Droits de L\u2019homme<\/em>. After Macalester, Clare worked in Auch, France with the Language Teaching Assistant program. Clare then attended Yale Law School, where she focused on European constitutional law and children\u2019s rights. In 2011, she worked for the European Court of Human Rights in Strasbourg, France and for the&nbsp;<em>Groupe d\u2019information et de soutien des immigr\u00e9s<\/em>&nbsp;in Paris. Clare currently teaches public law classes in the Political Science Department. Next year, she will return to Strasbourg as a research fellow at the European Court of Human Rights.<\/p>\n\n\n\n<p>Ryan will discuss how her experiences at Macalester influenced her career choices, particularly her focus on French law and European human rights. Then, she will describe her current work in human rights research and how her time in France has helped inform and guide this scholarship.<\/p>\n\n\n\n<hr class=\"wp-block-separator has-alpha-channel-opacity\" \/>\n\n\n\n<p><strong>Friday, March 28<br><\/strong>4:45 PM<br>Olin Rice 100<br>John Nimis &#8217;97<strong><br>Love and Music in Contemporary Africa:&nbsp; Kinshasa\u2019s \u2018Musique Moderne\u2019<\/strong><\/p>\n\n\n\n<p>This talk will serve as an introduction to the popular music of the Democratic Republic of Congo, which has been an enormous influence across the African continent.&nbsp; A dazzling mix of electric guitars, intricate melodies, and dance rhythms, Congolese &#8220;rumba&#8221; or &#8220;soukous&#8221; has miraculously thrived from colonial times, through Mobutu&#8217;s repressive dictatorship, and various stages of radical instability.&nbsp; One of the most central and unifying examples of modern African culture, it&#8217;s theme is almost always romantic love, with melodramatic songs about marriage and divorce, infidelity and unrequited love.<\/p>\n\n\n\n<p>John Nimis is currently Assistant Professor of African Languages and Literature at the University of Wisconsin-Madison.&nbsp; He received his PhD in French from New York University, and also holds a master&#8217;s in Piano Performance from the University of Michigan and a BA in Physics from Macalester College.&nbsp; His primary research focus is on the popular music of the Congo region and the Lingala language, and his secondary research areas include African literature, French literature, literary theory, as well as cinema and popular music in the Global South.<\/p>\n\n\n\n<hr class=\"wp-block-separator has-alpha-channel-opacity\" \/>\n\n\n\n<p><strong>Wednesday, March 12<br><\/strong>4:45 PM<br>Neill Hall 401<br>Anne-Marie Gronhovd<br><strong>The Pleasure of Reading Proust<\/strong><\/p>\n\n\n\n<p>Professor Anne-Marie Gronhovd will discuss what excites the reader in Proust is the social comedy with its taste of tragedy and humor. Proust put the world of ideas in a vast social fresco passably burlesque. He was the great analyst of desire, jealousy, and social class.<\/p>\n\n\n\n<p>Anne-Marie Gronhovd is Emerita Professor of French and African Studies at Gustavus Adolphus College. She received her Ph.D. in French Literature of the Twentieth Century, her doctoral thesis was on Marcel Proust\u2019s A la recherche du temps perdu.<\/p>\n\n\n\n<p>Her research interests include French literature of the twentieth Century to the present, critical literary theory, French and Francophone women writers; and North African studies, with an emphasis on Algeria with the works of Ma\u00efssa Bay and Malek Bennabi.<\/p>\n\n\n\n<p>She published essays and a book on Marcel Proust, Du c\u00f4t\u00e9 de la sexualit\u00e9, and articles and essays on Albert Camus, Marguerite Duras, and Qu\u00e9b\u00e9cois women writers. She writes book reviews for The French Review.&nbsp;<\/p>\n\n\n\n<hr class=\"wp-block-separator has-alpha-channel-opacity\" \/>\n\n\n\n<p><strong>Thursday, November 14<br><\/strong>4:30 PM &nbsp;<br>&nbsp;Humanities 401<br>Marie-Celie Agnant<br><strong>Between Doubts and Uncertainties: Writing Memory<\/strong><\/p>\n\n\n\n<p>Marie-Celie Agnant is a Haitian writer of international reputation who immigrated to Quebec in 1970. She writes poetry, short stories, novels, and youth literature. She has taught French and worked as translator and interpreter.<\/p>\n\n\n\n<p>Her first novel, La Dot de Sara (1995) is about Haitian women and immigration. Her second novel, The Book of Emma, &nbsp;is about race, slavery, memory and language, while the third, An Alligator Named Rosa, is about the impact of the repression during the Duvalierist dictatorship and confronting one&#8217;s past. Her collection of short stories is both about the violence of the dictatorship and the tragedy of Haitian boat people emigrating in the hope of escaping systemic oppression.<\/p>\n\n\n\n<hr class=\"wp-block-separator has-alpha-channel-opacity\" \/>\n\n\n\n<p><strong>Thursday, November 7<\/strong><br>4:30 PM\u00a0<br>Humanities 401<br>Patrice Nganang<br><strong>The Crisis of Current African Writing<\/strong><\/p>\n\n\n\n<p>Contemporary African writing is experiencing a tremendous renewal, with young and exciting writers coming in the forefront of the literary scene, very interesting books being written, some of which were awarded or nominated for some of the most prestigious literary awards. This happens at the same moment when the structures of publishing are going through a fundamental transition, with an ongoing professionalization of writing, through the impulse of creative writing programs, literary agencies and a sedentarization of African writers in Western, and particularly, American universities. And yet, astonishingly, African writing has seldom been as powerless as it is today in giving a voice to African stories.&nbsp;<\/p>\n\n\n\n<p>Patrice Nganang \u2013 Cameroonian writer and scholar, an Associate Professor of literary and cultural theory at Stony Brook University. His publications include poetry:&nbsp;<em>elobi, L\u2019apologie du vandale;<\/em>&nbsp;novels:&nbsp;<em>La Saison des prunes, Temps de chien, La Joie de vivre,<\/em>which constitute a cycle depicting city life;&nbsp;<em>Mont plaisant<\/em>and&nbsp;<em>La Saison des prunes,<\/em>a cycle about world wars (WWI, WWII, and the Civil war) as seen from a Cameroonian point of view; short novellas:&nbsp;<em>L\u2019Invention du beau regard<\/em>and the serialized<em>La Chanson du joggeur.<\/em>He also published three collections of essays,&nbsp;<em>Le Principe dissident, Manifeste d\u2019une nouvelle literature africaine: Pour une ecriture preemptive and Contre Biya: Proces d\u2019un tyran.<\/em>His work has been translated into many languages and was distinguished with awards.<\/p>\n\n\n\n<hr class=\"wp-block-separator has-alpha-channel-opacity\" \/>\n\n\n\n<p><strong>Tuesday, October 1<br><\/strong>11:30 AM<br>Humanities 401<br>Scott Carpenter<br><strong>Theory of Remainders: \u00a0A Novel<\/strong><\/p>\n\n\n\n<p>A suspenseful literary novel set in the lush backgrounds of Normandy,<em>\u00a0Theory of Remainders<\/em>\u00a0explores the secret ties between love, trauma, and language.<\/p>\n\n\n\n<p>At 52, psychiatrist Philip Adler is divorced, alone, and gutted of passion. When a funeral draws him back to his ex-wife\u2019s homeland of France, the trip reunites him with a trauma he has struggled to forget: the brutal death of his teenage daughter fifteen years earlier. Prodded by his former brother-in-law and stirred by the unspent embers of his marriage, he embarks on a mission to resolve lingering questions about this past, hoping to heal himself along the way. The search leads to a disturbed man who may hold more answers than anyone expects &#8212; if only Philip can hear what he\u2019s trying to say.<\/p>\n\n\n\n<p>The Aesthetics of Fraudulence in 19th century France:&nbsp;<em>Frauds, Hoaxes<\/em>, and Counterfeits. Farnham, Surrey: Ashgate Publications, 2009.&nbsp;&nbsp;<em>Reading Lessons: An Introduction to Theory<\/em>. Upper Saddle River, NJ: Prentice Hall, 2000.&nbsp; Carpenter is currently working on&nbsp;<em>The Heart of Study Abroad<\/em>, under contract with StylusPublishing.<\/p>\n\n\n\n<p>A writer of both fiction and non-fiction, his short stories have appeared in such venues as<em>&nbsp;Ducts, Prime Number, Chamber Four, The MacGuffin, Subtle Fiction<\/em>, and&nbsp;<em>The Carleton Voice<\/em>. His collection,&nbsp;<em>This Jealous Earth<\/em>&nbsp;(MG Press 2013) has been broadly acclaimed, called \u201ccharmingly nostalgic\u201d by<em>Publisher\u2019s Weekly<\/em>. His debut novel,&nbsp;<em>Theory of Remainders<\/em>&nbsp;(Winter Goose Publishing) has been called &#8220;a stellar achievement\u201d by&nbsp;<em>Kirkus Reviews<\/em>&nbsp;(starred review). &nbsp;<\/p>","protected":false},"excerpt":{"rendered":"<p>Thursday, April 244:45 PMNeill Hall 401Dru PagliassottiAppearing Steampunk:&nbsp;NeoVictorian Aesthetics and Themes within La Cit\u00e9 des&nbsp;enfants perdus (The City of Lost Children) In January 2013, IBM declared steampunk the next big cultural meme; in February 2014, Project Runway: &nbsp;Under the Gunn challenged its contestants to create an outfit in \u201cSteampunk Chic.\u201d But how do we recognize&nbsp;steampunk [&hellip;]<\/p>","protected":false},"author":913,"featured_media":0,"parent":63,"menu_order":0,"comment_status":"open","ping_status":"open","template":"","meta":{"_acf_changed":false,"footnotes":""},"class_list":["post-60","page","type-page","status-publish","hentry"],"acf":[],"_links":{"self":[{"href":"https:\/\/www.macalester.edu\/french\/wp-json\/wp\/v2\/pages\/60","targetHints":{"allow":["GET"]}}],"collection":[{"href":"https:\/\/www.macalester.edu\/french\/wp-json\/wp\/v2\/pages"}],"about":[{"href":"https:\/\/www.macalester.edu\/french\/wp-json\/wp\/v2\/types\/page"}],"author":[{"embeddable":true,"href":"https:\/\/www.macalester.edu\/french\/wp-json\/wp\/v2\/users\/913"}],"replies":[{"embeddable":true,"href":"https:\/\/www.macalester.edu\/french\/wp-json\/wp\/v2\/comments?post=60"}],"version-history":[{"count":2,"href":"https:\/\/www.macalester.edu\/french\/wp-json\/wp\/v2\/pages\/60\/revisions"}],"predecessor-version":[{"id":1069,"href":"https:\/\/www.macalester.edu\/french\/wp-json\/wp\/v2\/pages\/60\/revisions\/1069"}],"up":[{"embeddable":true,"href":"https:\/\/www.macalester.edu\/french\/wp-json\/wp\/v2\/pages\/63"}],"wp:attachment":[{"href":"https:\/\/www.macalester.edu\/french\/wp-json\/wp\/v2\/media?parent=60"}],"curies":[{"name":"wp","href":"https:\/\/api.w.org\/{rel}","templated":true}]}}