{"id":82,"date":"2017-10-04T20:03:44","date_gmt":"2017-10-04T20:03:44","guid":{"rendered":"https:\/\/www.macalester.edu\/160-french\/peters\/"},"modified":"2024-06-12T20:29:10","modified_gmt":"2024-06-12T20:29:10","slug":"peters","status":"publish","type":"page","link":"https:\/\/www.macalester.edu\/french\/studentopportunities\/prizes\/peters\/","title":{"rendered":"H\u00e9l\u00e8ne Peters Prize"},"content":{"rendered":"<p>Established by alumni, colleagues and friends in honor of Dr. H\u00e9l\u00e8ne Peters, Professor Emerita of French and founder of the French Study Abroad Program. A cash award to a deserving student with a concentration in French for study in a French-speaking country. Past award recipients<\/p>\n\n\n\n<p>Past award recipients<\/p>\n\n\n\n<ul class=\"wp-block-list\">\n<li>2020: Sophia Hays, Julia Hirsch<\/li>\n\n\n\n<li>2019: Emma Daszkiewicz, Claire Gillen, Ming Lian<\/li>\n\n\n\n<li>2018: Emma Mullen<\/li>\n\n\n\n<li>2017: Sophie Gerdes, Andrea Kvietok<\/li>\n\n\n\n<li>2016: Ted Bebi, Allison Korbey<\/li>\n\n\n\n<li>2015: Carly Avezzano, Alexander Ropes, Cora Trout<\/li>\n\n\n\n<li>2014: Eura Chang, Luiza Montesanti, Akilah Sykes<\/li>\n\n\n\n<li>2013:\u00a0Jayne Discenza, Sarah Lansky and Gary Kilian<\/li>\n\n\n\n<li>2012: Kerry Alexander, Ingrid Jans and Landy Kus<\/li>\n\n\n\n<li>2011: Julia Hechler and Sophie Mondale<\/li>\n\n\n\n<li>2010: Jamie Moore<\/li>\n\n\n\n<li>2009: Jillian Scudder<\/li>\n\n\n\n<li>2008: Rebecca Sheff<\/li>\n\n\n\n<li>2007: Clare Ryan<\/li>\n\n\n\n<li>2006: Megan Henry<\/li>\n\n\n\n<li>2005: Erika Jerme<\/li>\n\n\n\n<li>2004: Erika Jerme<\/li>\n\n\n\n<li>2003: Vanessa Doriott<\/li>\n\n\n\n<li>2002: Taous Khazem<\/li>\n\n\n\n<li>2001: Elizabeth N. Cooke Kelly M. Paulson<\/li>\n<\/ul>","protected":false},"excerpt":{"rendered":"<p>Established by alumni, colleagues and friends in honor of Dr. H\u00e9l\u00e8ne Peters, Professor Emerita of French and founder of the French Study Abroad Program. A cash award to a deserving student with a concentration in French for study in a French-speaking country. Past award recipients Past award recipients<\/p>","protected":false},"author":913,"featured_media":0,"parent":73,"menu_order":0,"comment_status":"open","ping_status":"open","template":"","meta":{"_acf_changed":false,"footnotes":""},"class_list":["post-82","page","type-page","status-publish","hentry"],"acf":[],"_links":{"self":[{"href":"https:\/\/www.macalester.edu\/french\/wp-json\/wp\/v2\/pages\/82","targetHints":{"allow":["GET"]}}],"collection":[{"href":"https:\/\/www.macalester.edu\/french\/wp-json\/wp\/v2\/pages"}],"about":[{"href":"https:\/\/www.macalester.edu\/french\/wp-json\/wp\/v2\/types\/page"}],"author":[{"embeddable":true,"href":"https:\/\/www.macalester.edu\/french\/wp-json\/wp\/v2\/users\/913"}],"replies":[{"embeddable":true,"href":"https:\/\/www.macalester.edu\/french\/wp-json\/wp\/v2\/comments?post=82"}],"version-history":[{"count":7,"href":"https:\/\/www.macalester.edu\/french\/wp-json\/wp\/v2\/pages\/82\/revisions"}],"predecessor-version":[{"id":1193,"href":"https:\/\/www.macalester.edu\/french\/wp-json\/wp\/v2\/pages\/82\/revisions\/1193"}],"up":[{"embeddable":true,"href":"https:\/\/www.macalester.edu\/french\/wp-json\/wp\/v2\/pages\/73"}],"wp:attachment":[{"href":"https:\/\/www.macalester.edu\/french\/wp-json\/wp\/v2\/media?parent=82"}],"curies":[{"name":"wp","href":"https:\/\/api.w.org\/{rel}","templated":true}]}}