{"id":2358,"date":"2021-09-13T11:12:32","date_gmt":"2021-09-13T16:12:32","guid":{"rendered":"https:\/\/www.macalester.edu\/160-igc\/?page_id=2358"},"modified":"2024-04-22T13:59:36","modified_gmt":"2024-04-22T18:59:36","slug":"irt-2021-plenary-speakers","status":"publish","type":"page","link":"https:\/\/www.macalester.edu\/global-citizenship\/events\/international-roundtable\/pastroundtables\/2021-international-roundtable\/irt-2021-plenary-speakers\/","title":{"rendered":"IRT 2021 Plenary Speakers"},"content":{"rendered":"<h2 class=\"wp-block-heading\">Plenary Panel:<\/h2>\n\n\n\n<h2 class=\"wp-block-heading\">Critical Research and Activism: Student Protests and Movements Globally<\/h2>\n\n\n\n<h3 class=\"wp-block-heading\">Sofia Donoso <img loading=\"lazy\" decoding=\"async\" class=\"size-medium wp-image-2344 alignright\" src=\"https:\/\/www.macalester.edu\/global-citizenship\/wp-content\/uploads\/sites\/469\/2021\/09\/MG_2634-2-200x300.jpg\" alt=\"\" width=\"200\" height=\"300\" srcset=\"https:\/\/www.macalester.edu\/global-citizenship\/wp-content\/uploads\/sites\/469\/2021\/09\/MG_2634-2-200x300.jpg 200w,  https:\/\/www.macalester.edu\/global-citizenship\/wp-content\/uploads\/sites\/469\/2021\/09\/MG_2634-2-683x1024.jpg 683w,  https:\/\/www.macalester.edu\/global-citizenship\/wp-content\/uploads\/sites\/469\/2021\/09\/MG_2634-2-768x1152.jpg 768w,  https:\/\/www.macalester.edu\/global-citizenship\/wp-content\/uploads\/sites\/469\/2021\/09\/MG_2634-2-1024x1536.jpg 1024w,  https:\/\/www.macalester.edu\/global-citizenship\/wp-content\/uploads\/sites\/469\/2021\/09\/MG_2634-2-1365x2048.jpg 1365w,  https:\/\/www.macalester.edu\/global-citizenship\/wp-content\/uploads\/sites\/469\/2021\/09\/MG_2634-2-scaled.jpg 1707w\" sizes=\"auto, (max-width: 200px) 100vw, 200px\" \/><\/h3>\n\n\n\n<p>Sofia Donoso<span style=\"font-weight: 400\"> holds an MPhil and a PhD in Development Studies from the University of Oxford. She is an assistant professor of sociology at the Universidad de Chile and a research fellow at the Centre for Social Conflict and Cohesion Studies (COES). Dr Donoso\u2019s research focuses on social movements and the institutionalization of protests in Chile. Specifically, she has analyzed how waves of student protests in Chile since the early 2000s have shaped both the contents and shape of politics. Tracing the student movement\u2019s political impact, her work identifies how the discourse on inequality has changed, and how this is expressed in concrete policy reforms. Furthermore, examining how former student leaders decide to create political parties and run for elections, Dr Donoso\u2019s research discusses how students in Chile have reshaped politics in multiple ways and the challenges that this new political force faces. She is the co-editor with Marisa von B\u00fclow of <\/span><i><span style=\"font-weight: 400\">Social Movements in Chile: Organization, Trajectories and Political Consequences<\/span><\/i><span style=\"font-weight: 400\"> (Palgrave Macmillan, 2017). Her work has been published in the <\/span><i><span style=\"font-weight: 400\">Journal of Latin American Studies<\/span><\/i><span style=\"font-weight: 400\">,<\/span><i><span style=\"font-weight: 400\"> Research in Social Movements<\/span><\/i><span style=\"font-weight: 400\">,<\/span><i><span style=\"font-weight: 400\"> Conflicts and Change,<\/span><\/i> <i><span style=\"font-weight: 400\">Bulletin of Latin American Research<\/span><\/i><span style=\"font-weight: 400\">, as well as in several chapters in edited volumes.&nbsp;<\/span><\/p>\n\n\n\n<hr class=\"wp-block-separator has-alpha-channel-opacity\" \/>\n\n\n\n<h3 class=\"wp-block-heading\">Michelle Jacob <img loading=\"lazy\" decoding=\"async\" class=\"size-medium wp-image-2345 alignright\" src=\"https:\/\/www.macalester.edu\/global-citizenship\/wp-content\/uploads\/sites\/469\/2021\/09\/IMG_5949-214x300.jpeg\" alt=\"\" width=\"214\" height=\"300\" srcset=\"https:\/\/www.macalester.edu\/global-citizenship\/wp-content\/uploads\/sites\/469\/2021\/09\/IMG_5949-214x300.jpeg 214w,  https:\/\/www.macalester.edu\/global-citizenship\/wp-content\/uploads\/sites\/469\/2021\/09\/IMG_5949.jpeg 457w\" sizes=\"auto, (max-width: 214px) 100vw, 214px\" \/><\/h3>\n\n\n\n<p><span style=\"font-weight: 400\">Michelle M. Jacob loves imagining a future in which kindness, fierceness, and creativity saturate our lives and institutions in delicious and inviting ways. Dr. Jacob does this in her popular The Auntie Way Writing Retreats and Anahuy Mentoring Leadership Academy professional development workshops, in which she draws from her Yakama Indigenous cultural teachings to encourage and support educators and students in developing clear visions that bring about radical and sustainable social justice change that help us become stronger individuals who contribute to our communities. Doing so is part of a long-standing tradition of protesting structures that oppress and suppress Indigenous ways of knowing and being. Dr. Jacob is an enrolled member of the Yakama Nation and is Professor of Indigenous Studies and Co-Director of the Sapsik\u2019\u02b7a\u0142\u00e1 Program in the Department of Education Studies at the University of Oregon where she also serves as Affiliated Faculty in the Department of Indigenous, Race, and Ethnic Studies and in the Environmental Studies Program. Michelle has published six books and has numerous articles published in social science, education, and health science research journals, as well as a strong grant writing track-record. Her research areas of interest include: Indigenous methodologies, spirituality, health, education, Native feminisms, and decolonization. Dr. Jacob founded Anahuy Mentoring, LLC to support her vision of sharing Indigenous methodologies with a broad audience of professionals through her books, professional development, coaching, and consultation. Anah\u00fay is the Yakama Ichishk\u00edin word for black bear, and English speakers would pronounce it as Anna-WHOEE. Anahuy is also the name of Michelle\u2019s beloved Rez Dog, who adores playing ball with Michelle and her loving family at Yakama. You may contact Dr. Jacob through her website: <\/span><a href=\"https:\/\/anahuymentoring.com\"><span style=\"font-weight: 400\">https:\/\/anahuymentoring.com<\/span><\/a><\/p>\n\n\n\n<hr class=\"wp-block-separator has-alpha-channel-opacity\" \/>\n\n\n\n<h3 class=\"wp-block-heading\">Nathan Law<img loading=\"lazy\" decoding=\"async\" class=\"size-medium wp-image-2442 alignright\" src=\"https:\/\/www.macalester.edu\/global-citizenship\/wp-content\/uploads\/sites\/469\/2021\/09\/092619-RH3-526-1-1-300x200.jpg\" alt=\"\" width=\"300\" height=\"200\" srcset=\"https:\/\/www.macalester.edu\/global-citizenship\/wp-content\/uploads\/sites\/469\/2021\/09\/092619-RH3-526-1-1-300x200.jpg 300w,  https:\/\/www.macalester.edu\/global-citizenship\/wp-content\/uploads\/sites\/469\/2021\/09\/092619-RH3-526-1-1-1024x683.jpg 1024w,  https:\/\/www.macalester.edu\/global-citizenship\/wp-content\/uploads\/sites\/469\/2021\/09\/092619-RH3-526-1-1-768x512.jpg 768w,  https:\/\/www.macalester.edu\/global-citizenship\/wp-content\/uploads\/sites\/469\/2021\/09\/092619-RH3-526-1-1-1536x1024.jpg 1536w,  https:\/\/www.macalester.edu\/global-citizenship\/wp-content\/uploads\/sites\/469\/2021\/09\/092619-RH3-526-1-1.jpg 1920w\" sizes=\"auto, (max-width: 300px) 100vw, 300px\" \/><\/h3>\n\n\n\n<p><span style=\"font-weight: 400\">Nathan Law is a young Hong Kong activist, currently in exile and based in London. During the Umbrella Movement in 2014, Nathan was one of the five representatives who took part in the dialogue with the government, debating political reform. Upholding non-violent civic actions, Nathan, Joshua Wong and other student leaders founded Demosist\u014d in 2016 and ran for the Legislative Council election. Nathan was elected with 50,818 votes in the Hong Kong Island constituency and became the youngest Legislative Councilor in history. Yet his seat was overturned in July 2017 following Beijing\u2019s constitutional reinterpretation, despite international criticism. Nathan was later jailed for his participation in the Umbrella Movement. The persecution sparked global concern over Beijing\u2019s crackdown on human rights and democratic movement in Hong Kong.In 2018, Nathan and his fellow student activists Joshua Wong and Alex Chow are nominated for the Nobel Peace Prize by US congressmen and British parliament members. Due to the risk imposed by the draconian National Security Law, Nathan left Hong Kong and continues to speak up for Hong Kong people on the international level. In 2020, he was listed as one of the 100 most influential people in the world by TIME.<\/span><\/p>\n\n\n\n<hr class=\"wp-block-separator has-alpha-channel-opacity\" \/>\n\n\n\n<h3 class=\"wp-block-heading\">Joshua Myers <img loading=\"lazy\" decoding=\"async\" class=\"wp-image-2347 alignright\" src=\"https:\/\/www.macalester.edu\/global-citizenship\/wp-content\/uploads\/sites\/469\/2021\/09\/DSC_0325-300x237.jpg\" alt=\"\" width=\"249\" height=\"197\" srcset=\"https:\/\/www.macalester.edu\/global-citizenship\/wp-content\/uploads\/sites\/469\/2021\/09\/DSC_0325-300x237.jpg 300w,  https:\/\/www.macalester.edu\/global-citizenship\/wp-content\/uploads\/sites\/469\/2021\/09\/DSC_0325-1024x808.jpg 1024w,  https:\/\/www.macalester.edu\/global-citizenship\/wp-content\/uploads\/sites\/469\/2021\/09\/DSC_0325-768x606.jpg 768w,  https:\/\/www.macalester.edu\/global-citizenship\/wp-content\/uploads\/sites\/469\/2021\/09\/DSC_0325-1536x1212.jpg 1536w,  https:\/\/www.macalester.edu\/global-citizenship\/wp-content\/uploads\/sites\/469\/2021\/09\/DSC_0325-2048x1616.jpg 2048w\" sizes=\"auto, (max-width: 249px) 100vw, 249px\" \/><\/h3>\n\n\n\n<p><span style=\"font-weight: 400\">Joshua M. Myers is an Associate Professor of Africana Studies in the <a href=\"https:\/\/afroamericanstudies.howard.edu\">Department of Afro-American Studies at Howard University.<\/a> He is the author of <\/span><i><span style=\"font-weight: 400\">We Are Worth Fighting For: A History of the Howard University Student Protest of 1989 <\/span><\/i><span style=\"font-weight: 400\">(NYU Press, 2019) and <\/span><i><span style=\"font-weight: 400\">Cedric Robinson: The Time of the Black Radical Tradition <\/span><\/i><span style=\"font-weight: 400\">(Polity, 2021), as well as the editor of <\/span><i><span style=\"font-weight: 400\">A Gathering Together: Literary Journal. <\/span><\/i><span style=\"font-weight: 400\">His research and activism focuses on Black radical movements for self-determination throughout the African diaspora. He works closely with the SNCC Legacy Project as well as other community organizations and contributes to the Africa World Now Project Collective.<\/span><\/p>\n\n\n\n<hr class=\"wp-block-separator has-alpha-channel-opacity\" \/>\n\n\n\n<h3 class=\"wp-block-heading\">Prishani Naidoo<img loading=\"lazy\" decoding=\"async\" class=\"size-medium wp-image-2439 alignright\" src=\"https:\/\/www.macalester.edu\/global-citizenship\/wp-content\/uploads\/sites\/469\/2021\/09\/PNpicAkhil-300x268.jpeg\" alt=\"\" width=\"300\" height=\"268\" srcset=\"https:\/\/www.macalester.edu\/global-citizenship\/wp-content\/uploads\/sites\/469\/2021\/09\/PNpicAkhil-300x268.jpeg 300w,  https:\/\/www.macalester.edu\/global-citizenship\/wp-content\/uploads\/sites\/469\/2021\/09\/PNpicAkhil-1024x914.jpeg 1024w,  https:\/\/www.macalester.edu\/global-citizenship\/wp-content\/uploads\/sites\/469\/2021\/09\/PNpicAkhil-768x685.jpeg 768w,  https:\/\/www.macalester.edu\/global-citizenship\/wp-content\/uploads\/sites\/469\/2021\/09\/PNpicAkhil-1536x1370.jpeg 1536w,  https:\/\/www.macalester.edu\/global-citizenship\/wp-content\/uploads\/sites\/469\/2021\/09\/PNpicAkhil-2048x1827.jpeg 2048w\" sizes=\"auto, (max-width: 300px) 100vw, 300px\" \/><\/h3>\n\n\n\n<p><span style=\"font-weight: 400\">Prishani Naidoo is director of the Society, Work and Politics Institute (SWOP) at the University of the Witwatersrand in Johannesburg, South Africa. Her work focuses on questions of political subjectivity, the relationship between poverty management and wage labour in processes of subjectification, and possibilities for alternative political forms and life autonomous from the logics of capital. She has come to these primarily through her involvement in the South African student movement of the 1990s and social movements that emerged between 1999 and 2006 that saw students coming together with others in struggles against the introduction of neoliberal policies. In this period, she also worked as a researcher and writer in various civil society formations, participating in policy debates and processes about higher education transformation, access to basic services and poverty inter alia. Since 2008, she has taught in the sociology department at Wits, during which time she has also been part of ongoing struggles in the university together with students and workers. She is currently working on a book with the provisional title of \u2018The Subject of Poverty. Protest, Policy and Politics in South Africa after 1994 &#8216;.&nbsp;<\/span><\/p>\n\n\n\n<hr class=\"wp-block-separator has-alpha-channel-opacity\" \/>\n\n\n\n<h2 class=\"wp-block-heading\">Plenary Panel:<\/h2>\n\n\n\n<h2 class=\"wp-block-heading\">The Rise of Student Protests Worldwide: A Sign of Hope and Transformation?<\/h2>\n\n\n\n<h3 class=\"wp-block-heading\">Maria Fernanda Gonzalez<img loading=\"lazy\" decoding=\"async\" class=\"wp-image-2423 alignright\" src=\"https:\/\/www.macalester.edu\/global-citizenship\/wp-content\/uploads\/sites\/469\/2021\/09\/DSC_0300-1-200x300.jpg\" alt=\"\" width=\"177\" height=\"266\" srcset=\"https:\/\/www.macalester.edu\/global-citizenship\/wp-content\/uploads\/sites\/469\/2021\/09\/DSC_0300-1-200x300.jpg 200w,  https:\/\/www.macalester.edu\/global-citizenship\/wp-content\/uploads\/sites\/469\/2021\/09\/DSC_0300-1-683x1024.jpg 683w,  https:\/\/www.macalester.edu\/global-citizenship\/wp-content\/uploads\/sites\/469\/2021\/09\/DSC_0300-1-768x1152.jpg 768w,  https:\/\/www.macalester.edu\/global-citizenship\/wp-content\/uploads\/sites\/469\/2021\/09\/DSC_0300-1-1024x1536.jpg 1024w,  https:\/\/www.macalester.edu\/global-citizenship\/wp-content\/uploads\/sites\/469\/2021\/09\/DSC_0300-1-1365x2048.jpg 1365w,  https:\/\/www.macalester.edu\/global-citizenship\/wp-content\/uploads\/sites\/469\/2021\/09\/DSC_0300-1-scaled.jpg 1707w\" sizes=\"auto, (max-width: 177px) 100vw, 177px\" \/><\/h3>\n\n\n\n<p><span style=\"font-weight: 400\">My name is Fernanda Gonzalez. I am a fifth year journalism student with a special interest in political and human rights issues. I am currently working as a news practitioner in the international section of a Peruvian television channel called Latina. I am also the former president of the Student Federation of the Pontificia Universidad Cat\u00f3lica of Peru. Under my leadership (2020-2021), students joined various protests to speak out against the ongoing political crisis in Peru and to defend our rights as students. In the most recent protests of November 2020, one of the biggest manifestations of the last few years in Peru, we took to the streets to protest against a coup and faced police brutality and the disappearance of fellow students.&nbsp;<\/span><\/p>\n\n\n\n<hr class=\"wp-block-separator has-alpha-channel-opacity\" \/>\n\n\n\n<p><\/p>\n\n\n\n<h3 class=\"wp-block-heading\">Meaza Gidey Gebremedhin<img loading=\"lazy\" decoding=\"async\" width=\"300\" height=\"250\" class=\"alignright wp-image-2446 size-medium\" src=\"https:\/\/www.macalester.edu\/global-citizenship\/wp-content\/uploads\/sites\/469\/2021\/09\/image_6483441-1-e1632337485948-300x250.jpg\" alt=\"\" srcset=\"https:\/\/www.macalester.edu\/global-citizenship\/wp-content\/uploads\/sites\/469\/2021\/09\/image_6483441-1-e1632337485948-300x250.jpg 300w,  https:\/\/www.macalester.edu\/global-citizenship\/wp-content\/uploads\/sites\/469\/2021\/09\/image_6483441-1-e1632337485948-768x641.jpg 768w,  https:\/\/www.macalester.edu\/global-citizenship\/wp-content\/uploads\/sites\/469\/2021\/09\/image_6483441-1-e1632337485948.jpg 959w\" sizes=\"auto, (max-width: 300px) 100vw, 300px\" \/><\/h3>\n\n\n\n<p><span style=\"font-weight: 400\">Meaza Gidey Gebremedhin\u2019s activism began during her time as a graduate student. She is currently an International Relations specialist, human rights advocate and a community organizer at Omna Tigray, a nonpartisan global organization that advocates for Tigrayans and other marginalized people. She is also the Co-Founder of the first independent women\u2019s rights movement in Tigray. Gebremedhin alongside her colleagues at the independent women\u2019s rights movement in Tigray, was successful in providing humanitarian and economic assistance to vulnerable women who were highly impacted by the COVID19 pandemic. Gebremedhin completed her undergraduate degree in South Korea where she earned her BA in International Studies on a merit-based scholarship and graduated with honors. She recently received her MA in International Relations in the United States and graduated with distinction.&nbsp;<\/span><\/p>\n\n\n\n<hr class=\"wp-block-separator has-alpha-channel-opacity\" \/>\n\n\n\n<h3 class=\"wp-block-heading\">Oraz Myradov<img loading=\"lazy\" decoding=\"async\" class=\"size-medium wp-image-2424 alignright\" src=\"https:\/\/www.macalester.edu\/global-citizenship\/wp-content\/uploads\/sites\/469\/2021\/09\/F64626F1-CB31-481F-8B5A-4A72A9FCAF9F-242x300.jpg\" alt=\"\" width=\"242\" height=\"300\" srcset=\"https:\/\/www.macalester.edu\/global-citizenship\/wp-content\/uploads\/sites\/469\/2021\/09\/F64626F1-CB31-481F-8B5A-4A72A9FCAF9F-242x300.jpg 242w,  https:\/\/www.macalester.edu\/global-citizenship\/wp-content\/uploads\/sites\/469\/2021\/09\/F64626F1-CB31-481F-8B5A-4A72A9FCAF9F-825x1024.jpg 825w,  https:\/\/www.macalester.edu\/global-citizenship\/wp-content\/uploads\/sites\/469\/2021\/09\/F64626F1-CB31-481F-8B5A-4A72A9FCAF9F-768x953.jpg 768w,  https:\/\/www.macalester.edu\/global-citizenship\/wp-content\/uploads\/sites\/469\/2021\/09\/F64626F1-CB31-481F-8B5A-4A72A9FCAF9F-1237x1536.jpg 1237w,  https:\/\/www.macalester.edu\/global-citizenship\/wp-content\/uploads\/sites\/469\/2021\/09\/F64626F1-CB31-481F-8B5A-4A72A9FCAF9F-1650x2048.jpg 1650w,  https:\/\/www.macalester.edu\/global-citizenship\/wp-content\/uploads\/sites\/469\/2021\/09\/F64626F1-CB31-481F-8B5A-4A72A9FCAF9F.jpg 1760w\" sizes=\"auto, (max-width: 242px) 100vw, 242px\" \/><\/h3>\n\n\n\n<p><span style=\"font-weight: 400\">Orazmuhammet Myradov is originally from Turkmenistan, but has lived in Belarus for many years. He has long been active as an International Officer in the National Student Association \u0417\u0430\u0434\u0437\u0456\u043d\u043e\u0447\u0430\u043d\u043d\u0435 \u0431\u0435\u043b\u0430\u0440\u0443\u0441\u043a\u0456\u0445 \u0441\u0442\u0443\u0434\u044d\u043d\u0442\u0430\u045e (ZBS: Zadzino\u010da\u0144nie Bie\u0142aruskich Studenta\u016d = BSA: Belarusian Student Association) and was one of the 6 democratically elected members of the organization&#8217;s board at the time of the repressions. In 2020, he began his second term in a leadership position with national student representation. He represents BSA among others within the European Students&#8217; Union. There, as well as in Belarus, he campaigns for student and human rights in general.<\/span><\/p>\n\n\n\n<p><span style=\"font-weight: 400\">On November11.2020, the Belarusian KGB (State Security Committee) broke into the flats of student activists of the national student representation and arrested them after a search. Two of the activists are members of the executive board, and were arrested along with five other activists of the organization. They were later charged under Article 342 of the Criminal Code of the Republic of Belarus &#8220;Organization and preparation of acts grossly violating public order, or active participation&#8221;. Faced with the significant risk of being arrested for student activism and work in the national student council, Oraz Myradov decided to leave Belarus on November 23,2020 and fled to Warsaw on a humanitarian visa for Belarusian citizens. Oraz continues to work for BSA in political exile as part of his board membership.<\/span><\/p>\n\n\n\n<hr class=\"wp-block-separator has-alpha-channel-opacity\" \/>\n\n\n\n<h3 class=\"wp-block-heading\">Bafanabakhe Sacolo<img loading=\"lazy\" decoding=\"async\" class=\"size-medium wp-image-2421 alignright\" src=\"https:\/\/www.macalester.edu\/global-citizenship\/wp-content\/uploads\/sites\/469\/2021\/09\/26878315490_status_acd5d8a0acf748b2ba84604b94909d1d-300x199.jpg\" alt=\"\" width=\"300\" height=\"199\" srcset=\"https:\/\/www.macalester.edu\/global-citizenship\/wp-content\/uploads\/sites\/469\/2021\/09\/26878315490_status_acd5d8a0acf748b2ba84604b94909d1d-300x199.jpg 300w,  https:\/\/www.macalester.edu\/global-citizenship\/wp-content\/uploads\/sites\/469\/2021\/09\/26878315490_status_acd5d8a0acf748b2ba84604b94909d1d-1024x678.jpg 1024w,  https:\/\/www.macalester.edu\/global-citizenship\/wp-content\/uploads\/sites\/469\/2021\/09\/26878315490_status_acd5d8a0acf748b2ba84604b94909d1d-768x508.jpg 768w,  https:\/\/www.macalester.edu\/global-citizenship\/wp-content\/uploads\/sites\/469\/2021\/09\/26878315490_status_acd5d8a0acf748b2ba84604b94909d1d.jpg 1280w\" sizes=\"auto, (max-width: 300px) 100vw, 300px\" \/><\/h3>\n\n\n\n<p>I am a 25 year-old Nursing student at the University of Swaziland. I am currently serving as the Secretary General of the Swaziland National Union of Students (SNUS), the only student organization in the country of Swaziland (now called Eswatini). SNUS has been credited with starting the movement towards democracy after the death of Thabani Nkomonye, a student at the university of Swaziland who was killed by the police. I have been at the forefront organizing students at the local and national level, which led to my arrest on May 21, 2021 having to spend three days in police custody and three days in the only maximum security prison of Swaziland. I was granted a E50 000 bail (US$3360.26). Unfortunately, I am in and out of court and no magistrate is willing to take my case because of the false charges.<\/p>\n\n\n\n<hr class=\"wp-block-separator has-alpha-channel-opacity\" \/>\n\n\n\n<h3 class=\"wp-block-heading\">Anjali Dalmia<img loading=\"lazy\" decoding=\"async\" class=\"size-medium wp-image-2456 alignright\" src=\"https:\/\/www.macalester.edu\/global-citizenship\/wp-content\/uploads\/sites\/469\/2021\/09\/Anjali-242x300.jpeg\" alt=\"\" width=\"242\" height=\"300\" srcset=\"https:\/\/www.macalester.edu\/global-citizenship\/wp-content\/uploads\/sites\/469\/2021\/09\/Anjali-242x300.jpeg 242w,  https:\/\/www.macalester.edu\/global-citizenship\/wp-content\/uploads\/sites\/469\/2021\/09\/Anjali-826x1024.jpeg 826w,  https:\/\/www.macalester.edu\/global-citizenship\/wp-content\/uploads\/sites\/469\/2021\/09\/Anjali-768x953.jpeg 768w,  https:\/\/www.macalester.edu\/global-citizenship\/wp-content\/uploads\/sites\/469\/2021\/09\/Anjali.jpeg 1032w\" sizes=\"auto, (max-width: 242px) 100vw, 242px\" \/><\/h3>\n\n\n\n<p><span style=\"font-weight: 400\">Anjali is an undergraduate student of Sociology &amp; Anthropology and Environmental Studies at Ashoka University, India. In 2020-21, she headed the Environment Ministry of the Ashoka University Student Government (AUSG), during which she helped lead the national-level youth protest (digital and on-ground) against a destructive policy called the Draft Environmental Impact Assessment Notification 2020, proposed by the government in the midst of the pandemic. The Draft EIA2020 will give a freer hand to corporates and polluting industries, displace and impact millions of people (especially Adivasi, Dalit, Fisher, and Farmer Communities), severly suppress democratic rights and freedoms, and exacerbate environmental concerns in the subcontinent.&nbsp;<\/span><\/p>\n\n\n\n<p><span style=\"font-weight: 400\">Anjali defines herself as an activist working for intersectional, anti-caste and democratic social &amp; environmental justice. She is the co-creator of Yugma Network (<\/span><a href=\"https:\/\/www.yugmacollective.org\">yugmacollective.org<\/a><span style=\"font-weight: 400\">), a pan-Indian youth initiative born from the Draft EIA2020 Campaign, which works towards achieving ground-level environmental justice by broadening the definition of environment to socio-cultural, economical and political issues, and by amplifying the perspectives &amp; voices of Most Affected People and Areas, Dalit, Bahujan, Adivasi, Trans, Queer, Muslim, and other marginalised communities in conversations, campaigns, education, art, and law. She also works on The Project Amara (<\/span><a href=\"http:\/\/linktr.ee\/theprojectamara\"><span style=\"font-weight: 400\">linktr.ee\/theprojectamara<\/span><\/a><span style=\"font-weight: 400\">), a Pune based initiative to ensure Sustainable and Equitable menstruation for ALL, especially menstruators in urban slums areas and those in schools. She is an active and on-ground member of National Alliance of People&#8217;s Movements, and also works as a part-time researcher for Land Conflict Watch (<\/span><a href=\"http:\/\/landconflictwatch.org\/\"><span style=\"font-weight: 400\">landconflictwatch.org<\/span><\/a><span style=\"font-weight: 400\">). She loves marine ecology and insects and is particularly interested in working at the intersection of economics, policies, state, and social and environmental justice.<\/span><\/p>\n\n\n\n<p><span style=\"font-weight: 400\">More work: <\/span><a href=\"https:\/\/linktr.ee\/AnjaliDalmia\"><span style=\"font-weight: 400\">https:\/\/linktr.ee\/AnjaliDalmia<\/span><\/a><span style=\"font-weight: 400\">&nbsp;<\/span><\/p>","protected":false},"excerpt":{"rendered":"<p>Plenary Panel: Critical Research and Activism: Student Protests and Movements Globally Sofia Donoso Sofia Donoso holds an MPhil and a PhD in Development Studies from the University of Oxford. She is an assistant professor of sociology at the Universidad de Chile and a research fellow at the Centre for Social Conflict and Cohesion Studies (COES). [&hellip;]<\/p>","protected":false},"author":555,"featured_media":0,"parent":2220,"menu_order":0,"comment_status":"closed","ping_status":"closed","template":"","meta":{"_acf_changed":false,"footnotes":""},"class_list":["post-2358","page","type-page","status-publish","hentry"],"acf":[],"_links":{"self":[{"href":"https:\/\/www.macalester.edu\/global-citizenship\/wp-json\/wp\/v2\/pages\/2358","targetHints":{"allow":["GET"]}}],"collection":[{"href":"https:\/\/www.macalester.edu\/global-citizenship\/wp-json\/wp\/v2\/pages"}],"about":[{"href":"https:\/\/www.macalester.edu\/global-citizenship\/wp-json\/wp\/v2\/types\/page"}],"author":[{"embeddable":true,"href":"https:\/\/www.macalester.edu\/global-citizenship\/wp-json\/wp\/v2\/users\/555"}],"replies":[{"embeddable":true,"href":"https:\/\/www.macalester.edu\/global-citizenship\/wp-json\/wp\/v2\/comments?post=2358"}],"version-history":[{"count":16,"href":"https:\/\/www.macalester.edu\/global-citizenship\/wp-json\/wp\/v2\/pages\/2358\/revisions"}],"predecessor-version":[{"id":4235,"href":"https:\/\/www.macalester.edu\/global-citizenship\/wp-json\/wp\/v2\/pages\/2358\/revisions\/4235"}],"up":[{"embeddable":true,"href":"https:\/\/www.macalester.edu\/global-citizenship\/wp-json\/wp\/v2\/pages\/2220"}],"wp:attachment":[{"href":"https:\/\/www.macalester.edu\/global-citizenship\/wp-json\/wp\/v2\/media?parent=2358"}],"curies":[{"name":"wp","href":"https:\/\/api.w.org\/{rel}","templated":true}]}}