{"id":203,"date":"2017-10-11T05:00:19","date_gmt":"2017-10-11T05:00:19","guid":{"rendered":"https:\/\/www.macalester.edu\/160-latin-american-studies\/publicationsawards\/"},"modified":"2026-03-03T14:43:59","modified_gmt":"2026-03-03T14:43:59","slug":"publicationsawards","status":"publish","type":"page","link":"https:\/\/www.macalester.edu\/latin-american-studies\/studentopportunities\/publicationsawards\/","title":{"rendered":"Publications and Awards"},"content":{"rendered":"<accordion-container\n    tag=\"section\"\n    class=\"accordion-group block-container\"\n    >\t\n\t<div class=\"accordion-group__outer\">\n\t    \t    <ul class=\"accordion-group__list\">\n\t        \t            <li class=\"accordion-group__list-item\">\n\t                <accordion-container-header\n\t                    tag=\"h3\"\n\t                    class=\"accordion-group__item-heading\"\n\t                >\n\t                    <accordion-container-header-button\n\t                        class=\"accordion-group__heading-button\"\n\t                        controls=\"accordion-group-1\"\n\t                        id=\"accordion-group-heading-button-1\"\n\t                    >\n\t                        <span class=\"accordion-group__button-text\">Awards<\/span>\n\t                        <span class=\"accordion-group__icon-wrap\">\n\t                        \t<svg aria-hidden=\"true\" class=\"base-symbol accordion-group__button-icon\" viewbox=\"0 0 12 12\" xmlns=\"http:\/\/www.w3.org\/2000\/svg\">\n\t\t\t\t\t\t\t\t    <use xlink:href=\"\/wp-content\/themes\/macalester-2020\/dist\/svgs\/symbol-plus-small.svg#icon\"\/>\n\t\t\t\t\t\t\t\t<\/svg>\n\t                        <\/span>\n\t                    <\/accordion-container-header-button>\n\t                <\/accordion-container-header>\n\t                <accordion-container-panel\n\t                    id=\"accordion-group-1\"\n\t                    class=\"accordion-group__item-panel\"\n\t                >\n\t                    <div class=\"accordion-group__item-panel-inner\">\n\t                        <p><p><!-- wp:paragraph --><\/p>\n<p><strong>Liliana Olivo Brunner &#8217;22<\/strong>, has received a Fulbright award to conduct research in history in Brazil.<\/p>\n<p><!-- \/wp:paragraph --> <!-- wp:paragraph --><\/p>\n<p><strong>Georgia Gempler &#8217;17<\/strong>, has received a\u00a0<span class=\"m_-9158423140901525792m_2300264422237809747gmail-il\"><span class=\"il\">Fulbright<\/span><\/span>\u00a0ETA award to teach in Brazil starting in February 2018, in Sobral, Cear\u00e1 state.<\/p>\n<p><!-- \/wp:paragraph --> <!-- wp:paragraph --><\/p>\n<p><strong>Natalie Kronebusch<\/strong> <strong>\u201917<\/strong>, has received Fulbright ETA fellowship in Brazil.<\/p>\n<p><!-- \/wp:paragraph --> <!-- wp:paragraph --><\/p>\n<p><strong>Wei Fen Rachel Tan &#8217;17<\/strong>, recipient of the 2017 Presidential Leadership Award.<\/p>\n<p><!-- \/wp:paragraph --> <!-- wp:paragraph --><\/p>\n<p><strong>Diego Melo Ascensio,<\/strong> won a four-year <span class=\"il\">Fulbright<\/span> to pursue a PhD in Latin American geography at Colorado University.<\/p>\n<p><!-- \/wp:paragraph --> <!-- wp:paragraph --><\/p>\n<p><strong>Ilana Budenosky &#8217;17, <\/strong>received the Hamre Award. The award honors students who live out the mission of the college not only by promoting one or more of Macalester\u2019s stated values, but also by demonstrating a genuine love of the community through service to the college.<\/p>\n<p><!-- \/wp:paragraph --> <!-- wp:paragraph --><\/p>\n<p><strong>Georgia Gempler &#8217;17,\u00a0<\/strong> won Macalester&#8217;s Global Citizenship award as well as an award for Student Educator of the Year.<\/p>\n<p><!-- \/wp:paragraph --> <!-- wp:paragraph --><\/p>\n<p><strong>Elsa Goossen, <\/strong>Gateway Prize for\u00a0Excellent\u00a0Writing in the Fine Arts Division for\u00a0<em>Border Songs:\u00a0 Supporting Transnational Freedoms?\u00a0<\/em>(2015).<\/p>\n<p><!-- \/wp:paragraph --> <!-- wp:paragraph --><\/p>\n<p><strong>Caroline Davidson,\u00a0<\/strong>First Place Term Paper, Minnesota Economic Association Undergraduate Student Paper Contest (2012).<\/p>\n<p><!-- \/wp:paragraph --> <!-- wp:paragraph --><\/p>\n<p><strong>Julia Smith &#8217;11<\/strong>, won the Princeton in Latin America fellowship (2012-13)<\/p>\n<p><!-- \/wp:paragraph --><\/p><\/p>\n\t                    <\/div>\n\t                <\/accordion-container-panel>\n\t            <\/li>\n\t        \t            <li class=\"accordion-group__list-item\">\n\t                <accordion-container-header\n\t                    tag=\"h3\"\n\t                    class=\"accordion-group__item-heading\"\n\t                >\n\t                    <accordion-container-header-button\n\t                        class=\"accordion-group__heading-button\"\n\t                        controls=\"accordion-group-2\"\n\t                        id=\"accordion-group-heading-button-2\"\n\t                    >\n\t                        <span class=\"accordion-group__button-text\">Student Publications<\/span>\n\t                        <span class=\"accordion-group__icon-wrap\">\n\t                        \t<svg aria-hidden=\"true\" class=\"base-symbol accordion-group__button-icon\" viewbox=\"0 0 12 12\" xmlns=\"http:\/\/www.w3.org\/2000\/svg\">\n\t\t\t\t\t\t\t\t    <use xlink:href=\"\/wp-content\/themes\/macalester-2020\/dist\/svgs\/symbol-plus-small.svg#icon\"\/>\n\t\t\t\t\t\t\t\t<\/svg>\n\t                        <\/span>\n\t                    <\/accordion-container-header-button>\n\t                <\/accordion-container-header>\n\t                <accordion-container-panel\n\t                    id=\"accordion-group-2\"\n\t                    class=\"accordion-group__item-panel\"\n\t                >\n\t                    <div class=\"accordion-group__item-panel-inner\">\n\t                        <p><p><!-- wp:paragraph --><\/p>\n<p><strong>Leif Johnson<\/strong>.\u00a0 2011.\u00a0 &#8220;<a href=\"http:\/\/onlinelibrary.wiley.com\/doi\/10.1111\/anti.12151\/abstract\">Material Interventions on the US\u2013Mexico Border: Investigating a Sited Politics of Migrant Solidarity<\/a>.&#8221;\u00a0 <em>Antipode<\/em> (April).<\/p>\n<p><!-- \/wp:paragraph --> <!-- wp:paragraph --><\/p>\n<p><strong>Julia Smith<\/strong>.\u00a0 2011.\u00a0 &#8220;The Essential Role of Education in the Microfinance Strategy: A Commentary on Contemporary Neoliberalism.&#8221;\u00a0<em>Journal of Undergraduate International Studies<\/em>, Vol. 11 (Fall): 64-75.<\/p>\n<p><!-- \/wp:paragraph --><\/p><\/p>\n\t                    <\/div>\n\t                <\/accordion-container-panel>\n\t            <\/li>\n\t        \t            <li class=\"accordion-group__list-item\">\n\t                <accordion-container-header\n\t                    tag=\"h3\"\n\t                    class=\"accordion-group__item-heading\"\n\t                >\n\t                    <accordion-container-header-button\n\t                        class=\"accordion-group__heading-button\"\n\t                        controls=\"accordion-group-3\"\n\t                        id=\"accordion-group-heading-button-3\"\n\t                    >\n\t                        <span class=\"accordion-group__button-text\">Conference Presentations<\/span>\n\t                        <span class=\"accordion-group__icon-wrap\">\n\t                        \t<svg aria-hidden=\"true\" class=\"base-symbol accordion-group__button-icon\" viewbox=\"0 0 12 12\" xmlns=\"http:\/\/www.w3.org\/2000\/svg\">\n\t\t\t\t\t\t\t\t    <use xlink:href=\"\/wp-content\/themes\/macalester-2020\/dist\/svgs\/symbol-plus-small.svg#icon\"\/>\n\t\t\t\t\t\t\t\t<\/svg>\n\t                        <\/span>\n\t                    <\/accordion-container-header-button>\n\t                <\/accordion-container-header>\n\t                <accordion-container-panel\n\t                    id=\"accordion-group-3\"\n\t                    class=\"accordion-group__item-panel\"\n\t                >\n\t                    <div class=\"accordion-group__item-panel-inner\">\n\t                        <p><p><!-- wp:paragraph --><\/p>\n<p><strong>Wei Fen Rachel Tan &#8217;17<\/strong>, presented at the Latin American Studies Student Association (ILASSA) <span class=\"il\">Conference.<\/span><\/p>\n<p><!-- \/wp:paragraph --> <!-- wp:paragraph --><\/p>\n<p><strong>Georgia Gempler &#8217;17<\/strong>, presented at the Conference of Latin Americanist Geographers (CLAG).<\/p>\n<p><!-- \/wp:paragraph --> <!-- wp:paragraph --><\/p>\n<p><strong>Adan Martinez &#8217;16<\/strong>, <span class=\"il\">presented at the Latin American Studies Student Association (ILASSA) Conference.<\/span><\/p>\n<p><!-- \/wp:paragraph --> <!-- wp:paragraph --><\/p>\n<p><strong>Francesca Zepeda &#8217;16<\/strong>, presented at the Latin American Studies Student Association (ILASSA) Conference.<\/p>\n<p><!-- \/wp:paragraph --> <!-- wp:paragraph --><\/p>\n<p><strong>Francesca Zepeda &#8217;16<\/strong>, presented at the North Central Council of Latin Americanists (NCCLA) Conference.<\/p>\n<p><!-- \/wp:paragraph --> <!-- wp:paragraph --><\/p>\n<p><strong>Professor Paul Dosh and Julia Smith &#8217;11 win research award<\/strong>.\u00a0 At the 2014 meeting of the North Central Council of Latin Americanists, Dosh and Smith&#8217;s paper, &#8220;Metropolitan Mayors Against Neoliberalism?\u00a0 Urban Development and the Left in Lima and Mexico City,&#8221; received the Kersten Professional Research Award for the paper best contributing to new knowledge of Latin America.<\/p>\n<p><!-- \/wp:paragraph --> <!-- wp:paragraph --><\/p>\n<p><strong>Marian Michaels &#8220;<\/strong>La revoluci\u00f3n ser\u00e1 feminista o no ser\u00e1\u201d: La maracha de las putas, art, and intersectional feminism in Ecuador,&#8221; paper presented at\u00a0Institute of Latin American Studies Student Association, University of Texas (February 2015)<\/p>\n<p><!-- \/wp:paragraph --> <!-- wp:paragraph --><\/p>\n<p><strong>Jeanne Stuart <\/strong>\u201cPolitical Agency in the Era of Obama and Evo: Local Legacies of Contestation in Atlanta and La Paz,\u201d paper presented at the Institute of Latin American Studies Student Association, University of Texas (February 2014).<\/p>\n<p><!-- \/wp:paragraph --> <!-- wp:paragraph --><\/p>\n<p><strong>Rebecca Jackson\u00a0<\/strong>\u201cBroadcasting Decolonization: Community Media in El Alto, Bolivia,\u201d paper presented at the Institute of Latin American Studies Student Association, University of Texas (February 2013).<\/p>\n<p><!-- \/wp:paragraph --> <!-- wp:paragraph --><\/p>\n<p><strong>Leif Johnson<\/strong>, \u201cConcientizaci\u00f3n: Framing Processes and Mobilization in the Migrant Solidarity Movement,\u201d paper presented at the Institute of Latin American Studies Student Association, University of Texas (February 3-5, 2011).<\/p>\n<p><!-- \/wp:paragraph --><\/p><\/p>\n\t                    <\/div>\n\t                <\/accordion-container-panel>\n\t            <\/li>\n\t        \t            <li class=\"accordion-group__list-item\">\n\t                <accordion-container-header\n\t                    tag=\"h3\"\n\t                    class=\"accordion-group__item-heading\"\n\t                >\n\t                    <accordion-container-header-button\n\t                        class=\"accordion-group__heading-button\"\n\t                        controls=\"accordion-group-4\"\n\t                        id=\"accordion-group-heading-button-4\"\n\t                    >\n\t                        <span class=\"accordion-group__button-text\">Student-Faculty Collaboration<\/span>\n\t                        <span class=\"accordion-group__icon-wrap\">\n\t                        \t<svg aria-hidden=\"true\" class=\"base-symbol accordion-group__button-icon\" viewbox=\"0 0 12 12\" xmlns=\"http:\/\/www.w3.org\/2000\/svg\">\n\t\t\t\t\t\t\t\t    <use xlink:href=\"\/wp-content\/themes\/macalester-2020\/dist\/svgs\/symbol-plus-small.svg#icon\"\/>\n\t\t\t\t\t\t\t\t<\/svg>\n\t                        <\/span>\n\t                    <\/accordion-container-header-button>\n\t                <\/accordion-container-header>\n\t                <accordion-container-panel\n\t                    id=\"accordion-group-4\"\n\t                    class=\"accordion-group__item-panel\"\n\t                >\n\t                    <div class=\"accordion-group__item-panel-inner\">\n\t                        <p><p><!-- wp:paragraph --><\/p>\n<p><strong>Paul Dosh, Julia Smith, and Ximena Rodr\u00edguez Medina, <\/strong><a class=\"external\" href=\"https:\/\/nacla.org\/news\/2014\/11\/25\/lima%E2%80%99s-leftist-mayor-defeated-four-years-right-wing-attacks-0\">\u201cLima\u2019s Leftist Mayor Defeated by Four Years of Right-Wing Attacks,\u201d<\/a>\u00a0<em>NACLA: North American Congress on Latin America<\/em>\u00a0(November 25, 2014).<\/p>\n<p><!-- \/wp:paragraph --> <!-- wp:paragraph --><\/p>\n<p><strong>Julia Smith and\u00a0Paul\u00a0Dosh<\/strong>, <a class=\"external\" href=\"https:\/\/nacla.org\/news\/2014\/10\/5\/choosing-lima%E2%80%99s-new-mayor-amid-scandal-and-transit-reform\">\u201cChoosing Lima\u2019s New Mayor amid Scandal and Transit Reform,\u201d<\/a>\u00a0<em>NACLA: North American Congress on Latin America<\/em>\u00a0(October 1, 2014).<\/p>\n<p><!-- \/wp:paragraph --> <!-- wp:paragraph --><\/p>\n<p><strong>Paul\u00a0Dosh\u00a0and Julia Smith<\/strong>, <a class=\"external\" href=\"https:\/\/nacla.org\/news\/2014\/8\/27\/what-happened-progressive-politics-lima\">\u201cWhat Happened to Progressive Politics?\u201d<\/a>\u00a0<em>NACLA: North American Congress on Latin America<\/em>\u00a0(August 27, 2014).<\/p>\n<p><!-- \/wp:paragraph --> <!-- wp:paragraph --><\/p>\n<p><strong>Paul Dosh and Nicole Kligerman<\/strong>. \u201cWomen\u2019s Voices on the Executive Council: Popular Organizations and Resource Battles in Bolivia and Ecuador,\u201d Latin American Perspectives 37, 4 (July 2010): 214-237.<\/p>\n<p><!-- \/wp:paragraph --> <!-- wp:paragraph --><\/p>\n<p><strong>Paul Dosh, Nicole Kligerman, James Lerager, and Jes\u00fas Valencia<\/strong>. <a class=\"external\" href=\"http:\/\/www.webphotoessay.com\/LL\/MujeresLideres-WomenLeaders.html\">\u201cPortraits of Leadership: Women and Resource Battles in Bolivia and Ecuador,\u201d<\/a> Documentary Photography &amp; Research Project (October 2010).<\/p>\n<p><!-- \/wp:paragraph --> <!-- wp:paragraph --><\/p>\n<p><strong>Paul Dosh and Nicole Kligerman<\/strong>. <a class=\"external\" href=\"https:\/\/nacla.org\/article\/correa-vs-social-movements-showdown-ecuador\">\u201cCorrea vs. Social Movements: Showdown in Ecuador,\u201d<\/a> NACLA Report on the Americas 42, 5 (September 2009): 21-24. <a class=\"external\" href=\"https:\/\/nacla.org\/node\/6319\">\u201cCorrea vs. Movimientos Sociales: Conflicto en Ecuador,\u201d<\/a>\u00a0translated by C\u00e9sar Flores.<\/p>\n<p><!-- \/wp:paragraph --> <!-- wp:paragraph --><\/p>\n<p><strong>Paul Dosh and Nicole Kligerman<\/strong>. <a class=\"external\" href=\"https:\/\/nacla.org\/node\/6095\">\u201cUnder Fire: Ecuador\u2019s Acci\u00f3n Ecol\u00f3gica,\u201d<\/a> NACLA Report on the Americas 42, 5 (September 2009). \u00a0<a class=\"external\" href=\"https:\/\/nacla.org\/node\/6318\">\u201cBajo Fuego: Acci\u00f3n Ecol\u00f3gica de Ecuador,\u201d<\/a>\u00a0translated by C\u00e9sar Flores.<\/p>\n<p><!-- \/wp:paragraph --><\/p><\/p>\n\t                    <\/div>\n\t                <\/accordion-container-panel>\n\t            <\/li>\n\t        \t            <li class=\"accordion-group__list-item\">\n\t                <accordion-container-header\n\t                    tag=\"h3\"\n\t                    class=\"accordion-group__item-heading\"\n\t                >\n\t                    <accordion-container-header-button\n\t                        class=\"accordion-group__heading-button\"\n\t                        controls=\"accordion-group-5\"\n\t                        id=\"accordion-group-heading-button-5\"\n\t                    >\n\t                        <span class=\"accordion-group__button-text\">Faculty News<\/span>\n\t                        <span class=\"accordion-group__icon-wrap\">\n\t                        \t<svg aria-hidden=\"true\" class=\"base-symbol accordion-group__button-icon\" viewbox=\"0 0 12 12\" xmlns=\"http:\/\/www.w3.org\/2000\/svg\">\n\t\t\t\t\t\t\t\t    <use xlink:href=\"\/wp-content\/themes\/macalester-2020\/dist\/svgs\/symbol-plus-small.svg#icon\"\/>\n\t\t\t\t\t\t\t\t<\/svg>\n\t                        <\/span>\n\t                    <\/accordion-container-header-button>\n\t                <\/accordion-container-header>\n\t                <accordion-container-panel\n\t                    id=\"accordion-group-5\"\n\t                    class=\"accordion-group__item-panel\"\n\t                >\n\t                    <div class=\"accordion-group__item-panel-inner\">\n\t                        <p><p><!-- wp:paragraph --><\/p>\n<p><strong>Professor Amy Damon<\/strong> receives <a href=\"https:\/\/www.macalester.edu\/news\/2023\/04\/professor-amy-damon-receives-jack-and-marty-rossmann-excellence-in-teaching-award\/\">Jack and Marty Rossmann Excellence in Teaching Award (2023)<\/a><\/p>\n<p><!-- \/wp:paragraph --> <!-- wp:paragraph --><\/p>\n<p><strong>Professor Erika Busse-C\u00e1rdenas <\/strong>is\u00a02023 <a href=\"https:\/\/usmex.ucsd.edu\/fellows\/erika-busse-cardenas.html\">USMEX Fellow<\/a> for\u00a0 with her project &#8220;Reconfigured Motherhood Amid the Securitization of the U.S.-Mexico Border: The Case of DREAMers&#8217; Moms USA-Tijuana&#8221;.<\/p>\n<p><!-- \/wp:paragraph --> <!-- wp:paragraph --><\/p>\n<p><strong>Professor Erika Busse-C\u00e1rdenas<\/strong> receives Outstanding Faculty Mentor Award (2021) for her leadership as an outstanding mentor for Mellon-Mays Undergraduate Fellows and first-generation BIPOC students.<\/p>\n<p><!-- \/wp:paragraph --> <!-- wp:paragraph --><\/p>\n<p><strong>Professor Olga Gonz\u00e1lez <\/strong>was named Associate Dean, Institute for Global Citizenship<\/p>\n<p><!-- \/wp:paragraph --> <!-- wp:paragraph --><\/p>\n<p><strong>Professor Paul Dosh<\/strong> published &#8220;Urban Popular Movements in Latin America&#8221; (2019) in\u00a0<em>Oxford Research Encyclopedia of Politics.\u00a0<\/em>Oxford University Press.<\/p>\n<p><!-- \/wp:paragraph --> <!-- wp:paragraph --><\/p>\n<p><strong>Professor<\/strong> <strong>Ernesto Capello&#8217;s <\/strong><em>Journal of Historical Geography<\/em> article, &#8220;From imperial pyramids to anti colonial sundials: commemorating and contesting French geodesy in Ecuador,&#8221; was nominated and highly commended for the JHG 2018 Essay Prize; In fall 2019, he was the inaugural Phillip Lee Phillips Society Fellow at the Library of Congress&#8217; Geography and Map Room. He is conducting research for his forthcoming book, <em>Mapping Mountains<\/em>.<\/p>\n<p><!-- \/wp:paragraph --> <!-- wp:paragraph --><\/p>\n<p><strong>Professor<\/strong> <strong>Ernesto Capello received a Frederick Burkhardt Residential Fellowship<\/strong> for Recently Tenured Scholars. Burkhardt Fellowships support recently tenured faculty as they pursue long-term projects in the humanities and related social sciences.\u00a0 During the 2017-2018 academic year, Capello was in residence at Columbia University\u2019s Institute of Latin American Studies. He worked on a project titled, &#8220;Equator Imagined: Commemorating Geodesic Science in the Andes<em>.&#8221;<\/em><\/p>\n<p><!-- \/wp:paragraph --> <!-- wp:paragraph --><\/p>\n<p><strong>Professor Alicia Mu\u00f1oz\u00a0<\/strong>was named Associate Dean, Institute for Global Citizenship<\/p>\n<p><!-- \/wp:paragraph --> <!-- wp:paragraph --><\/p>\n<p><strong>Professor Eric Carter <\/strong>received a pair of prestigious grants to support his research and teaching in Latin America: an American Council of Learned Societies (ACLS) Fellowship and a Fulbright U.S. Scholar Award.<\/p>\n<p><!-- \/wp:paragraph --><\/p><\/p>\n\t                    <\/div>\n\t                <\/accordion-container-panel>\n\t            <\/li>\n\t        \t            <li class=\"accordion-group__list-item\">\n\t                <accordion-container-header\n\t                    tag=\"h3\"\n\t                    class=\"accordion-group__item-heading\"\n\t                >\n\t                    <accordion-container-header-button\n\t                        class=\"accordion-group__heading-button\"\n\t                        controls=\"accordion-group-6\"\n\t                        id=\"accordion-group-heading-button-6\"\n\t                    >\n\t                        <span class=\"accordion-group__button-text\">Latin American Studies Award for Excellence and Innovation<\/span>\n\t                        <span class=\"accordion-group__icon-wrap\">\n\t                        \t<svg aria-hidden=\"true\" class=\"base-symbol accordion-group__button-icon\" viewbox=\"0 0 12 12\" xmlns=\"http:\/\/www.w3.org\/2000\/svg\">\n\t\t\t\t\t\t\t\t    <use xlink:href=\"\/wp-content\/themes\/macalester-2020\/dist\/svgs\/symbol-plus-small.svg#icon\"\/>\n\t\t\t\t\t\t\t\t<\/svg>\n\t                        <\/span>\n\t                    <\/accordion-container-header-button>\n\t                <\/accordion-container-header>\n\t                <accordion-container-panel\n\t                    id=\"accordion-group-6\"\n\t                    class=\"accordion-group__item-panel\"\n\t                >\n\t                    <div class=\"accordion-group__item-panel-inner\">\n\t                        <p><p>This award recognizes a Latin American Studies student for academic excellence and scholarly innovation, including original field or archival research.<\/p>\n<p>2025-<span class=\"a_GcMg font-feature-liga-off font-feature-clig-off font-feature-calt-off text-decoration-none text-strikethrough-none\">F\u00e1tima Ortega Barba<\/span><\/p>\n<p>2024-Rio Osorio Nava<\/p>\n<p>2023-Liliana Olivo Brunner<\/p>\n<p>2022-Michael Moreno<\/p>\n<p>2021-Teresa Padr\u00f3n<\/p>\n<p>2020-Susy Morales<\/p>\n<p>2019-Margaret Mischka<\/p>\n<p>2018-Giselle Lora<\/p>\n<p>2017-Georgia Gempler<\/p>\n<p>2016-Francesca Zepeda<\/p>\n<p>2015-Madeleine Blain<\/p>\n<p>2014-Jeanne Stuart<\/p>\n<p>2013- Caroline Davidson<\/p>\n<p>2012-Kaitlyn Henderson<\/p><\/p>\n\t                    <\/div>\n\t                <\/accordion-container-panel>\n\t            <\/li>\n\t        \t            <li class=\"accordion-group__list-item\">\n\t                <accordion-container-header\n\t                    tag=\"h3\"\n\t                    class=\"accordion-group__item-heading\"\n\t                >\n\t                    <accordion-container-header-button\n\t                        class=\"accordion-group__heading-button\"\n\t                        controls=\"accordion-group-7\"\n\t                        id=\"accordion-group-heading-button-7\"\n\t                    >\n\t                        <span class=\"accordion-group__button-text\">James B. Stewart Award for Engaged Scholarship in Latin American Studies<\/span>\n\t                        <span class=\"accordion-group__icon-wrap\">\n\t                        \t<svg aria-hidden=\"true\" class=\"base-symbol accordion-group__button-icon\" viewbox=\"0 0 12 12\" xmlns=\"http:\/\/www.w3.org\/2000\/svg\">\n\t\t\t\t\t\t\t\t    <use xlink:href=\"\/wp-content\/themes\/macalester-2020\/dist\/svgs\/symbol-plus-small.svg#icon\"\/>\n\t\t\t\t\t\t\t\t<\/svg>\n\t                        <\/span>\n\t                    <\/accordion-container-header-button>\n\t                <\/accordion-container-header>\n\t                <accordion-container-panel\n\t                    id=\"accordion-group-7\"\n\t                    class=\"accordion-group__item-panel\"\n\t                >\n\t                    <div class=\"accordion-group__item-panel-inner\">\n\t                        <p><p>This award recognizes a Latin American Studies student with a demonstrated commitment to the integration of scholarship and community engagement. \u00a0The award honors the work of Emeritus History Professor Jim Stewart, founder of Macalester\u2019s Latin American Studies program and an expert on the processes and politics of conquest, labor systems, and slavery in the Americas. \u00a0In 2010 he founded Historians Against Slavery, a 21st century abolitionist group dedicated to harnessing historical knowledge to combat modern slavery.<\/p>\n<p>Nominations invited every year, but may be awarded in alternate years at the discretion of the awards committee.<\/p>\n<p>2025-<span class=\"a_GcMg font-feature-liga-off font-feature-clig-off font-feature-calt-off text-decoration-none text-strikethrough-none\">Leonardo Corral<\/span><\/p>\n<p>2024-Rio Osorio Nava<\/p>\n<p>2023-Zaryn Prussia<\/p>\n<p>2021-Gretta Marston-Lari<\/p>\n<p>2020-Max Danielewicz<\/p>\n<p>2019-Hallie Kircher-Henning<\/p>\n<p>2018-Valentina Hidalgo-Mendoza<\/p>\n<p>2017-Wei Fen Rachel Tan<\/p>\n<p>2017-Maru Melendez Margarida<\/p>\n<p>2016-Adan Martinez<\/p>\n<p>2016-Lena Pransky<\/p>\n<p>2015-Elsa Goossen<\/p>\n<p>2014-Gabriella G\u00f3mez<\/p>\n<p>2013-Isela Xitlali G\u00f3mez Ram\u00edrez<\/p>\n<p>2012-Diego Melo Ascensio<\/p><\/p>\n\t                    <\/div>\n\t                <\/accordion-container-panel>\n\t            <\/li>\n\t        \t    <\/ul>\n\t<\/div>\n<\/accordion-container>","protected":false},"excerpt":{"rendered":"","protected":false},"author":1,"featured_media":0,"parent":189,"menu_order":0,"comment_status":"closed","ping_status":"closed","template":"","meta":{"_acf_changed":false,"footnotes":""},"class_list":["post-203","page","type-page","status-publish","hentry"],"acf":[],"_links":{"self":[{"href":"https:\/\/www.macalester.edu\/latin-american-studies\/wp-json\/wp\/v2\/pages\/203","targetHints":{"allow":["GET"]}}],"collection":[{"href":"https:\/\/www.macalester.edu\/latin-american-studies\/wp-json\/wp\/v2\/pages"}],"about":[{"href":"https:\/\/www.macalester.edu\/latin-american-studies\/wp-json\/wp\/v2\/types\/page"}],"author":[{"embeddable":true,"href":"https:\/\/www.macalester.edu\/latin-american-studies\/wp-json\/wp\/v2\/users\/1"}],"replies":[{"embeddable":true,"href":"https:\/\/www.macalester.edu\/latin-american-studies\/wp-json\/wp\/v2\/comments?post=203"}],"version-history":[{"count":28,"href":"https:\/\/www.macalester.edu\/latin-american-studies\/wp-json\/wp\/v2\/pages\/203\/revisions"}],"predecessor-version":[{"id":877,"href":"https:\/\/www.macalester.edu\/latin-american-studies\/wp-json\/wp\/v2\/pages\/203\/revisions\/877"}],"up":[{"embeddable":true,"href":"https:\/\/www.macalester.edu\/latin-american-studies\/wp-json\/wp\/v2\/pages\/189"}],"wp:attachment":[{"href":"https:\/\/www.macalester.edu\/latin-american-studies\/wp-json\/wp\/v2\/media?parent=203"}],"curies":[{"name":"wp","href":"https:\/\/api.w.org\/{rel}","templated":true}]}}