{"id":23,"date":"2018-01-17T07:14:31","date_gmt":"2018-01-17T07:14:31","guid":{"rendered":"https:\/\/www.macalester.edu\/160-mesic\/facultystaff\/"},"modified":"2026-03-21T19:01:49","modified_gmt":"2026-03-22T00:01:49","slug":"facultystaff","status":"publish","type":"page","link":"https:\/\/www.macalester.edu\/mesic\/facultystaff\/","title":{"rendered":"Faculty &amp; Staff"},"content":{"rendered":"<p><\/p>\n\n\n<div class=\"card card-profile vcard tease tease-profile card-figure card-figure-left\" id=\"tease-74\">\n      <div class=\"card-figure card-figure-padded\">\n\t         <img decoding=\"async\" alt=\"Susanna Drake\" style=\"width: auto; max-width: 100%\" src=\"https:\/\/www.macalester.edu\/mesic\/wp-content\/uploads\/sites\/493\/2019\/03\/susannadrake-150x0-c-default.jpg\" \/>\n\t\t   <\/div>\n   <div class=\"card-body\">\n      <ul>\n         <li class=\"fn\">\n                           <a href=\"https:\/\/www.macalester.edu\/religiousstudies\/facultystaff\/susannadrake\/\">Susanna Drake<\/a>\n                     <\/li>\n         <li class=\"title\">\n            Associate Professor of Religious Studies\n         <\/li>\n\t      \t                  <li class=\"email\"><a class=\"email\" href=\"mailto:sdrake@macalester.edu\" >sdrake@macalester.edu<\/a><\/li>\n\t\t   \t      \t\t  <li>651-696-6544<\/li>\n\t      \t            <\/ul>\n             \n         <\/div>\n\t<\/div>\n\n\n<div class=\"card card-profile vcard tease tease-profile card-figure card-figure-left\" id=\"tease-307\">\n      <div class=\"card-figure card-figure-padded\">\n\t         <img decoding=\"async\" alt=\"Hac\u0131 Osman G\u00fcnd\u00fcz (Ozzy)\" style=\"width: auto; max-width: 100%\" src=\"https:\/\/www.macalester.edu\/mesic\/wp-content\/uploads\/sites\/493\/2026\/03\/IMG_7968-scaled-150x0-c-default.jpeg\" \/>\n\t\t   <\/div>\n   <div class=\"card-body\">\n      <ul>\n         <li class=\"fn\">\n                           <a href=\"https:\/\/www.macalester.edu\/classics\/facultystaff\/haci-gunduz\/\">Hac\u0131 Osman G\u00fcnd\u00fcz (Ozzy)<\/a>\n                     <\/li>\n         <li class=\"title\">\n            Assistant Professor of Arabic Language and Literature\n         <\/li>\n\t               <li class=\"position-description\">Arabic literary history, Ottoman-era Arabic literature, Islamic intellectual history, classical Arabic philology and language pedagogy<\/li>\n\t\t   \t                  <li class=\"email\"><a class=\"email\" href=\"mailto:hgunduz@macalester.edu\" >hgunduz@macalester.edu<\/a><\/li>\n\t\t   \t      \t            <\/ul>\n             \n         <\/div>\n\t<\/div>\n\n\n<div class=\"card card-profile vcard tease tease-profile card-figure card-figure-left\" id=\"tease-58\">\n      <div class=\"card-figure card-figure-padded\">\n\t         <img decoding=\"async\" alt=\"James W. Laine\" style=\"width: auto; max-width: 100%\" src=\"https:\/\/www.macalester.edu\/mesic\/wp-content\/uploads\/sites\/493\/2019\/03\/jameslaine-150x0-c-default.jpg\" \/>\n\t\t   <\/div>\n   <div class=\"card-body\">\n      <ul>\n         <li class=\"fn\">\n                           <a href=\"https:\/\/www.macalester.edu\/religiousstudies\/facultystaff\/jameslaine\/\">James W. Laine<\/a>\n                     <\/li>\n         <li class=\"title\">\n            Arnold H. Lowe Professor of Religious Studies\n         <\/li>\n\t      \t                  <li class=\"email\"><a class=\"email\" href=\"mailto:laine@macalester.edu\" >laine@macalester.edu<\/a><\/li>\n\t\t   \t      \t\t  <li>651-696-6789<\/li>\n\t      \t            <\/ul>\n             \n         <\/div>\n\t<\/div>\n\n\n<div class=\"card card-profile vcard tease tease-profile card-figure card-figure-left\" id=\"tease-27\">\n      <div class=\"card-figure card-figure-padded\">\n\t         <img decoding=\"async\" alt=\"Andrew Latham\" style=\"width: auto; max-width: 100%\" src=\"https:\/\/www.macalester.edu\/mesic\/wp-content\/uploads\/sites\/493\/2018\/01\/andrewlatham-150x0-c-default.jpg\" \/>\n\t\t   <\/div>\n   <div class=\"card-body\">\n      <ul>\n         <li class=\"fn\">\n                           <a href=\"https:\/\/www.macalester.edu\/politicalscience\/facultystaff\/andrewlatham\/\">Andrew Latham<\/a>\n                     <\/li>\n         <li class=\"title\">\n            Professor of Political Science\n         <\/li>\n\t               <li class=\"position-description\">International relations; regional conflict and security; foreign policy; political thought<\/li>\n\t\t   \t                  <li class=\"email\"><a class=\"email\" href=\"mailto:latham@macalester.edu\" >latham@macalester.edu<\/a><\/li>\n\t\t   \t      \t\t  <li>651-696-6549<\/li>\n\t      \t            <\/ul>\n             \n         <\/div>\n\t<\/div>\n\n\n<div class=\"card card-profile vcard tease tease-profile card-figure card-figure-left\" id=\"tease-28\">\n      <div class=\"card-figure card-figure-padded\">\n\t         <img decoding=\"async\" alt=\"David Chioni Moore\" style=\"width: auto; max-width: 100%\" src=\"https:\/\/www.macalester.edu\/mesic\/wp-content\/uploads\/sites\/493\/2018\/01\/davidmoore-150x0-c-default.jpg\" \/>\n\t\t   <\/div>\n   <div class=\"card-body\">\n      <ul>\n         <li class=\"fn\">\n                           <a href=\"https:\/\/www.macalester.edu\/internationalstudies\/facultystaff\/davidmoore\/\">David Chioni Moore<\/a>\n                     <\/li>\n         <li class=\"title\">\n            Associate Professor, International Studies and English\n         <\/li>\n\t               <li class=\"position-description\">Literary interactions in the Black Atlantic world, notably Africa, the Caribbean, and African America; post-colonial and\/as the post-Soviet; comparative literature; cultural theory; globalization.<\/li>\n\t\t   \t                  <li class=\"email\"><a class=\"email\" href=\"mailto:mooredc@macalester.edu\" >mooredc@macalester.edu<\/a><\/li>\n\t\t   \t      \t\t  <li>651-696-6242<\/li>\n\t      \t            <\/ul>\n             \n         <\/div>\n\t<\/div>\n\n\n<div class=\"card card-profile vcard tease tease-profile card-figure card-figure-left\" id=\"tease-99\">\n      <div class=\"card-figure card-figure-padded\">\n\t         <img decoding=\"async\" alt=\"Ahoo Najafian (program co-director)\" style=\"width: auto; max-width: 100%\" src=\"https:\/\/www.macalester.edu\/mesic\/wp-content\/uploads\/sites\/493\/2026\/03\/Najafian-150x0-c-default.jpg\" \/>\n\t\t   <\/div>\n   <div class=\"card-body\">\n      <ul>\n         <li class=\"fn\">\n                           <a href=\"https:\/\/www.macalester.edu\/religious-studies\/facultystaff\/ahoo-najafian\/\">Ahoo Najafian (program co-director)<\/a>\n                     <\/li>\n         <li class=\"title\">\n            Assistant Professor of Religious Studies\n         <\/li>\n\t               <li class=\"position-description\">Persianate Islam, gender, poetry, modernity<\/li>\n\t\t   \t                  <li class=\"email\"><a class=\"email\" href=\"mailto:anajafia@macalester.edu\" >anajafia@macalester.edu<\/a><\/li>\n\t\t   \t      \t\t  <li>651-696-6186<\/li>\n\t      \t            <\/ul>\n             \n         <\/div>\n\t<\/div>\n\n\n<div class=\"card card-profile vcard tease tease-profile card-figure card-figure-left\" id=\"tease-24\">\n      <div class=\"card-figure card-figure-padded\">\n\t         <img decoding=\"async\" alt=\"J. Andrew Overman\" style=\"width: auto; max-width: 100%\" src=\"https:\/\/www.macalester.edu\/mesic\/wp-content\/uploads\/sites\/493\/2018\/01\/andyoverman-150x0-c-default.jpg\" \/>\n\t\t   <\/div>\n   <div class=\"card-body\">\n      <ul>\n         <li class=\"fn\">\n                           <a href=\"https:\/\/www.macalester.edu\/classics\/facultystaff\/andrewoverman\/\">J. Andrew Overman<\/a>\n                     <\/li>\n         <li class=\"title\">\n            Harry M. Drake Distinguished Professor in the Humanities and Fine Arts\n         <\/li>\n\t               <li class=\"position-description\">Archaeology, Ancient Middle East, Ancient Religions<\/li>\n\t\t   \t                  <li class=\"email\"><a class=\"email\" href=\"mailto:overman@macalester.edu\" >overman@macalester.edu<\/a><\/li>\n\t\t   \t      \t\t  <li>651-696-6375<\/li>\n\t      \t            <\/ul>\n             \n         <\/div>\n\t<\/div>\n\n\n<div class=\"card card-profile vcard tease tease-profile card-figure card-figure-left\" id=\"tease-29\">\n      <div class=\"card-figure card-figure-padded\">\n\t         <img decoding=\"async\" alt=\"Khaldoun Samman\" style=\"width: auto; max-width: 100%\" src=\"https:\/\/www.macalester.edu\/mesic\/wp-content\/uploads\/sites\/493\/2018\/01\/khaldounsamman-150x0-c-default.jpg\" \/>\n\t\t   <\/div>\n   <div class=\"card-body\">\n      <ul>\n         <li class=\"fn\">\n                           <a href=\"https:\/\/www.macalester.edu\/sociology\/facultystaff\/khaldounsamman\/\">Khaldoun Samman<\/a>\n                     <\/li>\n         <li class=\"title\">\n            Professor of Sociology\n         <\/li>\n\t               <li class=\"position-description\">Focuses on world historical-comparative and urban sociology, globalization, sociology of religion, and modes of identities in the Middle East<\/li>\n\t\t   \t                  <li class=\"email\"><a class=\"email\" href=\"mailto:samman@macalester.edu\" >samman@macalester.edu<\/a><\/li>\n\t\t   \t      \t\t  <li>651-696-6845<\/li>\n\t      \t            <\/ul>\n             \n         <\/div>\n\t<\/div>\n\n\n<div class=\"card card-profile vcard tease tease-profile card-figure card-figure-left\" id=\"tease-30\">\n      <div class=\"card-figure card-figure-padded\">\n\t         <img decoding=\"async\" alt=\"Beth Severy-Hoven\" style=\"width: auto; max-width: 100%\" src=\"https:\/\/www.macalester.edu\/mesic\/wp-content\/uploads\/sites\/493\/2018\/01\/bethseveryhoven-150x0-c-default.jpg\" \/>\n\t\t   <\/div>\n   <div class=\"card-body\">\n      <ul>\n         <li class=\"fn\">\n                           <a href=\"https:\/\/www.macalester.edu\/classics\/facultystaff\/bethseveryhoven\/\">Beth Severy-Hoven<\/a>\n                     <\/li>\n         <li class=\"title\">\n            Professor and Chair of Classics\n         <\/li>\n\t               <li class=\"position-description\">Roman History, Gender &#038; Sexuality in Ancient Italy, Roman Archaeology<\/li>\n\t\t   \t                  <li class=\"email\"><a class=\"email\" href=\"mailto:severy@macalester.edu\" >severy@macalester.edu<\/a><\/li>\n\t\t   \t      \t\t  <li>651-696-6721<\/li>\n\t      \t            <\/ul>\n             \n         <\/div>\n\t<\/div>\n\n\n<div class=\"card card-profile vcard tease tease-profile card-figure card-figure-left\" id=\"tease-31\">\n      <div class=\"card-figure card-figure-padded\">\n\t         <img decoding=\"async\" alt=\"Jo\u00eblle Vitiello\" style=\"width: auto; max-width: 100%\" src=\"https:\/\/www.macalester.edu\/mesic\/wp-content\/uploads\/sites\/493\/2018\/01\/joellevitiello-150x0-c-default.jpg\" \/>\n\t\t   <\/div>\n   <div class=\"card-body\">\n      <ul>\n         <li class=\"fn\">\n                           <a href=\"https:\/\/www.macalester.edu\/french\/facultystaff\/joellevitiello\/\">Jo\u00eblle Vitiello<\/a>\n                     <\/li>\n         <li class=\"title\">\n            Professor, French and Francophone Studies\n         <\/li>\n\t               <li class=\"position-description\">Focuses on 20th-21st-century French and francophone literature and culture; Haitian literature and culture; French and Francophone Cinema; Postcolonial identities; Immigration; Violence in France and the francophone world.<\/li>\n\t\t   \t                  <li class=\"email\"><a class=\"email\" href=\"mailto:vitiello@macalester.edu\" >vitiello@macalester.edu<\/a><\/li>\n\t\t   \t      \t\t  <li>651-696-6412<\/li>\n\t      \t            <\/ul>\n             \n         <\/div>\n\t<\/div>\n\n\n<div class=\"card card-profile vcard tease tease-profile card-figure card-figure-left\" id=\"tease-102\">\n      <div class=\"card-figure card-figure-padded\">\n\t         <img decoding=\"async\" alt=\"Serdar Yal\u00e7in (program co-director)\" style=\"width: auto; max-width: 100%\" src=\"https:\/\/www.macalester.edu\/mesic\/wp-content\/uploads\/sites\/493\/2019\/04\/Yalcin_Serdar600-150x0-c-default.jpg\" \/>\n\t\t   <\/div>\n   <div class=\"card-body\">\n      <ul>\n         <li class=\"fn\">\n                           <a href=\"https:\/\/www.macalester.edu\/art\/facultystaff\/serdaryalcin\/\">Serdar Yal\u00e7in (program co-director)<\/a>\n                     <\/li>\n         <li class=\"title\">\n            Associate Professor Ancient and Medieval Art History\n         <\/li>\n\t               <li class=\"position-description\">His research interests include art and identity, gender and representation, artistic interconnections in the ancient world, and western antiquarianism and the formation of the European and American antiquities collections.<\/li>\n\t\t   \t                  <li class=\"email\"><a class=\"email\" href=\"mailto:syalcin@macalester.edu\" >syalcin@macalester.edu<\/a><\/li>\n\t\t   \t      \t\t  <li>651-696-6924<\/li>\n\t      \t            <\/ul>\n             \n         <\/div>\n\t<\/div>","protected":false},"excerpt":{"rendered":"","protected":false},"author":1,"featured_media":0,"parent":0,"menu_order":0,"comment_status":"open","ping_status":"open","template":"","meta":{"_acf_changed":false,"footnotes":""},"class_list":["post-23","page","type-page","status-publish","hentry"],"acf":[],"_links":{"self":[{"href":"https:\/\/www.macalester.edu\/mesic\/wp-json\/wp\/v2\/pages\/23","targetHints":{"allow":["GET"]}}],"collection":[{"href":"https:\/\/www.macalester.edu\/mesic\/wp-json\/wp\/v2\/pages"}],"about":[{"href":"https:\/\/www.macalester.edu\/mesic\/wp-json\/wp\/v2\/types\/page"}],"author":[{"embeddable":true,"href":"https:\/\/www.macalester.edu\/mesic\/wp-json\/wp\/v2\/users\/1"}],"replies":[{"embeddable":true,"href":"https:\/\/www.macalester.edu\/mesic\/wp-json\/wp\/v2\/comments?post=23"}],"version-history":[{"count":25,"href":"https:\/\/www.macalester.edu\/mesic\/wp-json\/wp\/v2\/pages\/23\/revisions"}],"predecessor-version":[{"id":349,"href":"https:\/\/www.macalester.edu\/mesic\/wp-json\/wp\/v2\/pages\/23\/revisions\/349"}],"wp:attachment":[{"href":"https:\/\/www.macalester.edu\/mesic\/wp-json\/wp\/v2\/media?parent=23"}],"curies":[{"name":"wp","href":"https:\/\/api.w.org\/{rel}","templated":true}]}}