{"id":196,"date":"2017-10-16T22:07:18","date_gmt":"2017-10-16T22:07:18","guid":{"rendered":"https:\/\/www.macalester.edu\/160-music\/morgansleeper\/"},"modified":"2024-07-09T17:29:14","modified_gmt":"2024-07-09T17:29:14","slug":"morgansleeper","status":"publish","type":"page","link":"https:\/\/www.macalester.edu\/music\/courses\/coursepages\/ethnomusicology\/morgansleeper\/","title":{"rendered":"Morgan Sleeper"},"content":{"rendered":"<figure class=\"wp-block-video\"><video controls src=\"https:\/\/www.macalester.edu\/music\/wp-content\/uploads\/sites\/593\/2011\/09\/2_lamh_lamh_eile.mp4\"><\/video><\/figure>\n\n\n\n<h2 class=\"wp-block-heading\">Ceol Traidisi\u00fanta na Cathracha Ch\u00fapla: Irish Music in the Twin Cities<\/h2>\n\n\n\n<p>By Morgan Sleeper<\/p>\n\n\n\n<figure class=\"wp-block-audio\"><audio controls src=\"https:\/\/www.macalester.edu\/music\/wp-content\/uploads\/sites\/593\/2011\/09\/baidin_fheidhlimidh.mp3\"><\/audio><\/figure>\n\n\n\n<figure class=\"wp-block-image size-full\"><img loading=\"lazy\" decoding=\"async\" width=\"300\" height=\"199\" src=\"https:\/\/www.macalester.edu\/music\/wp-content\/uploads\/sites\/593\/2011\/09\/1_celticjunction.jpg\" alt=\"celtic junction\" class=\"wp-image-54\" \/><\/figure>\n\n\n\n<p>When I set out to research Irish music in the Twin Cities, I was at first overwhelmed by the vibrant scene that seemed to belie these cities\u2019 prairie location and marginal status in the Irish diaspora. Narrowing my focus a bit, I discovered a musical locus in St. Paul called the Celtic Junction, a meeting place for Irish musicians from the Twin Cities and beyond. In Ethnomusicology we like to talk about \u2018music as culture\u2019 &#8211; the Celtic Junction is an example of what we might call \u2018music as cultural center\u2019. Housing not just only Center for Irish Music but also dance schools of both Irish and Scottish traditions, Irish art, Irish language classes and scholars, as well as community and after-school programs, the Celtic Junction is a unique hybrid of musical institute and community center.<\/p>\n\n\n\n<p>While I was there, I was fortunate enough to attend a sean-n\u00f3s singing workshop for children taught by \u00c1ine Meenaghan, a world-class Irish singer living in Chicago. Sean-n\u00f3s simply means \u201cold-style\u201d in Irish, but it refers to a particular type of singing characterised by unaccompanied, unamplified solo voice, highly ornamented melodic lines, and an often mournful or lamenting tone. It\u2019s also strongly associated with the Irish language. The format of the workshop revealed an important characteristic of Irish music in the Twin Cities: it is very much an aural tradition. \u00c1ine would sing us a song, go over the lyrics (which were mostly in Irish) with us, and then we\u2019d all sing it together. No sheet music, no printed charts; we were taught sean-n\u00f3s just as it would have been handed down in Ireland traditionally.<\/p>\n\n\n\n<p>After the workshop, I got the chance to speak with some of the kids about their experiences learning Irish music. Both Mana and Henry emphasized the fact that they learned by ear, and though neither one of them professed to enjoy this technique, it must have worked &#8211; all the kids picked up \u00c1ine\u2019s songs with amazing ease. The aural learning process extends to their instrumental practice as well. Mana said that her fiddle lessons are taught without sheet music, and Henry is currently learning how to play \u201cMary Had A Little Lamb\u201d on his tin whistle by ear. They also emphasized family involvement: Mana\u2019s father is an Irish singer, and her uncle makes harps at the Celtic Junction. There are even family Irish language classes offered, where children and parents can learn together. And both Mana and Henry epitomized the culturally integrated model of Irish music in the Twin Cities: Henry first got interested in Irish music through Irish dance at the Celtic Junction, and now takes language classes as well, and Mana also does dance and language classes in addition to fiddle and singing.<\/p>\n\n\n\n<p>Following the culturally holistic approach of the entire Celtic Junction, individual classes integrate different aspects of Irish culture in their teaching methods as well. One of the ways in which this is manifested is in the use of songs to teach the Irish language. The children learn traditional Irish-language folk songs not only for their intrinsic musical value, but also because of the enormous help they provide with pronouncing Irish. Tom Jeffers, the Irish teacher at the Celtic Junction, said that when his students are presented with the language on paper, they often freeze up worrying about pronunciation. When singing songs, however, \u201cthey don\u2019t think about it, they just go for it\u201d as if they were learning a song in English. The kids got to sing one of their Irish language songs, \u201cB\u00e1id\u00edn Fheidhlimidh\u201d, for \u00c1ine at the workshop, and Tom was right about their pronunciation!<\/p>\n\n\n\n<p>Besides using traditional songs in his classes, Tom also uses original compositions to help teach his students Irish. One example is his version of \u201cL\u00e1mh, L\u00e1mh Eile\u201d. The original rhyme is the Irish equivalent of \u201cHead, Shoulders, Knees &amp; Toes\u201d, which is said without an accompanying melody. Tom set these words to the chorus from the song \u201cA Pair of Brown Eyes\u201d by The Pogues (a hugely influential Irish punk-band from the 1980\u2019s and 90\u2019s, based in London), and the result can be seen in the following video. He uses this song with his students (whose ages range between 3 and 14) and says that it\u2019s \u201creally stuck with them\u201d, and helps with pronunciation as well as vocabulary.<\/p>\n\n\n\n<p>Through my fieldwork at the Celtic Junction, I discovered that Irish music in the Twin Cities is community based, aurally transmitted, and culturally integrated. This culturally holistic approach music makes perfect sense in an environment like the Twin Cities, where Irish music is geographically far removed from the original cultural context in which it would have been played, learned, and taught.<\/p>\n\n\n\n<p><em>The Celtic Junction (http:\/\/thecelticjunction.com\/) and the Center for Irish Music (http:\/\/www.centerforirishmusic.org\/) are located in the Midway neighborhood of St. Paul, MN. You can read more about \u00c1ine Meenaghan and her singing here (http:\/\/www.singclub.org\/aine_meenaghan.shtml), and sample and purchase her album Thug M\u00e9 Gr\u00e1 Duit through CD Baby, here (http:\/\/www.cdbaby.com\/cd\/ainemeenaghan). Tom Jeffers is a Fullbright Language Teaching Assistant teacher and has taught Irish at the University of St. Thomas and the Celtic Junction.<\/em><\/p>\n\n\n\n<figure class=\"wp-block-image\"><img decoding=\"async\" src=\"https:\/\/www.macalester.edu\/music\/wp-content\/uploads\/sites\/593\/2011\/09\/2_centerforirishmusic.jpg\" alt=\"Celtic Junction 2\" \/><\/figure>","protected":false},"excerpt":{"rendered":"<p>Ceol Traidisi\u00fanta na Cathracha Ch\u00fapla: Irish Music in the Twin Cities By Morgan Sleeper When I set out to research Irish music in the Twin Cities, I was at first overwhelmed by the vibrant scene that seemed to belie these cities\u2019 prairie location and marginal status in the Irish diaspora. Narrowing my focus a bit, [&hellip;]<\/p>","protected":false},"author":913,"featured_media":0,"parent":191,"menu_order":0,"comment_status":"open","ping_status":"open","template":"","meta":{"_acf_changed":false,"footnotes":""},"class_list":["post-196","page","type-page","status-publish","hentry"],"acf":[],"_links":{"self":[{"href":"https:\/\/www.macalester.edu\/music\/wp-json\/wp\/v2\/pages\/196","targetHints":{"allow":["GET"]}}],"collection":[{"href":"https:\/\/www.macalester.edu\/music\/wp-json\/wp\/v2\/pages"}],"about":[{"href":"https:\/\/www.macalester.edu\/music\/wp-json\/wp\/v2\/types\/page"}],"author":[{"embeddable":true,"href":"https:\/\/www.macalester.edu\/music\/wp-json\/wp\/v2\/users\/913"}],"replies":[{"embeddable":true,"href":"https:\/\/www.macalester.edu\/music\/wp-json\/wp\/v2\/comments?post=196"}],"version-history":[{"count":3,"href":"https:\/\/www.macalester.edu\/music\/wp-json\/wp\/v2\/pages\/196\/revisions"}],"predecessor-version":[{"id":1913,"href":"https:\/\/www.macalester.edu\/music\/wp-json\/wp\/v2\/pages\/196\/revisions\/1913"}],"up":[{"embeddable":true,"href":"https:\/\/www.macalester.edu\/music\/wp-json\/wp\/v2\/pages\/191"}],"wp:attachment":[{"href":"https:\/\/www.macalester.edu\/music\/wp-json\/wp\/v2\/media?parent=196"}],"curies":[{"name":"wp","href":"https:\/\/api.w.org\/{rel}","templated":true}]}}