{"id":246,"date":"2017-10-17T19:33:00","date_gmt":"2017-10-17T19:33:00","guid":{"rendered":"https:\/\/www.macalester.edu\/160-political-science\/espanol\/"},"modified":"2025-06-29T00:20:07","modified_gmt":"2025-06-29T00:20:07","slug":"paul-dosh-espanol","status":"publish","type":"page","link":"https:\/\/www.macalester.edu\/political-science\/paul-dosh-espanol\/","title":{"rendered":"Paul Dosh (Espa\u00f1ol)"},"content":{"rendered":"<p>Investigador y Profesor de Ciencia Pol\u00edtica y Estudios Latinoamericanos<br>PhD, Universidad de California en Berkeley<br>BA, Carleton College<br><br>Pol\u00edtica comparada, pol\u00edtica latinoamericana, pol\u00edtica urbana, movimientos sociales<\/p>\n\n\n\n<figure class=\"wp-block-image alignleft size-full is-resized\"><img loading=\"lazy\" decoding=\"async\" width=\"518\" height=\"624\" src=\"https:\/\/www.macalester.edu\/political-science\/wp-content\/uploads\/sites\/589\/2025\/06\/image.png\" alt=\"\" class=\"wp-image-2735\" style=\"width:96px;height:auto\" srcset=\"https:\/\/www.macalester.edu\/political-science\/wp-content\/uploads\/sites\/589\/2025\/06\/image.png 518w,  https:\/\/www.macalester.edu\/political-science\/wp-content\/uploads\/sites\/589\/2025\/06\/image-249x300.png 249w\" sizes=\"auto, (max-width: 518px) 100vw, 518px\" \/><\/figure>\n\n\n\n<p>Carnegie Hall, 203H<br>Tel\u00e9fono: +1 651-696-6776<br><a href=\"mailto:dosh@macalester.edu\">dosh@macalester.edu<\/a><\/p>\n\n\n\n<p><a href=\"https:\/\/www.macalester.edu\/political-science\/facultystaff\/pauldosh\/\">P\u00e1gina En Ingl\u00e9s<\/a><a href=\"http:\/\/webdb.macalester.edu\/contentAsset\/raw-data\/3988f331-d48c-4f00-9637-3c15a544b1a1\/curriculumVitae\/fcfcd104-28ff-4b8b-a2e2-078daaa0652c?force_download=1&amp;filename=PaulDoshcv.pdf\"><br><\/a><\/p>\n\n\n\n<p>Paul (Pablo) Dosh ha impartido diversos cursos en Macalester College desde el 2004 y previamente en Carleton College y la Universidad de California en Berkeley. Dosh\u2014becario de Fulbright-Hays\u2014ha sido el recipiente de varios premios de ense\u00f1anza. Entre sus trabajos acad\u00e9micos, como experto en pol\u00edtica latinoamericana y movimientos sociales, se encuentra&nbsp;<a href=\"http:\/\/www.psupress.org\/books\/titles\/978-0-271-03707-3.html\"><em>Demanding the Land: Urban Popular Movements in Peru and Ecuador<\/em><\/a> (Pennsylvania State University Press).&nbsp;Sus art\u00edculos han sido publicados en <em>Journal of Latin American Studies<\/em>, <em>Latin American Perspectives<\/em>, <em>Latin American Politics and Society<\/em>, <em>Mobilizing Ideas<\/em>, <em>NACLA Report on the Americas<\/em>, <em>Oxford Research Encyclopedia of Politics<\/em>, <em>Perspectives on Politics<\/em>, <em>Political Science Educator<\/em> y <em>PS: Political Science &amp; Politics<\/em>. Por \u00faltimo, del 2011 al 2014 dirigi\u00f3 la c\u00e1tedra de Estudios Latinoamericanos en Macalester College; tambi\u00e9n, del 2018 al 2021 dirigi\u00f3 la c\u00e1tedra de Ciencia Pol\u00edtica. Como educador, acad\u00e9mico, activista y poeta, Pablo se ha involucrado activamente a lo largo de su vida en movimientos de justicia social en el continente americano y ha trabajado en m\u00e1s de 10 pa\u00edses en Am\u00e9rica Latina. A Pablo y a su esposa Andrea les encanta bailar salsa.<\/p>\n\n\n\n<p><strong><strong>Art\u00edculos<\/strong> en Espa\u00f1ol<\/strong><br>Paul Dosh, Julia Smith y Ximena Rodr\u00edguez Medina, &#8220;<a href=\"https:\/\/nacla.org\/news\/2014\/11\/25\/alcaldesa-de-lima-derrotada-por-ataques-medi%C3%A1ticos\">Alcaldesa de Lima, derrotada por ataques medi\u00e1ticos<\/a>&#8221; <em>NACLA<\/em> (Noviembre 2014).<\/p>\n\n\n\n<p>Julia Smith y Paul Dosh, &#8220;<a href=\"https:\/\/nacla.org\/news\/2014\/10\/1\/eligiendo-al-nuevo-alcalde-de-lima-en-medio-de-esc%C3%A1ndalo-y-la-reforma-de-transporte\">Eligiendo al Nuevo Alcalde de Lima en Medio de Esc\u00e1ndalo y la Reforma de Transporte<\/a>&#8221; <em>NACLA<\/em> (Setiembre 2014). &nbsp;<\/p>\n\n\n\n<p>Paul Dosh y Julia Smith, &#8220;<a href=\"https:\/\/nacla.org\/news\/2014\/8\/27\/%C2%BFqu%C3%A9-ha-pasado-con-las-pol%C3%ADticas-progresistas-en-lima-0\">\u00bfQu\u00e9 Ha Pasado con las Pol\u00edticas Progresistas en Lima?<\/a>&#8221; <em>NACLA<\/em> (Agosto 2014).<\/p>\n\n\n\n<p>Paul Dosh, Nicole Kligerman, James Lerager, Jes\u00fas Valencia y C\u00e9sar Flores, \u201c<a href=\"http:\/\/www.webphotoessay.com\/LL\/MujeresLideres-WomenLeaders.html\">Retratos de Lizerazgo: Mujeres y Batallas por Recursos en Bolivia y Ecuador<\/a>\u201d (2010).<\/p>\n\n\n\n<p>Paul Dosh y James Lerager, \u201c<a href=\"http:\/\/www.webphotoessay.com\/TTContent.html\">Tierra y Techo: Movimientos Urbanos Sociales en Ecuador y Per\u00fa<\/a>\u201d (2009).<\/p>\n\n\n\n<p>Paul Dosh y Nicole Kligerman, \u201c<a href=\"http:\/\/www.nacla.org\/node\/6319\">Correa vs. Movimientos Sociales: Conflicto en Ecuador,<\/a>\u201d <em>NACLA Report on the Americas<\/em> (2009).<\/p>\n\n\n\n<p>Paul Dosh y Nicole Kligerman, \u201c<a href=\"http:\/\/www.nacla.org\/node\/6318\">Bajo Fuego: Acci\u00f3n Ecol\u00f3gica de Ecuador<\/a>,\u201d <em>NACLA Report on the Americas<\/em> (2009).<\/p>\n\n\n\n<p>Paul Dosh, \u201c<a href=\"http:\/\/www.nacla.org\/node\/4646\">Paso a Paso: Las Luchas de un Movimiento Popular de Lima<\/a>,\u201d <em>NACLA Report on the Americas<\/em> (2007).<\/p>","protected":false},"excerpt":{"rendered":"<p>Investigador y Profesor de Ciencia Pol\u00edtica y Estudios LatinoamericanosPhD, Universidad de California en BerkeleyBA, Carleton College Pol\u00edtica comparada, pol\u00edtica latinoamericana, pol\u00edtica urbana, movimientos sociales Carnegie Hall, 203HTel\u00e9fono: +1 651-696-6776dosh@macalester.edu P\u00e1gina En Ingl\u00e9s Paul (Pablo) Dosh ha impartido diversos cursos en Macalester College desde el 2004 y previamente en Carleton College y la Universidad de California [&hellip;]<\/p>","protected":false},"author":913,"featured_media":0,"parent":0,"menu_order":0,"comment_status":"closed","ping_status":"closed","template":"","meta":{"_acf_changed":false,"footnotes":""},"class_list":["post-246","page","type-page","status-publish","hentry"],"acf":[],"_links":{"self":[{"href":"https:\/\/www.macalester.edu\/political-science\/wp-json\/wp\/v2\/pages\/246","targetHints":{"allow":["GET"]}}],"collection":[{"href":"https:\/\/www.macalester.edu\/political-science\/wp-json\/wp\/v2\/pages"}],"about":[{"href":"https:\/\/www.macalester.edu\/political-science\/wp-json\/wp\/v2\/types\/page"}],"author":[{"embeddable":true,"href":"https:\/\/www.macalester.edu\/political-science\/wp-json\/wp\/v2\/users\/913"}],"replies":[{"embeddable":true,"href":"https:\/\/www.macalester.edu\/political-science\/wp-json\/wp\/v2\/comments?post=246"}],"version-history":[{"count":14,"href":"https:\/\/www.macalester.edu\/political-science\/wp-json\/wp\/v2\/pages\/246\/revisions"}],"predecessor-version":[{"id":2741,"href":"https:\/\/www.macalester.edu\/political-science\/wp-json\/wp\/v2\/pages\/246\/revisions\/2741"}],"wp:attachment":[{"href":"https:\/\/www.macalester.edu\/political-science\/wp-json\/wp\/v2\/media?parent=246"}],"curies":[{"name":"wp","href":"https:\/\/api.w.org\/{rel}","templated":true}]}}