{"id":10315,"date":"2025-04-02T21:02:16","date_gmt":"2025-04-02T21:02:16","guid":{"rendered":"https:\/\/www.macalester.edu\/the-words\/?page_id=10315"},"modified":"2025-04-03T01:12:20","modified_gmt":"2025-04-03T01:12:20","slug":"the-words-march-2025","status":"publish","type":"page","link":"https:\/\/www.macalester.edu\/the-words\/home-2\/the-words-march-2025\/","title":{"rendered":"The Words: March 2025"},"content":{"rendered":"<figure class=\"wp-block-image aligncenter size-large is-resized\"><img loading=\"lazy\" decoding=\"async\" width=\"1024\" height=\"611\" src=\"https:\/\/www.macalester.edu\/the-words\/wp-content\/uploads\/sites\/603\/2024\/09\/words-new-cover-1024x611.png\" alt=\"\" class=\"wp-image-9099\" style=\"width:1248px;height:auto\" srcset=\"https:\/\/www.macalester.edu\/the-words\/wp-content\/uploads\/sites\/603\/2024\/09\/words-new-cover-1024x611.png 1024w,  https:\/\/www.macalester.edu\/the-words\/wp-content\/uploads\/sites\/603\/2024\/09\/words-new-cover-300x179.png 300w,  https:\/\/www.macalester.edu\/the-words\/wp-content\/uploads\/sites\/603\/2024\/09\/words-new-cover-768x458.png 768w,  https:\/\/www.macalester.edu\/the-words\/wp-content\/uploads\/sites\/603\/2024\/09\/words-new-cover-1536x916.png 1536w,  https:\/\/www.macalester.edu\/the-words\/wp-content\/uploads\/sites\/603\/2024\/09\/words-new-cover.png 1903w\" sizes=\"auto, (max-width: 1024px) 100vw, 1024px\" \/><\/figure>\n\n\n<section class=\"context-image block-container context-image--right\" >\n    <div class=\"context-image__inner\">\n        <div class=\"context-image__image-column\">\n            <div class=\"context-image__image-wrapper\">\n                <img decoding=\"async\" alt=\"\" aria-hidden=\"true\" class=\"context-image__texture\" src=\"\/wp-content\/themes\/macalester-2020\/dist\/images\/texture-context-image.png\">\n                <img decoding=\"async\" alt=\"The new English and Creative Writing department sticker with the Highland Cow and the squirrel.\" class=\"context-image__image\" src=\"https:\/\/www.macalester.edu\/the-words\/wp-content\/uploads\/sites\/603\/2025\/04\/Untitled-design.png\">\n            <\/div>\n        <\/div>\n        <div class=\"context-image__text-column\">\n            <div class=\"base-lockup\">\n\t\t\t    \t\t\t        <span class=\"base-lockup__label\">by Ahlaam Abdulwali &#8217;25<\/span>\n\t\t\t    \t\t\t    \t\t\t        <h2 class=\"base-lockup__heading\">Formerly Known as the English Department<\/h2>\n\t\t\t    \t\t\t    \t\t\t        <p class=\"base-lockup__copy\">At the beginning of the semester, all majors and minors received an email announcing that the English department would be rebranded as the The English and Creative Writing department. This change also merged the creative writing and literature tracks. We wanted to check in with Matt Burgess, the department chair, to get his perspective of the name change and what that means for the department\u2019s future.\u00a0<\/p>\n\t\t\t    \t\t\t    \t\t\t        <div class=\"base-lockup__cta\">\n\t\t\t            <a class=\"base-cta-primary\" href=\"https:\/\/www.macalester.edu\/the-words\/home\/the-words-march-2025\/formerly-known-as-the-english-department\/\" target=\"_self\">Read More<\/a>\n\t\t\t        <\/div>\n\t\t\t    \t\t\t<\/div>\n        <\/div>\n    <\/div>\n<\/section>\n\n\n<section class=\"context-image block-container context-image--right\" >\n    <div class=\"context-image__inner\">\n        <div class=\"context-image__image-column\">\n            <div class=\"context-image__image-wrapper\">\n                <img decoding=\"async\" alt=\"\" aria-hidden=\"true\" class=\"context-image__texture\" src=\"\/wp-content\/themes\/macalester-2020\/dist\/images\/texture-context-image.png\">\n                <img decoding=\"async\" alt=\"Poster for the Dracula play\" class=\"context-image__image\" src=\"https:\/\/www.macalester.edu\/the-words\/wp-content\/uploads\/sites\/603\/2025\/04\/Dracula-Final-Poster-Design-jpg-1-scaled.jpg\">\n            <\/div>\n        <\/div>\n        <div class=\"context-image__text-column\">\n            <div class=\"base-lockup\">\n\t\t\t    \t\t\t        <span class=\"base-lockup__label\">by Jizelle Villegas &#8217;26<\/span>\n\t\t\t    \t\t\t    \t\t\t        <h2 class=\"base-lockup__heading\">Words in the Wild: English and Creative Writing Majors Taking on Theater<\/h2>\n\t\t\t    \t\t\t    \t\t\t        <p class=\"base-lockup__copy\"><i>The Words<\/i> took some time to talk with Lucy McNees \u201925 (she\/they) and Peyton Williamson \u201927 (she\/her), both English and Creative Writing majors and both having worked on the \u201cDracula: A Feminist Revenge Fantasy, Really\u201d production this spring semester. McNees was the dramaturg and Williamson was the stage manager. We were super excited to hear about their experience working on a theatre production that flipped the script on Bram Stoker\u2019s literary classic Dracula.<\/p>\n\t\t\t    \t\t\t    \t\t\t        <div class=\"base-lockup__cta\">\n\t\t\t            <a class=\"base-cta-primary\" href=\"https:\/\/www.macalester.edu\/the-words\/home\/the-words-march-2025\/words-in-the-wild-english-and-creative-writing-majors-taking-on-theatre\/\" target=\"_self\">Read More<\/a>\n\t\t\t        <\/div>\n\t\t\t    \t\t\t<\/div>\n        <\/div>\n    <\/div>\n<\/section>\n\n\n<section class=\"context-image block-container context-image--right\" >\n    <div class=\"context-image__inner\">\n        <div class=\"context-image__image-column\">\n            <div class=\"context-image__image-wrapper\">\n                <img decoding=\"async\" alt=\"\" aria-hidden=\"true\" class=\"context-image__texture\" src=\"\/wp-content\/themes\/macalester-2020\/dist\/images\/texture-context-image.png\">\n                <img decoding=\"async\" alt=\"Ben Percy reading from his book in the Old Main 4th Lounge.\" class=\"context-image__image\" src=\"https:\/\/www.macalester.edu\/the-words\/wp-content\/uploads\/sites\/603\/2025\/04\/Screenshot-2025-04-02-at-2.59.13\u202fPM.png\">\n            <\/div>\n        <\/div>\n        <div class=\"context-image__text-column\">\n            <div class=\"base-lockup\">\n\t\t\t    \t\t\t        <span class=\"base-lockup__label\">by Callisto Martinez &#8217;26<\/span>\n\t\t\t    \t\t\t    \t\t\t        <h2 class=\"base-lockup__heading\">Barbarians with wooly underpants meet thought-provoking metaphors in a Literary Salon with Ben Percy<\/h2>\n\t\t\t    \t\t\t    \t\t\t        <p class=\"base-lockup__copy\">Author of seven novels and acclaimed nonfiction and comic writer Ben Percy visited the English department for a conversation with Professor Emma T\u00f6rzs \u201909 for our Literary Salon on Wednesday, March 12. In their discussion, T\u00f6rz and Percy delved into a variety of literary topics, including the tricky relationship between genre and the publishing industry, plot outlining and planning, and strategies for creating the vivid images that seem to come to life in Percy\u2019s novels.\u00a0<\/p>\n\t\t\t    \t\t\t    \t\t\t        <div class=\"base-lockup__cta\">\n\t\t\t            <a class=\"base-cta-primary\" href=\"https:\/\/www.macalester.edu\/the-words\/home\/the-words-march-2025\/barbarians-with-wooly-underpants-meet-thought-provoking-metaphors-in-a-literary-salon-with-ben-percy\/\" target=\"_self\">Read More<\/a>\n\t\t\t        <\/div>\n\t\t\t    \t\t\t<\/div>\n        <\/div>\n    <\/div>\n<\/section>\n\n\n<section class=\"context-image block-container context-image--right\" >\n    <div class=\"context-image__inner\">\n        <div class=\"context-image__image-column\">\n            <div class=\"context-image__image-wrapper\">\n                <img decoding=\"async\" alt=\"\" aria-hidden=\"true\" class=\"context-image__texture\" src=\"\/wp-content\/themes\/macalester-2020\/dist\/images\/texture-context-image.png\">\n                <img decoding=\"async\" alt=\"Zoe Scheuerman '24 posing with her head through a hole of a big picture of someone holding a fish by a lake.\" class=\"context-image__image\" src=\"https:\/\/www.macalester.edu\/the-words\/wp-content\/uploads\/sites\/603\/2025\/04\/PXL_20240912_123915786-scaled.jpg\">\n            <\/div>\n        <\/div>\n        <div class=\"context-image__text-column\">\n            <div class=\"base-lockup\">\n\t\t\t    \t\t\t        <span class=\"base-lockup__label\">by Sarah Tachau &#8217;27<\/span>\n\t\t\t    \t\t\t    \t\t\t        <h2 class=\"base-lockup__heading\"><i> The Words <\/i> Checks In with Zoe Scheuerman \u201924<\/h2>\n\t\t\t    \t\t\t    \t\t\t        <p class=\"base-lockup__copy\">Triple major in English, International Studies, and German at Mac and previous The Words Senior Newsletter Editor, Zo\u00eb Scheuerman graduated last year and has, literally and figuratively, crossed mountains and seas since stepping off campus. <i>The Words<\/i> sent a series of questions over to her in Innsbruck, Austria to check in with her postgrad excursions.<\/p>\n\t\t\t    \t\t\t    \t\t\t        <div class=\"base-lockup__cta\">\n\t\t\t            <a class=\"base-cta-primary\" href=\"https:\/\/www.macalester.edu\/the-words\/home\/the-words-march-2025\/the-words-checks-in-with-zoe-scheuerman-24\/\" target=\"_self\">Read More<\/a>\n\t\t\t        <\/div>\n\t\t\t    \t\t\t<\/div>\n        <\/div>\n    <\/div>\n<\/section>\n\n\n<section class=\"context-image block-container context-image--right\" >\n    <div class=\"context-image__inner\">\n        <div class=\"context-image__image-column\">\n            <div class=\"context-image__image-wrapper\">\n                <img decoding=\"async\" alt=\"\" aria-hidden=\"true\" class=\"context-image__texture\" src=\"\/wp-content\/themes\/macalester-2020\/dist\/images\/texture-context-image.png\">\n                <img decoding=\"async\" alt=\"Prof. Coral Lumbley sitting with David Perry at a table in Old Main 4 as Perry describes his work to a crowd of Mac students.\" class=\"context-image__image\" src=\"https:\/\/www.macalester.edu\/the-words\/wp-content\/uploads\/sites\/603\/2025\/04\/6d5a7a89-4e00-4049-b290-68f66ba60e2c.jpeg\">\n            <\/div>\n        <\/div>\n        <div class=\"context-image__text-column\">\n            <div class=\"base-lockup\">\n\t\t\t    \t\t\t        <span class=\"base-lockup__label\">by Peyton Williamson &#8217;27<\/span>\n\t\t\t    \t\t\t    \t\t\t        <h2 class=\"base-lockup__heading\">Unveiling History and Craft: A Conversation with David Perry on Writing, Identity, and the Publishing World<\/h2>\n\t\t\t    \t\t\t    \t\t\t        <p class=\"base-lockup__copy\">On a chilly March afternoon, Professor Coral Lumbley sat down with David M. Perry, a distinguished journalist, author, and medieval historian, to discuss the intersections of history, writing, and the complexities of the publishing world in another of the English department\u2019s fabulous Literary Salons. Perry\u2019s work spans an array of topics, from the history of medieval times to the modern-day struggles of masculinity, disability, and identity. His journey into the world of writing, as well as his perspectives on the craft itself, provided some valuable insights for many of the budding writers and scholars in the audience.<\/p>\n\t\t\t    \t\t\t    \t\t\t        <div class=\"base-lockup__cta\">\n\t\t\t            <a class=\"base-cta-primary\" href=\"https:\/\/www.macalester.edu\/the-words\/home\/the-words-march-2025\/unveiling-history-and-craft-a-conversation-with-david-perry-on-writing-identity-and-the-publishing-world\/\" target=\"_self\">Read More<\/a>\n\t\t\t        <\/div>\n\t\t\t    \t\t\t<\/div>\n        <\/div>\n    <\/div>\n<\/section>\n\n\n<section class=\"context-image block-container context-image--right\" >\n    <div class=\"context-image__inner\">\n        <div class=\"context-image__image-column\">\n            <div class=\"context-image__image-wrapper\">\n                <img decoding=\"async\" alt=\"\" aria-hidden=\"true\" class=\"context-image__texture\" src=\"\/wp-content\/themes\/macalester-2020\/dist\/images\/texture-context-image.png\">\n                <img decoding=\"async\" alt=\"Charley Eatchel '24 browsing Milkweed Books\" class=\"context-image__image\" src=\"https:\/\/www.macalester.edu\/the-words\/wp-content\/uploads\/sites\/603\/2025\/04\/Screenshot-2025-04-01-at-3.40.11\u202fPM.png\">\n            <\/div>\n        <\/div>\n        <div class=\"context-image__text-column\">\n            <div class=\"base-lockup\">\n\t\t\t    \t\t\t        <span class=\"base-lockup__label\">by Birdie Keller &#8217;25<\/span>\n\t\t\t    \t\t\t    \t\t\t        <h2 class=\"base-lockup__heading\">Bookstores of the Twin Cities: Moon Palace, Boneshaker, and Open Book<\/h2>\n\t\t\t    \t\t\t    \t\t\t        <p class=\"base-lockup__copy\">Welcome back to Bookstores with Birdie! For this issue, I expanded my bookstore adventures from Saint Paul to Minneapolis. Read on to experience the magic of books, stickers, zines, and stuffed animals that I discovered waiting for me there.<\/p>\n\t\t\t    \t\t\t    \t\t\t        <div class=\"base-lockup__cta\">\n\t\t\t            <a class=\"base-cta-primary\" href=\"https:\/\/www.macalester.edu\/the-words\/home\/the-words-march-2025\/bookstores-of-saint-paul-midway-black-garnet-next-chapter\/\" target=\"_self\">Read More<\/a>\n\t\t\t        <\/div>\n\t\t\t    \t\t\t<\/div>\n        <\/div>\n    <\/div>\n<\/section>\n\n\n<section class=\"context-image block-container context-image--right\" >\n    <div class=\"context-image__inner\">\n        <div class=\"context-image__image-column\">\n            <div class=\"context-image__image-wrapper\">\n                <img decoding=\"async\" alt=\"\" aria-hidden=\"true\" class=\"context-image__texture\" src=\"\/wp-content\/themes\/macalester-2020\/dist\/images\/texture-context-image.png\">\n                <img decoding=\"async\" alt=\"An empty 2025 Middlemarch Madness bracket\" class=\"context-image__image\" src=\"https:\/\/www.macalester.edu\/the-words\/wp-content\/uploads\/sites\/603\/2025\/04\/Screen-Shot-2025-04-02-at-3.44.56-PM.png\">\n            <\/div>\n        <\/div>\n        <div class=\"context-image__text-column\">\n            <div class=\"base-lockup\">\n\t\t\t    \t\t\t        <span class=\"base-lockup__label\">by Beja Pu\u0161k\u00e1\u0161ov\u00e1 \u201926<\/span>\n\t\t\t    \t\t\t    \t\t\t        <h2 class=\"base-lockup__heading\">Professor Andrea Kaston Tange&#8217;s Musings on Middlemarch Madness<\/h2>\n\t\t\t    \t\t\t    \t\t\t        <p class=\"base-lockup__copy\">For those of you who did not know, Professor Andrea Kaston Tange not only teaches and studies Victorian literature, but she also organizes the English department\u2019s literary tournament challenge: Middlemarch Madness.<\/p>\n\t\t\t    \t\t\t    \t\t\t        <div class=\"base-lockup__cta\">\n\t\t\t            <a class=\"base-cta-primary\" href=\"https:\/\/www.macalester.edu\/the-words\/home\/the-words-march-2025\/professor-andrea-kaston-tanges-musings-on-middlemarch-madness\/\" target=\"_self\">Read more<\/a>\n\t\t\t        <\/div>\n\t\t\t    \t\t\t<\/div>\n        <\/div>\n    <\/div>\n<\/section>\n\n\n<section class=\"context-image block-container context-image--right\" >\n    <div class=\"context-image__inner\">\n        <div class=\"context-image__image-column\">\n            <div class=\"context-image__image-wrapper\">\n                <img decoding=\"async\" alt=\"\" aria-hidden=\"true\" class=\"context-image__texture\" src=\"\/wp-content\/themes\/macalester-2020\/dist\/images\/texture-context-image.png\">\n                <img decoding=\"async\" alt=\"Professor Rachel Gold talks with Professor Andrea Kaston Tange as they sit in two chairs in the front of the Old Main 4th floor lounge.\" class=\"context-image__image\" src=\"https:\/\/www.macalester.edu\/the-words\/wp-content\/uploads\/sites\/603\/2025\/04\/unnamed-2-scaled.jpg\">\n            <\/div>\n        <\/div>\n        <div class=\"context-image__text-column\">\n            <div class=\"base-lockup\">\n\t\t\t    \t\t\t        <span class=\"base-lockup__label\">by Daniel Graham &#8217;26<\/span>\n\t\t\t    \t\t\t    \t\t\t        <h2 class=\"base-lockup__heading\">Professors Andrea Kaston Tange and Rachel Gold Share Writely Wisdom at Lit Salon<\/h2>\n\t\t\t    \t\t\t    \t\t\t        <p class=\"base-lockup__copy\">Over the past couple years in the English department, we have hosted a few Literary Salons each semester. At these events, we invite an author or poet or anyone doing anything amazing in the literary community to come chat with us. <\/p>\n\t\t\t    \t\t\t    \t\t\t        <div class=\"base-lockup__cta\">\n\t\t\t            <a class=\"base-cta-primary\" href=\"https:\/\/www.macalester.edu\/the-words\/home\/the-words-march-2025\/professors-andrea-kaston-tange-and-rachel-gold-share-writerly-wisdom-at-lit-salon\/\" target=\"_self\">Read More<\/a>\n\t\t\t        <\/div>\n\t\t\t    \t\t\t<\/div>\n        <\/div>\n    <\/div>\n<\/section>\n\n\n<section class=\"context-image block-container context-image--right\" >\n    <div class=\"context-image__inner\">\n        <div class=\"context-image__image-column\">\n            <div class=\"context-image__image-wrapper\">\n                <img decoding=\"async\" alt=\"\" aria-hidden=\"true\" class=\"context-image__texture\" src=\"\/wp-content\/themes\/macalester-2020\/dist\/images\/texture-context-image.png\">\n                <img decoding=\"async\" alt=\"Pickup window outside Moon Palace Books.\" class=\"context-image__image\" src=\"https:\/\/www.macalester.edu\/the-words\/wp-content\/uploads\/sites\/603\/2025\/04\/Screenshot-2025-04-01-at-3.53.26\u202fPM-1-e1743626780855.png\">\n            <\/div>\n        <\/div>\n        <div class=\"context-image__text-column\">\n            <div class=\"base-lockup\">\n\t\t\t    \t\t\t        <span class=\"base-lockup__label\">by Birdie Keller &#8217;25<\/span>\n\t\t\t    \t\t\t    \t\t\t        <h2 class=\"base-lockup__heading\">Faculty Favorites: Bookstores!<\/h2>\n\t\t\t    \t\t\t    \t\t\t        <p class=\"base-lockup__copy\">My recent exploits have bookstores on the brain. As such, I asked professors what their favorite bookstores in the world are! I had an absolute blast being on the email chain as professors responded and fed off of each others\u2019 responses with agreement and enthusiasm.<\/p>\n\t\t\t    \t\t\t    \t\t\t        <div class=\"base-lockup__cta\">\n\t\t\t            <a class=\"base-cta-primary\" href=\"https:\/\/www.macalester.edu\/the-words\/home\/the-words-march-2025\/faculty-favorites-bookstores\/\" target=\"_self\">Read More<\/a>\n\t\t\t        <\/div>\n\t\t\t    \t\t\t<\/div>\n        <\/div>\n    <\/div>\n<\/section>\n\n\n<section class=\"context-image block-container context-image--right\" >\n    <div class=\"context-image__inner\">\n        <div class=\"context-image__image-column\">\n            <div class=\"context-image__image-wrapper\">\n                <img decoding=\"async\" alt=\"\" aria-hidden=\"true\" class=\"context-image__texture\" src=\"\/wp-content\/themes\/macalester-2020\/dist\/images\/texture-context-image.png\">\n                <img decoding=\"async\" alt=\"Golden star\" class=\"context-image__image\" src=\"https:\/\/www.macalester.edu\/the-words\/wp-content\/uploads\/sites\/603\/2025\/02\/star.jpg\">\n            <\/div>\n        <\/div>\n        <div class=\"context-image__text-column\">\n            <div class=\"base-lockup\">\n\t\t\t    \t\t\t        <span class=\"base-lockup__label\">by Ahlaam Abdulwali &#8217;25<\/span>\n\t\t\t    \t\t\t    \t\t\t        <h2 class=\"base-lockup__heading\">Student\/Faculty Accolades<\/h2>\n\t\t\t    \t\t\t    \t\t\t        <p class=\"base-lockup__copy\">Read the monthly roundup of student\/faculty accolades here.<\/p>\n\t\t\t    \t\t\t    \t\t\t        <div class=\"base-lockup__cta\">\n\t\t\t            <a class=\"base-cta-primary\" href=\"https:\/\/www.macalester.edu\/the-words\/home\/the-words-march-2025\/accolades\/\" target=\"_self\">Read More<\/a>\n\t\t\t        <\/div>\n\t\t\t    \t\t\t<\/div>\n        <\/div>\n    <\/div>\n<\/section>","protected":false},"excerpt":{"rendered":"","protected":false},"author":1193,"featured_media":0,"parent":305,"menu_order":0,"comment_status":"closed","ping_status":"closed","template":"","meta":{"_acf_changed":false,"footnotes":""},"class_list":["post-10315","page","type-page","status-publish","hentry"],"acf":[],"_links":{"self":[{"href":"https:\/\/www.macalester.edu\/the-words\/wp-json\/wp\/v2\/pages\/10315","targetHints":{"allow":["GET"]}}],"collection":[{"href":"https:\/\/www.macalester.edu\/the-words\/wp-json\/wp\/v2\/pages"}],"about":[{"href":"https:\/\/www.macalester.edu\/the-words\/wp-json\/wp\/v2\/types\/page"}],"author":[{"embeddable":true,"href":"https:\/\/www.macalester.edu\/the-words\/wp-json\/wp\/v2\/users\/1193"}],"replies":[{"embeddable":true,"href":"https:\/\/www.macalester.edu\/the-words\/wp-json\/wp\/v2\/comments?post=10315"}],"version-history":[{"count":16,"href":"https:\/\/www.macalester.edu\/the-words\/wp-json\/wp\/v2\/pages\/10315\/revisions"}],"predecessor-version":[{"id":10461,"href":"https:\/\/www.macalester.edu\/the-words\/wp-json\/wp\/v2\/pages\/10315\/revisions\/10461"}],"up":[{"embeddable":true,"href":"https:\/\/www.macalester.edu\/the-words\/wp-json\/wp\/v2\/pages\/305"}],"wp:attachment":[{"href":"https:\/\/www.macalester.edu\/the-words\/wp-json\/wp\/v2\/media?parent=10315"}],"curies":[{"name":"wp","href":"https:\/\/api.w.org\/{rel}","templated":true}]}}