{"id":10343,"date":"2025-04-02T21:12:33","date_gmt":"2025-04-02T21:12:33","guid":{"rendered":"https:\/\/www.macalester.edu\/the-words\/?page_id=10343"},"modified":"2025-04-02T22:35:21","modified_gmt":"2025-04-02T22:35:21","slug":"professor-andrea-kaston-tanges-musings-on-middlemarch-madness","status":"publish","type":"page","link":"https:\/\/www.macalester.edu\/the-words\/home-2\/the-words-march-2025\/professor-andrea-kaston-tanges-musings-on-middlemarch-madness\/","title":{"rendered":"Professor Andrea Kaston Tange&#8217;s Musings on Middlemarch Madness"},"content":{"rendered":"<h2 class=\"wp-block-heading\">by Beja Pu\u0161k\u00e1\u0161ov\u00e1 &#8217;26<\/h2>\n\n\n\n<p>For those of you who did not know, Professor Andrea Kaston Tange not only teaches and studies Victorian literature, but she also organizes the English department\u2019s literary tournament challenge: Middlemarch Madness.<\/p>\n\n\n<section class=\"context-image block-container context-image--right\" >\n    <div class=\"context-image__inner\">\n        <div class=\"context-image__image-column\">\n            <div class=\"context-image__image-wrapper\">\n                <img decoding=\"async\" alt=\"\" aria-hidden=\"true\" class=\"context-image__texture\" src=\"\/wp-content\/themes\/macalester-2020\/dist\/images\/texture-context-image.png\">\n                <img decoding=\"async\" alt=\"An empty 2025 Middlemarch Madness bracket\" class=\"context-image__image\" src=\"https:\/\/www.macalester.edu\/the-words\/wp-content\/uploads\/sites\/603\/2025\/04\/Screen-Shot-2025-04-02-at-3.44.56-PM.png\">\n            <\/div>\n        <\/div>\n        <div class=\"context-image__text-column\">\n            <div class=\"base-lockup\">\n\t\t\t    \t\t\t    \t\t\t    \t\t\t        <p class=\"base-lockup__copy\">When I asked Prof Tange what this tournament challenge is inspired by, she revealed to me that the roots of this tradition go back to the novel Middlemarch and the basketball tournament referred to as \u201cMarch Madness.\u201d If sportspeople have competitions, why can\u2019t English majors and literature nerds have competitions too, right?\u00a0<\/p>\n\t\t\t    \t\t\t    \t\t\t<\/div>\n        <\/div>\n    <\/div>\n<\/section>\n\n\n\n<p>For people, like me, who are not made for sports, and for whom sports are not made, I would love to explain what March Madness is to the best of my ability. The basketball tournament begins with sixty-four teams vying for the title of best college basketball team in the country and facing off in games where one loss means elimination from the tournament. Before the tournament begins, people fill out brackets predicting the winners and earn points for each correct guess. The number of these points increases as the tournament progresses and the matches get more serious. Middlemarch Madness has similar rules, except the \u201cteams\u201d are fictional characters, and the contest (this year) is to determine who would make the worst Macalester professor. At the end, there is a prize for the winner, which, according to Kaston Tange, is \u201csurely gonna be something great.\u201d&nbsp;<\/p>\n\n\n\n<p>The first year Prof Tange organized this event, Middlemarch Madness only happened in the \u201cLadies and Monsters\u201d class. The competition was a battle of \u201cladies vs. monsters.\u201d After huge success, Middlemarch Madness expanded beyond just the Ladies and Monsters classroom to include anyone on campus who wanted to participate. Last year, students and faculty were determining who the best fictional dinner party invite would be. There have been a number of delightful face-offs, the most absurd of which being Sauron pitted against Cookie Monster.&nbsp;<\/p>\n\n\n\n<p>When nominating literary characters, students write a short justification for why they specifically chose their character. This makes the whole process easier to understand for those who may not read as many books as Prof Tange does. There has also always been a wide range of characters from various genres. This makes it more possible for everyone to find their niche in the voting-related discussions happening in the last rounds of the tournament! They are heated.<\/p>\n\n\n\n<p>Even though voting for these characters sounds fun, I would personally advise all of you to take precautions not to become addicted to Middlemarch Madness, as, according to Prof Tange, it is \u201ctotally like gambling.\u201d Jokes aside, Prof Tange is very grateful about the number of voters and participants in the last two years, and she hopes that this level of interest remains as Middlemarch Madness continues on.<\/p>\n\n\n\n<p>After a long deliberation during the English&#8217;s Coffee House on April 2nd, Victor Frankenstein has been announced as the worst Macalester professor!<\/p>","protected":false},"excerpt":{"rendered":"<p>by Beja Pu\u0161k\u00e1\u0161ov\u00e1 &#8217;26 For those of you who did not know, Professor Andrea Kaston Tange not only teaches and studies Victorian literature, but she also organizes the English department\u2019s literary tournament challenge: Middlemarch Madness. For people, like me, who are not made for sports, and for whom sports are not made, I would love [&hellip;]<\/p>","protected":false},"author":7,"featured_media":0,"parent":10315,"menu_order":0,"comment_status":"closed","ping_status":"closed","template":"","meta":{"_acf_changed":false,"footnotes":""},"class_list":["post-10343","page","type-page","status-publish","hentry"],"acf":[],"_links":{"self":[{"href":"https:\/\/www.macalester.edu\/the-words\/wp-json\/wp\/v2\/pages\/10343","targetHints":{"allow":["GET"]}}],"collection":[{"href":"https:\/\/www.macalester.edu\/the-words\/wp-json\/wp\/v2\/pages"}],"about":[{"href":"https:\/\/www.macalester.edu\/the-words\/wp-json\/wp\/v2\/types\/page"}],"author":[{"embeddable":true,"href":"https:\/\/www.macalester.edu\/the-words\/wp-json\/wp\/v2\/users\/7"}],"replies":[{"embeddable":true,"href":"https:\/\/www.macalester.edu\/the-words\/wp-json\/wp\/v2\/comments?post=10343"}],"version-history":[{"count":5,"href":"https:\/\/www.macalester.edu\/the-words\/wp-json\/wp\/v2\/pages\/10343\/revisions"}],"predecessor-version":[{"id":10429,"href":"https:\/\/www.macalester.edu\/the-words\/wp-json\/wp\/v2\/pages\/10343\/revisions\/10429"}],"up":[{"embeddable":true,"href":"https:\/\/www.macalester.edu\/the-words\/wp-json\/wp\/v2\/pages\/10315"}],"wp:attachment":[{"href":"https:\/\/www.macalester.edu\/the-words\/wp-json\/wp\/v2\/media?parent=10343"}],"curies":[{"name":"wp","href":"https:\/\/api.w.org\/{rel}","templated":true}]}}