{"id":12231,"date":"2026-04-28T14:45:43","date_gmt":"2026-04-28T14:45:43","guid":{"rendered":"https:\/\/www.macalester.edu\/the-words\/?page_id=12231"},"modified":"2026-04-28T16:22:40","modified_gmt":"2026-04-28T16:22:40","slug":"the-words-april-26","status":"publish","type":"page","link":"https:\/\/www.macalester.edu\/the-words\/home-2\/the-words-april-26\/","title":{"rendered":"The Words: April 2026"},"content":{"rendered":"<figure class=\"wp-block-image aligncenter size-full is-resized\"><img loading=\"lazy\" decoding=\"async\" width=\"605\" height=\"327\" src=\"https:\/\/www.macalester.edu\/the-words\/wp-content\/uploads\/sites\/603\/2025\/09\/The-Words-1-1.png\" alt=\"Masthead for the Words with old picture of Old Main.\" class=\"wp-image-11017\" style=\"width:1248px;height:auto\" srcset=\"https:\/\/www.macalester.edu\/the-words\/wp-content\/uploads\/sites\/603\/2025\/09\/The-Words-1-1.png 605w,  https:\/\/www.macalester.edu\/the-words\/wp-content\/uploads\/sites\/603\/2025\/09\/The-Words-1-1-300x162.png 300w\" sizes=\"auto, (max-width: 605px) 100vw, 605px\" \/><\/figure>\n\n\n<section class=\"context-image block-container context-image--right\" >\n    <div class=\"context-image__inner\">\n        <div class=\"context-image__image-column\">\n            <div class=\"context-image__image-wrapper\">\n                <img decoding=\"async\" alt=\"\" aria-hidden=\"true\" class=\"context-image__texture\" src=\"\/wp-content\/themes\/macalester-2020\/dist\/images\/texture-context-image.png\">\n                <img decoding=\"async\" alt=\"\" class=\"context-image__image\" src=\"https:\/\/www.macalester.edu\/the-words\/wp-content\/uploads\/sites\/603\/2026\/04\/649349899_10100545230710654_8530499135029841751_n-3.jpg\">\n            <\/div>\n        <\/div>\n        <div class=\"context-image__text-column\">\n            <div class=\"base-lockup\">\n\t\t\t    \t\t\t        <span class=\"base-lockup__label\">by Callisto Martinez &#8217;26<\/span>\n\t\t\t    \t\t\t    \t\t\t        <h2 class=\"base-lockup__heading\">Irish Literature class supports Celtic Junction<\/h2>\n\t\t\t    \t\t\t    \t\t\t        <p class=\"base-lockup__copy\">This semester, Professor Amy Elkins and students in her English-240: Irish Literature class are reminding us that Irish and Irish-American culture holds a more complex understanding of \u2018home\u2019 than what\u2019s on the other side of the rainbow, or the Atlantic, for that matter. <\/p>\n\t\t\t    \t\t\t    \t\t\t        <div class=\"base-lockup__cta\">\n\t\t\t            <a class=\"base-cta-primary\" href=\"https:\/\/www.macalester.edu\/the-words\/irish-literature-class-supports-celtic-junction\/\" target=\"_self\">Read More<\/a>\n\t\t\t        <\/div>\n\t\t\t    \t\t\t<\/div>\n        <\/div>\n    <\/div>\n<\/section>\n\n\n<section class=\"context-image block-container context-image--right\" >\n    <div class=\"context-image__inner\">\n        <div class=\"context-image__image-column\">\n            <div class=\"context-image__image-wrapper\">\n                <img decoding=\"async\" alt=\"\" aria-hidden=\"true\" class=\"context-image__texture\" src=\"\/wp-content\/themes\/macalester-2020\/dist\/images\/texture-context-image.png\">\n                <img decoding=\"async\" alt=\"Headshots of Professors Daylanne English and Peter Bognanni\" class=\"context-image__image\" src=\"https:\/\/www.macalester.edu\/the-words\/wp-content\/uploads\/sites\/603\/2026\/04\/Copy-of-Untitled-Design.png\">\n            <\/div>\n        <\/div>\n        <div class=\"context-image__text-column\">\n            <div class=\"base-lockup\">\n\t\t\t    \t\t\t        <span class=\"base-lockup__label\">By Jizelle Villegas \u201926<\/span>\n\t\t\t    \t\t\t    \t\t\t        <h2 class=\"base-lockup__heading\">New Books from Professors Daylanne English and Peter Bognanni <\/h2>\n\t\t\t    \t\t\t    \t\t\t        <p class=\"base-lockup__copy\">On the first day of April, Professors Daylanne English and Peter Bognanni shared with us the upcoming book projects that they\u2019ve been working on for the past couple of years. <\/p>\n\t\t\t    \t\t\t    \t\t\t        <div class=\"base-lockup__cta\">\n\t\t\t            <a class=\"base-cta-primary\" href=\"https:\/\/www.macalester.edu\/the-words\/home-2\/the-words-april-26\/new-books-from-our-professors-daylanne-english-and-peter-bognanni\/\" target=\"_self\">Read More<\/a>\n\t\t\t        <\/div>\n\t\t\t    \t\t\t<\/div>\n        <\/div>\n    <\/div>\n<\/section>\n\n\n<section class=\"context-image block-container context-image--right\" >\n    <div class=\"context-image__inner\">\n        <div class=\"context-image__image-column\">\n            <div class=\"context-image__image-wrapper\">\n                <img decoding=\"async\" alt=\"\" aria-hidden=\"true\" class=\"context-image__texture\" src=\"\/wp-content\/themes\/macalester-2020\/dist\/images\/texture-context-image.png\">\n                <img decoding=\"async\" alt=\"\" class=\"context-image__image\" src=\"https:\/\/www.macalester.edu\/the-words\/wp-content\/uploads\/sites\/603\/2026\/04\/IMG_0035-scaled.jpg\">\n            <\/div>\n        <\/div>\n        <div class=\"context-image__text-column\">\n            <div class=\"base-lockup\">\n\t\t\t    \t\t\t        <span class=\"base-lockup__label\">by Peyton Williamson &#8217;27<\/span>\n\t\t\t    \t\t\t    \t\t\t        <h2 class=\"base-lockup__heading\">11th Annual Apps and Alums: A Recap!<\/h2>\n\t\t\t    \t\t\t    \t\t\t        <p class=\"base-lockup__copy\">For its 11th year running, Macalester\u2019s chapter of Sigma Tau Delta, the English Honor Society (EHS), hosted Apps and Alums, where students past and present gather in Olin-Rice\u2019s Smail Gallery to chat, swap stories, and dispense advice over delicious appetizers.<\/p>\n\t\t\t    \t\t\t    \t\t\t        <div class=\"base-lockup__cta\">\n\t\t\t            <a class=\"base-cta-primary\" href=\"https:\/\/www.macalester.edu\/the-words\/home-2\/the-words-april-26\/11th-annual-apps-and-alums-a-recap\/\" target=\"_self\">Read More<\/a>\n\t\t\t        <\/div>\n\t\t\t    \t\t\t<\/div>\n        <\/div>\n    <\/div>\n<\/section>\n\n\n<section class=\"context-image block-container context-image--right\" >\n    <div class=\"context-image__inner\">\n        <div class=\"context-image__image-column\">\n            <div class=\"context-image__image-wrapper\">\n                <img decoding=\"async\" alt=\"\" aria-hidden=\"true\" class=\"context-image__texture\" src=\"\/wp-content\/themes\/macalester-2020\/dist\/images\/texture-context-image.png\">\n                <img decoding=\"async\" alt=\"\" class=\"context-image__image\" src=\"https:\/\/www.macalester.edu\/the-words\/wp-content\/uploads\/sites\/603\/2026\/04\/Screenshot-2026-04-27-at-1.12.56\u202fPM.png\">\n            <\/div>\n        <\/div>\n        <div class=\"context-image__text-column\">\n            <div class=\"base-lockup\">\n\t\t\t    \t\t\t        <span class=\"base-lockup__label\">by Rabi Michael-Crushshon &#8217;26<\/span>\n\t\t\t    \t\t\t    \t\t\t        <h2 class=\"base-lockup__heading\">A Moment of Silence: Capstone Presentation by Beja Pu\u0161k\u00e1\u0161ov\u00e1<\/h2>\n\t\t\t    \t\t\t    \t\t\t        <p class=\"base-lockup__copy\">A blue hue filled the room while audience members chatted amongst themselves. A pregnant Black trans woman entered, carrying a baby whose distant crying was heard over the speakers. In a recreation of the birth of Jesus, the woman sat, protecting and rocking her baby until darkness. The crowd was silenced, and the show began.<\/p>\n\t\t\t    \t\t\t    \t\t\t        <div class=\"base-lockup__cta\">\n\t\t\t            <a class=\"base-cta-primary\" href=\"https:\/\/www.macalester.edu\/the-words\/a-moment-of-silence-capstone-presentation-by-beja-puskasova\/\" target=\"_self\">Read More<\/a>\n\t\t\t        <\/div>\n\t\t\t    \t\t\t<\/div>\n        <\/div>\n    <\/div>\n<\/section>\n\n\n<section class=\"context-image block-container context-image--right\" >\n    <div class=\"context-image__inner\">\n        <div class=\"context-image__image-column\">\n            <div class=\"context-image__image-wrapper\">\n                <img decoding=\"async\" alt=\"\" aria-hidden=\"true\" class=\"context-image__texture\" src=\"\/wp-content\/themes\/macalester-2020\/dist\/images\/texture-context-image.png\">\n                <img decoding=\"async\" alt=\"\" class=\"context-image__image\" src=\"https:\/\/www.macalester.edu\/the-words\/wp-content\/uploads\/sites\/603\/2026\/04\/20260415_163648-1.jpg\">\n            <\/div>\n        <\/div>\n        <div class=\"context-image__text-column\">\n            <div class=\"base-lockup\">\n\t\t\t    \t\t\t        <span class=\"base-lockup__label\">By Callisto Martinez &#8217;26<\/span>\n\t\t\t    \t\t\t    \t\t\t        <h2 class=\"base-lockup__heading\">MacSlams preps for Midwest Poetry Mash-Up at Coffee House<\/h2>\n\t\t\t    \t\t\t    \t\t\t        <p class=\"base-lockup__copy\">For members of Macalester\u2019s competitive slam poetry team, MacSlams, the transition from April to May brings much more than the lead-up to summer break, finals stressors, and last-minute study sessions. From April 30th &#8211; May 2nd, the five-poet team will perform the work they\u2019ve been polishing since January at the annual Midwest Poetry Mash-Up, which brings poets from across the globe together in Minneapolis for three days of competition. <\/p>\n\t\t\t    \t\t\t    \t\t\t        <div class=\"base-lockup__cta\">\n\t\t\t            <a class=\"base-cta-primary\" href=\"https:\/\/www.macalester.edu\/the-words\/macslams-preps-for-midwest-poetry-mash-up-at-coffee-house\/\" target=\"_self\">Read More<\/a>\n\t\t\t        <\/div>\n\t\t\t    \t\t\t<\/div>\n        <\/div>\n    <\/div>\n<\/section>\n\n\n<section class=\"context-image block-container context-image--right\" >\n    <div class=\"context-image__inner\">\n        <div class=\"context-image__image-column\">\n            <div class=\"context-image__image-wrapper\">\n                <img decoding=\"async\" alt=\"\" aria-hidden=\"true\" class=\"context-image__texture\" src=\"\/wp-content\/themes\/macalester-2020\/dist\/images\/texture-context-image.png\">\n                <img decoding=\"async\" alt=\"\" class=\"context-image__image\" src=\"https:\/\/www.macalester.edu\/the-words\/wp-content\/uploads\/sites\/603\/2026\/04\/IMG_9935-1-scaled.jpeg\">\n            <\/div>\n        <\/div>\n        <div class=\"context-image__text-column\">\n            <div class=\"base-lockup\">\n\t\t\t    \t\t\t        <span class=\"base-lockup__label\">By Sarah Tachau &#8217;27<\/span>\n\t\t\t    \t\t\t    \t\t\t        <h2 class=\"base-lockup__heading\">Rachel Gold and Student Interns Talk the Newest Issue of <i>Sinister Wisdom<\/i> in Lit Salon Q&amp;A<\/h2>\n\t\t\t    \t\t\t    \t\t\t        <p class=\"base-lockup__copy\">In the last Literary Salon of March, Professor Rachel Gold was joined by two of her student interns and co-editors, Ella Stern \u201927 and Beja Pu\u0161k\u00e1\u0161ov\u00e1 \u201926 to talk about the newest issue of <i>Sinister Wisdom<\/i>. The quarterly literary and art journal is the oldest lesbian venue for creative work, founded in 1976 by Harriet Desmoines and Catherine Nicholson. Since its founding, <i>Sinister Wisdom<\/i> has welcomed a handful of prominent lesbian and feminist writers, such as Adrienne Rich, Michelle Cliff, and Audre Lorde \u2014 the former two serving as co-editors.  <\/p>\n\t\t\t    \t\t\t    \t\t\t        <div class=\"base-lockup__cta\">\n\t\t\t            <a class=\"base-cta-primary\" href=\"https:\/\/www.macalester.edu\/the-words\/rachel-gold-and-student-editors-talk-the-newest-issue-of-sinister-wisdom-lesbian-stories-in-literary-salon\/\" target=\"_self\">Read More<\/a>\n\t\t\t        <\/div>\n\t\t\t    \t\t\t<\/div>\n        <\/div>\n    <\/div>\n<\/section>\n\n\n<section class=\"context-image block-container context-image--right\" >\n    <div class=\"context-image__inner\">\n        <div class=\"context-image__image-column\">\n            <div class=\"context-image__image-wrapper\">\n                <img decoding=\"async\" alt=\"\" aria-hidden=\"true\" class=\"context-image__texture\" src=\"\/wp-content\/themes\/macalester-2020\/dist\/images\/texture-context-image.png\">\n                <img decoding=\"async\" alt=\"Paul Wallace on a street in Italy\" class=\"context-image__image\" src=\"https:\/\/www.macalester.edu\/the-words\/wp-content\/uploads\/sites\/603\/2026\/04\/Screenshot-2026-04-28-at-10.26.03\u202fAM.png\">\n            <\/div>\n        <\/div>\n        <div class=\"context-image__text-column\">\n            <div class=\"base-lockup\">\n\t\t\t    \t\t\t        <span class=\"base-lockup__label\">By Paul Wallace &#8217;27<\/span>\n\t\t\t    \t\t\t    \t\t\t        <h2 class=\"base-lockup__heading\">Paul\u2019s Study Away Experience<\/h2>\n\t\t\t    \t\t\t    \t\t\t        <p class=\"base-lockup__copy\">As my time studying abroad in Milan draws to a close, there\u2019s an Italian phrase I keep returning to; \u201cogni momento \u00e8 unico\u201d which translates to \u201cevery moment is unique.\u201d The sentiment actually originates from the Japanese philosophy of ichi-go ichi-e, though I found the quote inscribed in the entrance archway to a garden in the Italian mountain village of Bormio. The international provenance of this phrase mirrors my experience of Milan, a growing city of immigrants of manifold nationalities. The phrase itself reminds me to cherish each moment.<\/p>\n\t\t\t    \t\t\t    \t\t\t        <div class=\"base-lockup__cta\">\n\t\t\t            <a class=\"base-cta-primary\" href=\"https:\/\/www.macalester.edu\/the-words\/pauls-study-away-experience\/\" target=\"_self\">Read More<\/a>\n\t\t\t        <\/div>\n\t\t\t    \t\t\t<\/div>\n        <\/div>\n    <\/div>\n<\/section>\n\n\n<section class=\"context-image block-container context-image--right\" >\n    <div class=\"context-image__inner\">\n        <div class=\"context-image__image-column\">\n            <div class=\"context-image__image-wrapper\">\n                <img decoding=\"async\" alt=\"\" aria-hidden=\"true\" class=\"context-image__texture\" src=\"\/wp-content\/themes\/macalester-2020\/dist\/images\/texture-context-image.png\">\n                <img decoding=\"async\" alt=\"The logo for the Mac Weekly\" class=\"context-image__image\" src=\"https:\/\/www.macalester.edu\/the-words\/wp-content\/uploads\/sites\/603\/2026\/04\/The-Mac-Weekly.jpg\">\n            <\/div>\n        <\/div>\n        <div class=\"context-image__text-column\">\n            <div class=\"base-lockup\">\n\t\t\t    \t\t\t        <span class=\"base-lockup__label\">by Daniel Graham \u201926 and Callisto Martinez \u201926<\/span>\n\t\t\t    \t\t\t    \t\t\t        <h2 class=\"base-lockup__heading\">Words in the Wild: <i>The Mac Weekly<\/i><\/h2>\n\t\t\t    \t\t\t    \t\t\t        <p class=\"base-lockup__copy\">The basement laundry room of Bowman Hall may not be the hottest spot to spend your Wednesday nights, but that is exactly what we have done for the better part of the last four years. Each week, <i>The Mac Weekly<\/i> meets in the depths of Macalester\u2019s dorm buildings. Our staff pitches, writes, edits, and publishes an eight-page issue each week, complete with our own photos, graphics, and crossword puzzles.<\/p>\n\t\t\t    \t\t\t    \t\t\t        <div class=\"base-lockup__cta\">\n\t\t\t            <a class=\"base-cta-primary\" href=\"https:\/\/www.macalester.edu\/the-words\/home-2\/the-words-april-26\/words-in-the-wild-the-mac-weekly\/\" target=\"_self\">Read More<\/a>\n\t\t\t        <\/div>\n\t\t\t    \t\t\t<\/div>\n        <\/div>\n    <\/div>\n<\/section>\n\n\n<section class=\"context-image block-container context-image--right\" >\n    <div class=\"context-image__inner\">\n        <div class=\"context-image__image-column\">\n            <div class=\"context-image__image-wrapper\">\n                <img decoding=\"async\" alt=\"\" aria-hidden=\"true\" class=\"context-image__texture\" src=\"\/wp-content\/themes\/macalester-2020\/dist\/images\/texture-context-image.png\">\n                <img decoding=\"async\" alt=\"Golden star\" class=\"context-image__image\" src=\"https:\/\/www.macalester.edu\/the-words\/wp-content\/uploads\/sites\/603\/2025\/02\/star.jpg\">\n            <\/div>\n        <\/div>\n        <div class=\"context-image__text-column\">\n            <div class=\"base-lockup\">\n\t\t\t    \t\t\t        <span class=\"base-lockup__label\">by Peyton Williamson &#8217;27<\/span>\n\t\t\t    \t\t\t    \t\t\t        <h2 class=\"base-lockup__heading\">Student\/Faculty Accolades<\/h2>\n\t\t\t    \t\t\t    \t\t\t        <p class=\"base-lockup__copy\">Read the monthly roundup of student\/faculty accolades here.<\/p>\n\t\t\t    \t\t\t    \t\t\t        <div class=\"base-lockup__cta\">\n\t\t\t            <a class=\"base-cta-primary\" href=\"https:\/\/www.macalester.edu\/the-words\/home-2\/the-words-april-26\/accolades\/\" target=\"_self\">Read More<\/a>\n\t\t\t        <\/div>\n\t\t\t    \t\t\t<\/div>\n        <\/div>\n    <\/div>\n<\/section>","protected":false},"excerpt":{"rendered":"","protected":false},"author":1199,"featured_media":0,"parent":305,"menu_order":0,"comment_status":"closed","ping_status":"closed","template":"","meta":{"_acf_changed":false,"footnotes":""},"class_list":["post-12231","page","type-page","status-publish","hentry"],"acf":[],"_links":{"self":[{"href":"https:\/\/www.macalester.edu\/the-words\/wp-json\/wp\/v2\/pages\/12231","targetHints":{"allow":["GET"]}}],"collection":[{"href":"https:\/\/www.macalester.edu\/the-words\/wp-json\/wp\/v2\/pages"}],"about":[{"href":"https:\/\/www.macalester.edu\/the-words\/wp-json\/wp\/v2\/types\/page"}],"author":[{"embeddable":true,"href":"https:\/\/www.macalester.edu\/the-words\/wp-json\/wp\/v2\/users\/1199"}],"replies":[{"embeddable":true,"href":"https:\/\/www.macalester.edu\/the-words\/wp-json\/wp\/v2\/comments?post=12231"}],"version-history":[{"count":4,"href":"https:\/\/www.macalester.edu\/the-words\/wp-json\/wp\/v2\/pages\/12231\/revisions"}],"predecessor-version":[{"id":12325,"href":"https:\/\/www.macalester.edu\/the-words\/wp-json\/wp\/v2\/pages\/12231\/revisions\/12325"}],"up":[{"embeddable":true,"href":"https:\/\/www.macalester.edu\/the-words\/wp-json\/wp\/v2\/pages\/305"}],"wp:attachment":[{"href":"https:\/\/www.macalester.edu\/the-words\/wp-json\/wp\/v2\/media?parent=12231"}],"curies":[{"name":"wp","href":"https:\/\/api.w.org\/{rel}","templated":true}]}}