{"id":4572,"date":"2022-09-07T22:42:20","date_gmt":"2022-09-07T22:42:20","guid":{"rendered":"https:\/\/www.macalester.edu\/160-the-words\/?page_id=4572"},"modified":"2024-08-07T17:31:48","modified_gmt":"2024-08-07T17:31:48","slug":"study-abroad-reflection","status":"publish","type":"page","link":"https:\/\/www.macalester.edu\/the-words\/home-2\/the-words-september-2022\/study-abroad-reflection\/","title":{"rendered":"Study Abroad Reflection"},"content":{"rendered":"<h2 class=\"wp-block-heading\">By Anna \u0160verclov\u00e1 &#8217;24<\/h2>\n\n\n\n<p><span style=\"font-weight: 400\">Last spring, I spent four months on Isla San Crist\u00f3bal, the capital island in the Gal\u00e1pagos archipelago. Though a program in environmental science often seemed hardly relevant to my creative writing major (thanks to COVID, a last minute switch), I found that being in an environment where there wasn\u2019t a huge wealth of (published, non-scientific) literature made writing feel like a free-for-all. Often during class field trips, one of the naturalist guides would spill a fact about the ecosystem, and it would be a metaphor so obvious it felt borderline dirty to use. For example: on the Gal\u00e1pagos islands, there is a tree called Manzanillo, or <\/span><i><span style=\"font-weight: 400\">The Poison Apple Tree<\/span><\/i><span style=\"font-weight: 400\">. My first day on the San Crist\u00f3bal, I was sitting on Playa Mann when one of the apples fell on my head from the tree above me. It smelled delicious, almost artificially so, like Suave Kids Green Apple Detangler. I remember telling my horticulturist friend, \u201canything that smells this good couldn\u2019t possibly be poisonous!\u201d Then, the very next day, we had a lecture in class about that very tree, including how even touching the leaves can give you \u201csevere blisters.\u201d<\/span><\/p>\n\n\n\n<p><span style=\"font-weight: 400\">I still refuse to write a poem about this definitionally low-hanging fruit. But the biggest takeaway I got from this experience was that any place can be a fitting study abroad for an English major, so long as you bring 9 books in your suitcase and can motivate yourself to write!<\/span><\/p>","protected":false},"excerpt":{"rendered":"<p>By Anna \u0160verclov\u00e1 &#8217;24 Last spring, I spent four months on Isla San Crist\u00f3bal, the capital island in the Gal\u00e1pagos archipelago. Though a program in environmental science often seemed hardly relevant to my creative writing major (thanks to COVID, a last minute switch), I found that being in an environment where there wasn\u2019t a huge [&hellip;]<\/p>","protected":false},"author":913,"featured_media":0,"parent":4559,"menu_order":0,"comment_status":"closed","ping_status":"closed","template":"","meta":{"_acf_changed":false,"footnotes":""},"class_list":["post-4572","page","type-page","status-publish","hentry"],"acf":[],"_links":{"self":[{"href":"https:\/\/www.macalester.edu\/the-words\/wp-json\/wp\/v2\/pages\/4572","targetHints":{"allow":["GET"]}}],"collection":[{"href":"https:\/\/www.macalester.edu\/the-words\/wp-json\/wp\/v2\/pages"}],"about":[{"href":"https:\/\/www.macalester.edu\/the-words\/wp-json\/wp\/v2\/types\/page"}],"author":[{"embeddable":true,"href":"https:\/\/www.macalester.edu\/the-words\/wp-json\/wp\/v2\/users\/913"}],"replies":[{"embeddable":true,"href":"https:\/\/www.macalester.edu\/the-words\/wp-json\/wp\/v2\/comments?post=4572"}],"version-history":[{"count":2,"href":"https:\/\/www.macalester.edu\/the-words\/wp-json\/wp\/v2\/pages\/4572\/revisions"}],"predecessor-version":[{"id":7779,"href":"https:\/\/www.macalester.edu\/the-words\/wp-json\/wp\/v2\/pages\/4572\/revisions\/7779"}],"up":[{"embeddable":true,"href":"https:\/\/www.macalester.edu\/the-words\/wp-json\/wp\/v2\/pages\/4559"}],"wp:attachment":[{"href":"https:\/\/www.macalester.edu\/the-words\/wp-json\/wp\/v2\/media?parent=4572"}],"curies":[{"name":"wp","href":"https:\/\/api.w.org\/{rel}","templated":true}]}}