{"id":9461,"date":"2024-12-04T21:14:11","date_gmt":"2024-12-04T21:14:11","guid":{"rendered":"https:\/\/www.macalester.edu\/the-words\/?page_id=9461"},"modified":"2024-12-04T21:45:26","modified_gmt":"2024-12-04T21:45:26","slug":"the-words-november-2024","status":"publish","type":"page","link":"https:\/\/www.macalester.edu\/the-words\/home-2\/the-words-november-2024\/","title":{"rendered":"The Words: November 2024"},"content":{"rendered":"<figure class=\"wp-block-image aligncenter size-large is-resized\"><img loading=\"lazy\" decoding=\"async\" width=\"1024\" height=\"611\" src=\"https:\/\/www.macalester.edu\/the-words\/wp-content\/uploads\/sites\/603\/2024\/09\/words-new-cover-1024x611.png\" alt=\"\" class=\"wp-image-9099\" style=\"width:1248px;height:auto\" srcset=\"https:\/\/www.macalester.edu\/the-words\/wp-content\/uploads\/sites\/603\/2024\/09\/words-new-cover-1024x611.png 1024w,  https:\/\/www.macalester.edu\/the-words\/wp-content\/uploads\/sites\/603\/2024\/09\/words-new-cover-300x179.png 300w,  https:\/\/www.macalester.edu\/the-words\/wp-content\/uploads\/sites\/603\/2024\/09\/words-new-cover-768x458.png 768w,  https:\/\/www.macalester.edu\/the-words\/wp-content\/uploads\/sites\/603\/2024\/09\/words-new-cover-1536x916.png 1536w,  https:\/\/www.macalester.edu\/the-words\/wp-content\/uploads\/sites\/603\/2024\/09\/words-new-cover.png 1903w\" sizes=\"auto, (max-width: 1024px) 100vw, 1024px\" \/><\/figure>\n\n\n\n<hr class=\"wp-block-separator has-alpha-channel-opacity\" \/>\n\n\n\n<figure class=\"wp-block-image alignright size-full is-resized\"><img loading=\"lazy\" decoding=\"async\" width=\"410\" height=\"632\" src=\"https:\/\/www.macalester.edu\/the-words\/wp-content\/uploads\/sites\/603\/2024\/12\/Screenshot-2024-12-04-at-12.13.43\u202fPM.png\" alt=\"\" class=\"wp-image-9525\" style=\"width:174px;height:auto\" srcset=\"https:\/\/www.macalester.edu\/the-words\/wp-content\/uploads\/sites\/603\/2024\/12\/Screenshot-2024-12-04-at-12.13.43\u202fPM.png 410w,  https:\/\/www.macalester.edu\/the-words\/wp-content\/uploads\/sites\/603\/2024\/12\/Screenshot-2024-12-04-at-12.13.43\u202fPM-195x300.png 195w\" sizes=\"auto, (max-width: 410px) 100vw, 410px\" \/><\/figure>\n\n\n\n<h2 class=\"wp-block-heading\">Georgia Cloepfil \u201914 Scores on Soccer and Literary Fields with The Striker and the Clock<\/h2>\n\n\n\n<h3 class=\"wp-block-heading\">by Callisto Martinez &#8217;26<\/h3>\n\n\n\n<p>After ten years filled with travelling overseas to play on professional soccer teams, jotting down notes in her spare time, attending an MFA program at the University of Idaho, and coaching soccer at Whitman College, Georgia Cloepfil \u201914 returned to Macalester to give a book talk on the culmination of her athletic and intellectual pursuits: <em>The Striker and the Clock <\/em>(2024).\u00a0<a href=\"https:\/\/www.macalester.edu\/the-words\/home\/the-words-november-2024\/georgia-cloepfil-14-scores-on-soccer-and-literary-fields-with-the-striker-and-the-clock\/\">Read more about Cloepfil&#8217;s insights here!<\/a><\/p>\n\n\n\n<hr class=\"wp-block-separator has-alpha-channel-opacity\" \/>\n\n\n\n<figure class=\"wp-block-image alignright size-full is-resized\"><img loading=\"lazy\" decoding=\"async\" width=\"1078\" height=\"1214\" src=\"https:\/\/www.macalester.edu\/the-words\/wp-content\/uploads\/sites\/603\/2024\/12\/Screenshot-2024-12-04-at-12.16.22\u202fPM.png\" alt=\"\" class=\"wp-image-9527\" style=\"width:241px;height:auto\" srcset=\"https:\/\/www.macalester.edu\/the-words\/wp-content\/uploads\/sites\/603\/2024\/12\/Screenshot-2024-12-04-at-12.16.22\u202fPM.png 1078w,  https:\/\/www.macalester.edu\/the-words\/wp-content\/uploads\/sites\/603\/2024\/12\/Screenshot-2024-12-04-at-12.16.22\u202fPM-266x300.png 266w,  https:\/\/www.macalester.edu\/the-words\/wp-content\/uploads\/sites\/603\/2024\/12\/Screenshot-2024-12-04-at-12.16.22\u202fPM-909x1024.png 909w,  https:\/\/www.macalester.edu\/the-words\/wp-content\/uploads\/sites\/603\/2024\/12\/Screenshot-2024-12-04-at-12.16.22\u202fPM-768x865.png 768w\" sizes=\"auto, (max-width: 1078px) 100vw, 1078px\" \/><\/figure>\n\n\n\n<h2 class=\"wp-block-heading\">English Majors Abroad: Daniel Graham<\/h2>\n\n\n\n<h3 class=\"wp-block-heading\">by Ahlaam Abdulwali &#8217;25<\/h3>\n\n\n\n<p>This semester, you may have noticed a missing presence in the English department work room. Daniel Graham \u201826, an English major and beloved student worker, is currently studying abroad in Copenhagen. <a href=\"https:\/\/www.macalester.edu\/the-words\/home\/the-words-november-2024\/english-majors-abroad-daniel-graham\/\">Daniel graciously took time out of his day to answer some of our questions here!<\/a><\/p>\n\n\n\n<hr class=\"wp-block-separator has-alpha-channel-opacity\" \/>\n\n\n\n<h2 class=\"wp-block-heading\">My Summer 2024 Internship with Moonstone Arts Center<\/h2>\n\n\n\n<figure class=\"wp-block-image alignright size-full is-resized\"><img loading=\"lazy\" decoding=\"async\" width=\"250\" height=\"173\" src=\"https:\/\/www.macalester.edu\/the-words\/wp-content\/uploads\/sites\/603\/2024\/12\/submit-header-4260778183.jpg\" alt=\"\" class=\"wp-image-9529\" style=\"width:263px;height:auto\" \/><\/figure>\n\n\n\n<h3 class=\"wp-block-heading\">by Sarah Tachau &#8217;27<\/h3>\n\n\n\n<p>Last winter I sat slumped over my computer and a hot mocha in one of my regular hometown cafes, back aching from an hour of revising poetry submissions. Halfway through break, I was hoisting the minimal motivation left in me to exercise the English-y part of my brain. While perusing Submittable, an anthology call for submissions from Moonstone Arts Center caught my eye. To my surprise, this small press was based not so far from me, in downtown Philadelphia. I took the chance to submit and reach out to the founder and current head of the house, Larry Robin, regarding summer internship openings. <a href=\"https:\/\/www.macalester.edu\/the-words\/home\/the-words-november-2024\/my-summer-2024-internship-with-moonstone-arts-center\/\">Read about my internship with Moonstone here!<\/a><\/p>\n\n\n\n<hr class=\"wp-block-separator has-alpha-channel-opacity\" \/>\n\n\n\n<h2 class=\"wp-block-heading\">Rooted in Words: An Interview with Professor Elkins about her Poetree<\/h2>\n\n\n\n<figure class=\"wp-block-image alignright size-full is-resized\"><img loading=\"lazy\" decoding=\"async\" width=\"940\" height=\"1142\" src=\"https:\/\/www.macalester.edu\/the-words\/wp-content\/uploads\/sites\/603\/2024\/12\/Poetree-logo.png\" alt=\"\" class=\"wp-image-9485\" style=\"width:205px;height:auto\" srcset=\"https:\/\/www.macalester.edu\/the-words\/wp-content\/uploads\/sites\/603\/2024\/12\/Poetree-logo.png 940w,  https:\/\/www.macalester.edu\/the-words\/wp-content\/uploads\/sites\/603\/2024\/12\/Poetree-logo-247x300.png 247w,  https:\/\/www.macalester.edu\/the-words\/wp-content\/uploads\/sites\/603\/2024\/12\/Poetree-logo-843x1024.png 843w,  https:\/\/www.macalester.edu\/the-words\/wp-content\/uploads\/sites\/603\/2024\/12\/Poetree-logo-768x933.png 768w\" sizes=\"auto, (max-width: 940px) 100vw, 940px\" \/><\/figure>\n\n\n\n<h3 class=\"wp-block-heading\">by Peyton Williamson &#8217;27<\/h3>\n\n\n\n<p>Fresh from a new move over the summer, Professor Amy Elkins, inspired by all kinds of community engagement activities, decided to start posting poems on a hackberry tree in front of her house. What started as a fun undertaking quickly became a lovely way of assimilating into her neighborhood and spreading the poems\u2019 impact into more unexpected places. <em>The Words<\/em> had a chance to interview her and learn a little bit about what inspired the project and how it has grown since it began. <a href=\"https:\/\/www.macalester.edu\/the-words\/home\/the-words-november-2024\/rooted-in-words-an-interview-with-professor-elkins-about-her-poetree\/\">Click here to read more about the poetree!<\/a><\/p>\n\n\n\n<hr class=\"wp-block-separator has-alpha-channel-opacity\" \/>\n\n\n\n<h2 class=\"wp-block-heading\">Beja\u2019s Journey of Overcoming Her Dysophoria Through Theater<\/h2>\n\n\n\n<figure class=\"wp-block-image alignright size-full is-resized\"><img loading=\"lazy\" decoding=\"async\" width=\"1010\" height=\"676\" src=\"https:\/\/www.macalester.edu\/the-words\/wp-content\/uploads\/sites\/603\/2024\/12\/Screenshot-2024-12-04-at-1.04.01\u202fPM.png\" alt=\"\" class=\"wp-image-9541\" style=\"width:268px;height:auto\" srcset=\"https:\/\/www.macalester.edu\/the-words\/wp-content\/uploads\/sites\/603\/2024\/12\/Screenshot-2024-12-04-at-1.04.01\u202fPM.png 1010w,  https:\/\/www.macalester.edu\/the-words\/wp-content\/uploads\/sites\/603\/2024\/12\/Screenshot-2024-12-04-at-1.04.01\u202fPM-300x201.png 300w,  https:\/\/www.macalester.edu\/the-words\/wp-content\/uploads\/sites\/603\/2024\/12\/Screenshot-2024-12-04-at-1.04.01\u202fPM-768x514.png 768w\" sizes=\"auto, (max-width: 1010px) 100vw, 1010px\" \/><\/figure>\n\n\n\n<h3 class=\"wp-block-heading\">by Beja Pu\u0161k\u00e1\u0161ov\u00e1 &#8217;26<\/h3>\n\n\n\n<p>This semester, I decided to audition for the Fall theater production. One of the reasons I was so excited to audition for this production was that it was going to be devised. That means that instead of following a rigid script, the production team (actors, director, and even designers) would collaborate, improvise, brainstorm and reflect to create their own original piece of theater. <a href=\"https:\/\/www.macalester.edu\/the-words\/home\/the-words-november-2024\/bejas-journey-of-overcoming-her-dysphoria-through-theater\/\">Read more about this journey here!<\/a><\/p>\n\n\n\n<hr class=\"wp-block-separator has-alpha-channel-opacity\" \/>\n\n\n\n<figure class=\"wp-block-image alignright size-large is-resized\"><img loading=\"lazy\" decoding=\"async\" width=\"1024\" height=\"683\" src=\"https:\/\/www.macalester.edu\/the-words\/wp-content\/uploads\/sites\/603\/2024\/12\/1b2399783f49c1c4751c1c37b501a182-3896255132-1024x683.png\" alt=\"\" class=\"wp-image-9533\" style=\"width:312px;height:auto\" srcset=\"https:\/\/www.macalester.edu\/the-words\/wp-content\/uploads\/sites\/603\/2024\/12\/1b2399783f49c1c4751c1c37b501a182-3896255132-1024x683.png 1024w,  https:\/\/www.macalester.edu\/the-words\/wp-content\/uploads\/sites\/603\/2024\/12\/1b2399783f49c1c4751c1c37b501a182-3896255132-300x200.png 300w,  https:\/\/www.macalester.edu\/the-words\/wp-content\/uploads\/sites\/603\/2024\/12\/1b2399783f49c1c4751c1c37b501a182-3896255132-768x512.png 768w,  https:\/\/www.macalester.edu\/the-words\/wp-content\/uploads\/sites\/603\/2024\/12\/1b2399783f49c1c4751c1c37b501a182-3896255132-1536x1024.png 1536w,  https:\/\/www.macalester.edu\/the-words\/wp-content\/uploads\/sites\/603\/2024\/12\/1b2399783f49c1c4751c1c37b501a182-3896255132-2048x1365.png 2048w\" sizes=\"auto, (max-width: 1024px) 100vw, 1024px\" \/><\/figure>\n\n\n\n<h2 class=\"wp-block-heading\">English-y Internships: Button Poetry (with Andrew Dong and Molly Friedrichs)<\/h2>\n\n\n\n<h3 class=\"wp-block-heading\">by Birdie Keller &#8217;25<\/h3>\n\n\n\n<p>One of the most exciting things about being in the Twin Cities is the wonderful literary community in the area, and the amount of opportunities there are to get involved in a variety of ways. Andrew Dong \u201926 and Molly Friedrichs \u201926 both recently interned with Button Poetry, and have graciously taken the time to answer some questions about the experience! <a href=\"https:\/\/www.macalester.edu\/the-words\/home\/the-words-november-2024\/english-y-internships-button-poetry-with-andrew-dong-and-molly-friedrichs\/\">Read Molly and Andrew&#8217;s answers here<\/a>.<\/p>\n\n\n\n<hr class=\"wp-block-separator has-alpha-channel-opacity\" \/>\n\n\n\n<h2 class=\"wp-block-heading\">Craft Corner with Veronica Kruschel \u201825<\/h2>\n\n\n\n<figure class=\"wp-block-image alignright size-large is-resized\"><img loading=\"lazy\" decoding=\"async\" width=\"1024\" height=\"768\" src=\"https:\/\/www.macalester.edu\/the-words\/wp-content\/uploads\/sites\/603\/2024\/12\/Craft-Corner-picture-1024x768.jpeg\" alt=\"\" class=\"wp-image-9471\" style=\"width:226px;height:auto\" srcset=\"https:\/\/www.macalester.edu\/the-words\/wp-content\/uploads\/sites\/603\/2024\/12\/Craft-Corner-picture-1024x768.jpeg 1024w,  https:\/\/www.macalester.edu\/the-words\/wp-content\/uploads\/sites\/603\/2024\/12\/Craft-Corner-picture-300x225.jpeg 300w,  https:\/\/www.macalester.edu\/the-words\/wp-content\/uploads\/sites\/603\/2024\/12\/Craft-Corner-picture-768x576.jpeg 768w,  https:\/\/www.macalester.edu\/the-words\/wp-content\/uploads\/sites\/603\/2024\/12\/Craft-Corner-picture-1536x1152.jpeg 1536w,  https:\/\/www.macalester.edu\/the-words\/wp-content\/uploads\/sites\/603\/2024\/12\/Craft-Corner-picture-2048x1536.jpeg 2048w\" sizes=\"auto, (max-width: 1024px) 100vw, 1024px\" \/><\/figure>\n\n\n\n<h3 class=\"wp-block-heading\">by Jizelle Villegas &#8217;26<\/h3>\n\n\n\n<p>For this month\u2019s Craft Corner, <em>The Words<\/em> sat down with Veronica Kruschel (she\/her) to talk about her creative side in cooking and baking and how creating things in the kitchen is connected to creating things on paper as a Creative Writing and Psychology double major.&nbsp;<a href=\"https:\/\/www.macalester.edu\/the-words\/home\/the-words-november-2024\/craft-corner-with-veronica-kruschel-25\/\">Read more here!<\/a><\/p>\n\n\n\n<hr class=\"wp-block-separator has-alpha-channel-opacity\" \/>\n\n\n\n<h2 class=\"wp-block-heading\">Student\/Faculty Accolades<\/h2>\n\n\n\n<h3 class=\"wp-block-heading\">by Jizelle Villegas &#8217;26<\/h3>\n\n\n\n<p><a href=\"https:\/\/www.macalester.edu\/the-words\/home\/the-words-november-2024\/student-faculty-accolades\/\">Read the monthly roundup of student\/faculty accolades here.<\/a><\/p>\n\n\n\n<hr class=\"wp-block-separator has-alpha-channel-opacity\" \/>\n\n\n\n<p><\/p>","protected":false},"excerpt":{"rendered":"<p>Georgia Cloepfil \u201914 Scores on Soccer and Literary Fields with The Striker and the Clock by Callisto Martinez &#8217;26 After ten years filled with travelling overseas to play on professional soccer teams, jotting down notes in her spare time, attending an MFA program at the University of Idaho, and coaching soccer at Whitman College, Georgia [&hellip;]<\/p>","protected":false},"author":7,"featured_media":0,"parent":305,"menu_order":0,"comment_status":"closed","ping_status":"closed","template":"","meta":{"_acf_changed":false,"footnotes":""},"class_list":["post-9461","page","type-page","status-publish","hentry"],"acf":[],"_links":{"self":[{"href":"https:\/\/www.macalester.edu\/the-words\/wp-json\/wp\/v2\/pages\/9461","targetHints":{"allow":["GET"]}}],"collection":[{"href":"https:\/\/www.macalester.edu\/the-words\/wp-json\/wp\/v2\/pages"}],"about":[{"href":"https:\/\/www.macalester.edu\/the-words\/wp-json\/wp\/v2\/types\/page"}],"author":[{"embeddable":true,"href":"https:\/\/www.macalester.edu\/the-words\/wp-json\/wp\/v2\/users\/7"}],"replies":[{"embeddable":true,"href":"https:\/\/www.macalester.edu\/the-words\/wp-json\/wp\/v2\/comments?post=9461"}],"version-history":[{"count":13,"href":"https:\/\/www.macalester.edu\/the-words\/wp-json\/wp\/v2\/pages\/9461\/revisions"}],"predecessor-version":[{"id":9585,"href":"https:\/\/www.macalester.edu\/the-words\/wp-json\/wp\/v2\/pages\/9461\/revisions\/9585"}],"up":[{"embeddable":true,"href":"https:\/\/www.macalester.edu\/the-words\/wp-json\/wp\/v2\/pages\/305"}],"wp:attachment":[{"href":"https:\/\/www.macalester.edu\/the-words\/wp-json\/wp\/v2\/media?parent=9461"}],"curies":[{"name":"wp","href":"https:\/\/api.w.org\/{rel}","templated":true}]}}