{"id":9647,"date":"2025-03-05T21:45:46","date_gmt":"2025-03-05T21:45:46","guid":{"rendered":"https:\/\/www.macalester.edu\/the-words\/?page_id=9647"},"modified":"2025-03-05T22:22:38","modified_gmt":"2025-03-05T22:22:38","slug":"the-words-february-2025","status":"publish","type":"page","link":"https:\/\/www.macalester.edu\/the-words\/home-2\/the-words-february-2025\/","title":{"rendered":"The Words: February 2025"},"content":{"rendered":"<figure class=\"wp-block-image aligncenter size-large is-resized\"><img loading=\"lazy\" decoding=\"async\" width=\"1024\" height=\"611\" src=\"https:\/\/www.macalester.edu\/the-words\/wp-content\/uploads\/sites\/603\/2024\/09\/words-new-cover-1024x611.png\" alt=\"\" class=\"wp-image-9099\" style=\"width:1248px;height:auto\" srcset=\"https:\/\/www.macalester.edu\/the-words\/wp-content\/uploads\/sites\/603\/2024\/09\/words-new-cover-1024x611.png 1024w,  https:\/\/www.macalester.edu\/the-words\/wp-content\/uploads\/sites\/603\/2024\/09\/words-new-cover-300x179.png 300w,  https:\/\/www.macalester.edu\/the-words\/wp-content\/uploads\/sites\/603\/2024\/09\/words-new-cover-768x458.png 768w,  https:\/\/www.macalester.edu\/the-words\/wp-content\/uploads\/sites\/603\/2024\/09\/words-new-cover-1536x916.png 1536w,  https:\/\/www.macalester.edu\/the-words\/wp-content\/uploads\/sites\/603\/2024\/09\/words-new-cover.png 1903w\" sizes=\"auto, (max-width: 1024px) 100vw, 1024px\" \/><\/figure>\n\n\n<section class=\"context-image block-container context-image--right\" >\n    <div class=\"context-image__inner\">\n        <div class=\"context-image__image-column\">\n            <div class=\"context-image__image-wrapper\">\n                <img decoding=\"async\" alt=\"\" aria-hidden=\"true\" class=\"context-image__texture\" src=\"\/wp-content\/themes\/macalester-2020\/dist\/images\/texture-context-image.png\">\n                <img decoding=\"async\" alt=\"Split-screen image with a headshot of Prof. Ben Voigt on the left and Prof. Emma T\u00f6rzs on the right.\" class=\"context-image__image\" src=\"https:\/\/www.macalester.edu\/the-words\/wp-content\/uploads\/sites\/603\/2025\/02\/Untitled-design-1.jpg\">\n            <\/div>\n        <\/div>\n        <div class=\"context-image__text-column\">\n            <div class=\"base-lockup\">\n\t\t\t    \t\t\t        <span class=\"base-lockup__label\">by Sarah Tachau &#8217;27<\/span>\n\t\t\t    \t\t\t    \t\t\t        <h2 class=\"base-lockup__heading\">The Trials and Tribulations of Writing Submissions: A Chat with Professor Emma T\u00f6rzs and Professor Ben Voigt<\/h2>\n\t\t\t    \t\t\t    \t\t\t        <p class=\"base-lockup__copy\">It is March 6th, and if you\u2019ve been regularly scanning the English department emails, you\u2019ll know that today is your final day to submit to the department\u2019s three esteemed writing contests. Today, writers, the arduous two-month waiting period commences. Rather than fret over your submissions, The Words is here to offer solace in the wisdom of Professor Emma T\u00f6rzs \u201909 and Professor Ben Voigt \u201910, two of the department\u2019s very own contest winners and talented authors.<\/p>\n\t\t\t    \t\t\t    \t\t\t        <div class=\"base-lockup__cta\">\n\t\t\t            <a class=\"base-cta-primary\" href=\"https:\/\/www.macalester.edu\/the-words\/home\/the-words-february-2025\/the-trials-and-tribulations-of-writing-submissions-a-chat-with-professor-emma-torzs-and-professor-ben-voigt\/\" target=\"_self\">Read More<\/a>\n\t\t\t        <\/div>\n\t\t\t    \t\t\t<\/div>\n        <\/div>\n    <\/div>\n<\/section>\n\n\n<section class=\"context-image block-container context-image--right\" >\n    <div class=\"context-image__inner\">\n        <div class=\"context-image__image-column\">\n            <div class=\"context-image__image-wrapper\">\n                <img decoding=\"async\" alt=\"\" aria-hidden=\"true\" class=\"context-image__texture\" src=\"\/wp-content\/themes\/macalester-2020\/dist\/images\/texture-context-image.png\">\n                <img decoding=\"async\" alt=\"Five paper food boat trays with strawberries in them on a red tablecloth at the Valentine's Day coffee house. Behind them on the table, a heater with chocolate fondue inside and two hands reaching out to dip food into it.\" class=\"context-image__image\" src=\"https:\/\/www.macalester.edu\/the-words\/wp-content\/uploads\/sites\/603\/2025\/02\/unnamed.jpg\">\n            <\/div>\n        <\/div>\n        <div class=\"context-image__text-column\">\n            <div class=\"base-lockup\">\n\t\t\t    \t\t\t        <span class=\"base-lockup__label\">by Beja Pu\u0161k\u00e1\u0161ov\u00e1 &#8217;26<\/span>\n\t\t\t    \t\t\t    \t\t\t        <h2 class=\"base-lockup__heading\">English Events: Looking back and looking forward<\/h2>\n\t\t\t    \t\t\t    \t\t\t        <p class=\"base-lockup__copy\">Hello everyone! We are already almost halfway through our semester, but the English Department still has many exciting events for you to look forward to. For your convenience, we have assembled all the events with short descriptions for each of them in this article so that you can put them in your calendar!<\/p>\n\t\t\t    \t\t\t    \t\t\t        <div class=\"base-lockup__cta\">\n\t\t\t            <a class=\"base-cta-primary\" href=\"https:\/\/www.macalester.edu\/the-words\/home\/the-words-february-2025\/english-events-looking-back-and-looking-forward\/\" target=\"_self\">Read More<\/a>\n\t\t\t        <\/div>\n\t\t\t    \t\t\t<\/div>\n        <\/div>\n    <\/div>\n<\/section>\n\n\n<section class=\"context-image block-container context-image--right\" >\n    <div class=\"context-image__inner\">\n        <div class=\"context-image__image-column\">\n            <div class=\"context-image__image-wrapper\">\n                <img decoding=\"async\" alt=\"\" aria-hidden=\"true\" class=\"context-image__texture\" src=\"\/wp-content\/themes\/macalester-2020\/dist\/images\/texture-context-image.png\">\n                <img decoding=\"async\" alt=\"The front doors to Kagin Commons, where Macalester's Career Exploration offices are located.\" class=\"context-image__image\" src=\"https:\/\/www.macalester.edu\/the-words\/wp-content\/uploads\/sites\/603\/2025\/02\/Kagin-e1698433915956.jpeg\">\n            <\/div>\n        <\/div>\n        <div class=\"context-image__text-column\">\n            <div class=\"base-lockup\">\n\t\t\t    \t\t\t        <span class=\"base-lockup__label\">by Jizelle Villegas &#8217;26<\/span>\n\t\t\t    \t\t\t    \t\t\t        <h2 class=\"base-lockup__heading\">Internship Tips for English Majors<\/h2>\n\t\t\t    \t\t\t    \t\t\t        <p class=\"base-lockup__copy\">Looking for internship opportunities can be daunting. Should you apply for a fall, spring or summer internship? Are you willing to do an unpaid one and get course credit for it? Or would you rather it be paid? These are just some of the many questions English majors ask themselves as they look for an internship to dedicate their time to. <\/p>\n\t\t\t    \t\t\t    \t\t\t        <div class=\"base-lockup__cta\">\n\t\t\t            <a class=\"base-cta-primary\" href=\"https:\/\/www.macalester.edu\/the-words\/home\/the-words-february-2025\/internship-tips-for-english-majors\/\" target=\"_self\">Read More<\/a>\n\t\t\t        <\/div>\n\t\t\t    \t\t\t<\/div>\n        <\/div>\n    <\/div>\n<\/section>\n\n\n<section class=\"context-image block-container context-image--right\" >\n    <div class=\"context-image__inner\">\n        <div class=\"context-image__image-column\">\n            <div class=\"context-image__image-wrapper\">\n                <img decoding=\"async\" alt=\"\" aria-hidden=\"true\" class=\"context-image__texture\" src=\"\/wp-content\/themes\/macalester-2020\/dist\/images\/texture-context-image.png\">\n                <img decoding=\"async\" alt=\"Michael Prior headshot in front of foliage\" class=\"context-image__image\" src=\"https:\/\/www.macalester.edu\/the-words\/wp-content\/uploads\/sites\/603\/2025\/02\/Prior-Headshot-Copy-scaled.jpeg\">\n            <\/div>\n        <\/div>\n        <div class=\"context-image__text-column\">\n            <div class=\"base-lockup\">\n\t\t\t    \t\t\t        <span class=\"base-lockup__label\">by Callisto Martinez &#8217;26<\/span>\n\t\t\t    \t\t\t    \t\t\t        <h2 class=\"base-lockup__heading\">Writing home with Professor Michael Prior, a mid-sabbatical check-in<\/h2>\n\t\t\t    \t\t\t    \t\t\t        <p class=\"base-lockup__copy\">This academic year, Professor Michael Prior will be on sabbatical from the English Department after receiving tenure! The Words reached out to talk with Professor Prior about his projects and ponderings so far. Read on to keep posted about the new poetry collection Professor Prior is working on, his time in New England for the Amy Clampitt Residency, and more exciting updates. <\/p>\n\t\t\t    \t\t\t    \t\t\t        <div class=\"base-lockup__cta\">\n\t\t\t            <a class=\"base-cta-primary\" href=\"https:\/\/www.macalester.edu\/the-words\/home\/the-words-february-2025\/writing-home-with-professor-michael-prior-a-mid-sabbatical-check-in\/\" target=\"_self\">Read More<\/a>\n\t\t\t        <\/div>\n\t\t\t    \t\t\t<\/div>\n        <\/div>\n    <\/div>\n<\/section>\n\n\n<section class=\"context-image block-container context-image--right\" >\n    <div class=\"context-image__inner\">\n        <div class=\"context-image__image-column\">\n            <div class=\"context-image__image-wrapper\">\n                <img decoding=\"async\" alt=\"\" aria-hidden=\"true\" class=\"context-image__texture\" src=\"\/wp-content\/themes\/macalester-2020\/dist\/images\/texture-context-image.png\">\n                <img decoding=\"async\" alt=\"The zoom screen from the alumni panel, featuring all four alumni plus the students and faculty in the classroom.\" class=\"context-image__image\" src=\"https:\/\/www.macalester.edu\/the-words\/wp-content\/uploads\/sites\/603\/2025\/03\/IMG_3091-scaled.jpg\">\n            <\/div>\n        <\/div>\n        <div class=\"context-image__text-column\">\n            <div class=\"base-lockup\">\n\t\t\t    \t\t\t        <span class=\"base-lockup__label\">by Ahlaam Abdulwali &#8217;25<\/span>\n\t\t\t    \t\t\t    \t\t\t        <h2 class=\"base-lockup__heading\">Alumni Advice: Recount of Coffee House Panel<\/h2>\n\t\t\t    \t\t\t    \t\t\t        <p class=\"base-lockup__copy\">For the coffee house on Feb. 19, we had Macalester English alumni stop by (over zoom) to share what their lives have been like post-Mac. This panel, moderated by Professor Andrea Kaston Tange and Marcos Cruz from Career Exploration, had four wonderful alumni: Ava Bindas \u201817, Chlo\u00eb Moore \u201824, Charley Eatchel \u201823, and Danielle Freshwaters \u201822. <\/p>\n\t\t\t    \t\t\t    \t\t\t        <div class=\"base-lockup__cta\">\n\t\t\t            <a class=\"base-cta-primary\" href=\"https:\/\/www.macalester.edu\/the-words\/home\/the-words-february-2025\/english-department-collaborates-with-career-exploration-to-host-alumni-panel\/\" target=\"_self\">Read More<\/a>\n\t\t\t        <\/div>\n\t\t\t    \t\t\t<\/div>\n        <\/div>\n    <\/div>\n<\/section>\n\n\n<section class=\"context-image block-container context-image--right\" >\n    <div class=\"context-image__inner\">\n        <div class=\"context-image__image-column\">\n            <div class=\"context-image__image-wrapper\">\n                <img decoding=\"async\" alt=\"\" aria-hidden=\"true\" class=\"context-image__texture\" src=\"\/wp-content\/themes\/macalester-2020\/dist\/images\/texture-context-image.png\">\n                <img decoding=\"async\" alt=\"A wide shot of A Poem for an Entangled Living, the display at the center of the Art Shanties.\" class=\"context-image__image\" src=\"https:\/\/www.macalester.edu\/the-words\/wp-content\/uploads\/sites\/603\/2025\/02\/IMG_2359-1-scaled.jpg\">\n            <\/div>\n        <\/div>\n        <div class=\"context-image__text-column\">\n            <div class=\"base-lockup\">\n\t\t\t    \t\t\t        <span class=\"base-lockup__label\">by Daniel Graham &#8217;26<\/span>\n\t\t\t    \t\t\t    \t\t\t        <h2 class=\"base-lockup__heading\">Minnesota in wintertime: Art Shanty Projects<\/h2>\n\t\t\t    \t\t\t    \t\t\t        <p class=\"base-lockup__copy\">Every year, as temperatures drop from cold to frigid to Ice-Age-inducing, Minnesotans get creative. When the land of 10,000 lakes turns into the land of 10,000 ice skating rinks, winter fanatics go out to the middle of one of them and set up shop.<\/p>\n\t\t\t    \t\t\t    \t\t\t        <div class=\"base-lockup__cta\">\n\t\t\t            <a class=\"base-cta-primary\" href=\"https:\/\/www.macalester.edu\/the-words\/home\/the-words-february-2025\/minnesota-in-wintertime-art-shanty-projects\/\" target=\"_self\">Read More<\/a>\n\t\t\t        <\/div>\n\t\t\t    \t\t\t<\/div>\n        <\/div>\n    <\/div>\n<\/section>\n\n\n<section class=\"context-image block-container context-image--right\" >\n    <div class=\"context-image__inner\">\n        <div class=\"context-image__image-column\">\n            <div class=\"context-image__image-wrapper\">\n                <img decoding=\"async\" alt=\"\" aria-hidden=\"true\" class=\"context-image__texture\" src=\"\/wp-content\/themes\/macalester-2020\/dist\/images\/texture-context-image.png\">\n                <img decoding=\"async\" alt=\"Interior of Midway Books, towering shelves full of books loom on either side and at the end\" class=\"context-image__image\" src=\"https:\/\/www.macalester.edu\/the-words\/wp-content\/uploads\/sites\/603\/2025\/02\/Screenshot-2025-02-10-at-2.33.33\u202fPM.png\">\n            <\/div>\n        <\/div>\n        <div class=\"context-image__text-column\">\n            <div class=\"base-lockup\">\n\t\t\t    \t\t\t        <span class=\"base-lockup__label\">by Birdie Keller &#8217;25<\/span>\n\t\t\t    \t\t\t    \t\t\t        <h2 class=\"base-lockup__heading\">Bookstores of Saint Paul: Midway, Black Garnet, Next Chapter<\/h2>\n\t\t\t    \t\t\t    \t\t\t        <p class=\"base-lockup__copy\">The Twin Cities is a great place for book lovers. You can find small, independent bookstores everywhere, each with their own unique vibe, curating a selection of literature just for you, dear reader! In my time at Macalester, I have not visited even a fraction of the bookstores here. So, this month, I visited a bunch of bookstores (along with my roommate Audrey, another intrepid book fiend). My hope is that this will inspire readers to visit some of these amazing bookstores, whether to browse, buy, or enjoy being surrounded by books.<\/p>\n\t\t\t    \t\t\t    \t\t\t        <div class=\"base-lockup__cta\">\n\t\t\t            <a class=\"base-cta-primary\" href=\"https:\/\/www.macalester.edu\/the-words\/home\/the-words-february-2025\/bookstores-of-saint-paul-midway-black-garnet-next-chapter\/\" target=\"_self\">Read more<\/a>\n\t\t\t        <\/div>\n\t\t\t    \t\t\t<\/div>\n        <\/div>\n    <\/div>\n<\/section>\n\n\n<section class=\"context-image block-container context-image--right\" >\n    <div class=\"context-image__inner\">\n        <div class=\"context-image__image-column\">\n            <div class=\"context-image__image-wrapper\">\n                <img decoding=\"async\" alt=\"\" aria-hidden=\"true\" class=\"context-image__texture\" src=\"\/wp-content\/themes\/macalester-2020\/dist\/images\/texture-context-image.png\">\n                <img decoding=\"async\" alt=\"The cartoon face of Macalester athletics' orange highland cow mascot on a bright orange background.\" class=\"context-image__image\" src=\"https:\/\/www.macalester.edu\/the-words\/wp-content\/uploads\/sites\/603\/2025\/03\/images.png\">\n            <\/div>\n        <\/div>\n        <div class=\"context-image__text-column\">\n            <div class=\"base-lockup\">\n\t\t\t    \t\t\t        <span class=\"base-lockup__label\">by Daniel Graham &#8217;26<\/span>\n\t\t\t    \t\t\t    \t\t\t        <h2 class=\"base-lockup__heading\">The English Department in Athletics: Sports Information<\/h2>\n\t\t\t    \t\t\t    \t\t\t        <p class=\"base-lockup__copy\">If you\u2019ve spent any time on the Macalester College Athletics website, you will have seen the almost-daily articles that the department posts. All these articles are credited to the ambiguously titled \u201cMacalester Athletic Staff.\u201d That title could apply to any number of people, but sometimes, that person is me.<\/p>\n\t\t\t    \t\t\t    \t\t\t        <div class=\"base-lockup__cta\">\n\t\t\t            <a class=\"base-cta-primary\" href=\"https:\/\/www.macalester.edu\/the-words\/home\/the-words-february-2025\/the-english-department-in-athletics-sports-information\/\" target=\"_self\">Read More<\/a>\n\t\t\t        <\/div>\n\t\t\t    \t\t\t<\/div>\n        <\/div>\n    <\/div>\n<\/section>\n\n\n<section class=\"context-image block-container context-image--right\" >\n    <div class=\"context-image__inner\">\n        <div class=\"context-image__image-column\">\n            <div class=\"context-image__image-wrapper\">\n                <img decoding=\"async\" alt=\"\" aria-hidden=\"true\" class=\"context-image__texture\" src=\"\/wp-content\/themes\/macalester-2020\/dist\/images\/texture-context-image.png\">\n                <img decoding=\"async\" alt=\"A copy of the Literary Publishing class's newest Anthologies release, The Orchard.\" class=\"context-image__image\" src=\"https:\/\/www.macalester.edu\/the-words\/wp-content\/uploads\/sites\/603\/2025\/03\/IMG_7215-scaled.jpg\">\n            <\/div>\n        <\/div>\n        <div class=\"context-image__text-column\">\n            <div class=\"base-lockup\">\n\t\t\t    \t\t\t        <span class=\"base-lockup__label\">By Ella Stern &#8217;27 &amp; Natalie Mazey &#8217;26<\/span>\n\t\t\t    \t\t\t    \t\t\t        <h2 class=\"base-lockup__heading\">From The Mac Weekly: <i>Literary Publishing unveils their third anthology<\/i><\/h2>\n\t\t\t    \t\t\t    \t\t\t        <p class=\"base-lockup__copy\">The Fall 2024 Literary Publishing class celebrated the release of \u201cThe Orchard,\u201d the course\u2019s third anthology at the English department coffee house on Feb. 5, highlighting the power of real-world learning applications within the humanities field and celebrating the creative skills of the class\u2019s contributors and editors. English professor Steve Woodward, who has taught the class since 2019, reflected on the experience of watching his students\u2019 vision come to life. <\/p>\n\t\t\t    \t\t\t    \t\t\t        <div class=\"base-lockup__cta\">\n\t\t\t            <a class=\"base-cta-primary\" href=\"https:\/\/www.macalester.edu\/the-words\/home\/the-words-february-2025\/from-the-mac-weekly-literary-publishing-unveils-their-third-anthology\/\" target=\"_self\">Read More<\/a>\n\t\t\t        <\/div>\n\t\t\t    \t\t\t<\/div>\n        <\/div>\n    <\/div>\n<\/section>\n\n\n<section class=\"context-image block-container context-image--right\" >\n    <div class=\"context-image__inner\">\n        <div class=\"context-image__image-column\">\n            <div class=\"context-image__image-wrapper\">\n                <img decoding=\"async\" alt=\"\" aria-hidden=\"true\" class=\"context-image__texture\" src=\"\/wp-content\/themes\/macalester-2020\/dist\/images\/texture-context-image.png\">\n                <img decoding=\"async\" alt=\"Gavia Boyden's poetry Instagram page and recent posts\" class=\"context-image__image\" src=\"https:\/\/www.macalester.edu\/the-words\/wp-content\/uploads\/sites\/603\/2025\/03\/Screenshot-2025-03-03-at-3.55.38\u202fPM.png\">\n            <\/div>\n        <\/div>\n        <div class=\"context-image__text-column\">\n            <div class=\"base-lockup\">\n\t\t\t    \t\t\t        <span class=\"base-lockup__label\">by Peyton Williamson &#8217;27<\/span>\n\t\t\t    \t\t\t    \t\t\t        <h2 class=\"base-lockup__heading\">Words in the Wild: Gavia Boyden &#8217;26<\/h2>\n\t\t\t    \t\t\t    \t\t\t        <p class=\"base-lockup__copy\">For this edition of Craft Corner, The Words took a new turn with Words in the Wild, where we\u2019ll be featuring English students doing cool work outside of the English department and Macalester. This time we sat down with Gavia Boyden \u201926, who has found a unique way to share her poetry with the world: Instagram. What started as a personal project has become a platform for her to connect with other poets and readers, all while staying true to her artistic vision.\r\n<\/p>\n\t\t\t    \t\t\t    \t\t\t        <div class=\"base-lockup__cta\">\n\t\t\t            <a class=\"base-cta-primary\" href=\"https:\/\/www.macalester.edu\/the-words\/home\/the-words-february-2025\/words-in-the-wild-with-gavia-boyden-26\/\" target=\"_self\">Read More<\/a>\n\t\t\t        <\/div>\n\t\t\t    \t\t\t<\/div>\n        <\/div>\n    <\/div>\n<\/section>\n\n\n<section class=\"context-image block-container context-image--right\" >\n    <div class=\"context-image__inner\">\n        <div class=\"context-image__image-column\">\n            <div class=\"context-image__image-wrapper\">\n                <img decoding=\"async\" alt=\"\" aria-hidden=\"true\" class=\"context-image__texture\" src=\"\/wp-content\/themes\/macalester-2020\/dist\/images\/texture-context-image.png\">\n                <img decoding=\"async\" alt=\"Golden star\" class=\"context-image__image\" src=\"https:\/\/www.macalester.edu\/the-words\/wp-content\/uploads\/sites\/603\/2025\/02\/star.jpg\">\n            <\/div>\n        <\/div>\n        <div class=\"context-image__text-column\">\n            <div class=\"base-lockup\">\n\t\t\t    \t\t\t        <span class=\"base-lockup__label\">by Ahlaam Abdulwali &#8217;25<\/span>\n\t\t\t    \t\t\t    \t\t\t        <h2 class=\"base-lockup__heading\">Student\/Faculty Accolades<\/h2>\n\t\t\t    \t\t\t    \t\t\t        <p class=\"base-lockup__copy\">Read the monthly roundup of student\/faculty accolades here.<\/p>\n\t\t\t    \t\t\t    \t\t\t        <div class=\"base-lockup__cta\">\n\t\t\t            <a class=\"base-cta-primary\" href=\"https:\/\/www.macalester.edu\/the-words\/home\/the-words-february-2025\/faculty-student-accolades\/\" target=\"_self\">Read More<\/a>\n\t\t\t        <\/div>\n\t\t\t    \t\t\t<\/div>\n        <\/div>\n    <\/div>\n<\/section>","protected":false},"excerpt":{"rendered":"","protected":false},"author":7,"featured_media":0,"parent":305,"menu_order":0,"comment_status":"closed","ping_status":"closed","template":"","meta":{"_acf_changed":false,"footnotes":""},"class_list":["post-9647","page","type-page","status-publish","hentry"],"acf":[],"_links":{"self":[{"href":"https:\/\/www.macalester.edu\/the-words\/wp-json\/wp\/v2\/pages\/9647","targetHints":{"allow":["GET"]}}],"collection":[{"href":"https:\/\/www.macalester.edu\/the-words\/wp-json\/wp\/v2\/pages"}],"about":[{"href":"https:\/\/www.macalester.edu\/the-words\/wp-json\/wp\/v2\/types\/page"}],"author":[{"embeddable":true,"href":"https:\/\/www.macalester.edu\/the-words\/wp-json\/wp\/v2\/users\/7"}],"replies":[{"embeddable":true,"href":"https:\/\/www.macalester.edu\/the-words\/wp-json\/wp\/v2\/comments?post=9647"}],"version-history":[{"count":38,"href":"https:\/\/www.macalester.edu\/the-words\/wp-json\/wp\/v2\/pages\/9647\/revisions"}],"predecessor-version":[{"id":10163,"href":"https:\/\/www.macalester.edu\/the-words\/wp-json\/wp\/v2\/pages\/9647\/revisions\/10163"}],"up":[{"embeddable":true,"href":"https:\/\/www.macalester.edu\/the-words\/wp-json\/wp\/v2\/pages\/305"}],"wp:attachment":[{"href":"https:\/\/www.macalester.edu\/the-words\/wp-json\/wp\/v2\/media?parent=9647"}],"curies":[{"name":"wp","href":"https:\/\/api.w.org\/{rel}","templated":true}]}}