{"id":9927,"date":"2025-03-05T21:50:13","date_gmt":"2025-03-05T21:50:13","guid":{"rendered":"https:\/\/www.macalester.edu\/the-words\/?page_id=9927"},"modified":"2025-03-05T22:27:10","modified_gmt":"2025-03-05T22:27:10","slug":"english-events-looking-back-and-looking-forward","status":"publish","type":"page","link":"https:\/\/www.macalester.edu\/the-words\/home-2\/the-words-february-2025\/english-events-looking-back-and-looking-forward\/","title":{"rendered":"English Events: Looking back and looking forward"},"content":{"rendered":"<h2 class=\"wp-block-heading\">by Beja Pu\u0161k\u00e1\u0161ov\u00e1 \u201926<\/h2>\n\n\n\n<p>Hello everyone! We are already almost halfway through our semester, but the English Department still has many exciting events for you to look forward to. For your convenience, we have assembled all the events with short descriptions for each of them in this article so that you can put them in your calendar!<\/p>\n\n\n\n<p>All of these events happen regularly each week (except Spring Break) on Wednesdays, 4:30-6 pm on the 4th floor of Old Main. When there is a Literary Salon, meaning that the English Department is hosting an author, snacks and refreshments are served at 4:30 as usual, but the reading and discussion with the author begins at 5 pm.<\/p>\n\n\n\n<hr class=\"wp-block-separator has-alpha-channel-opacity is-style-dots\" \/>\n\n\n\n<div class=\"wp-block-media-text has-media-on-the-right is-stacked-on-mobile\" style=\"grid-template-columns:auto 25%\"><div class=\"wp-block-media-text__content\">\n<p class=\"has-text-align-right\"><strong><strong>January 29th &#8211; Catch Up Coffee House<\/strong><\/strong><\/p>\n\n\n\n<p class=\"has-text-align-right\">The English Department hosted a catch-up coffee house to welcome everyone back to school after Winter break. (Note the spectacular sunset everyone observed!)<\/p>\n<\/div><figure class=\"wp-block-media-text__media\"><img loading=\"lazy\" decoding=\"async\" width=\"643\" height=\"859\" src=\"https:\/\/www.macalester.edu\/the-words\/wp-content\/uploads\/sites\/603\/2025\/03\/Screen-Shot-2025-03-04-at-3.21.08-PM.png\" alt=\"Sunset out the window of the 4th floor of Old Main\" class=\"wp-image-10081 size-full\" srcset=\"https:\/\/www.macalester.edu\/the-words\/wp-content\/uploads\/sites\/603\/2025\/03\/Screen-Shot-2025-03-04-at-3.21.08-PM.png 643w,  https:\/\/www.macalester.edu\/the-words\/wp-content\/uploads\/sites\/603\/2025\/03\/Screen-Shot-2025-03-04-at-3.21.08-PM-225x300.png 225w\" sizes=\"auto, (max-width: 643px) 100vw, 643px\" \/><\/figure><\/div>\n\n\n\n<div class=\"wp-block-media-text is-stacked-on-mobile\" style=\"grid-template-columns:30% auto\"><figure class=\"wp-block-media-text__media\"><img decoding=\"async\" src=\"https:\/\/lh7-rt.googleusercontent.com\/docsz\/AD_4nXcjaHv9gv_lFaXRxyFtKrbA4VCGPCV-Yzr7264b7-aUCrg2qxjy1aiRQlvRTTsyEKgb_JqiEbNSWxtaPQcfoavbMVW4crswpUM6bMB6lFhpeIN26_ZyisFL99PVYzQb-LrklGF28A?key=d2hkIyVeAWmHm_8NCCIgRSdM\" alt=\"Professor Steve Woodward stands next to Paul Wallace '27 while holding a copy of The Orchard.\" \/><\/figure><div class=\"wp-block-media-text__content\">\n<p><strong>February 5th &#8211; Anthology Release Party with Mocktails<\/strong><\/p>\n\n\n\n<p>We celebrated the launch of <em>The Orchard<\/em>, a student-made anthology written by Professor Steve Woodward\u2019s Literary Publishing class.&nbsp;<\/p>\n<\/div><\/div>\n\n\n\n<p><\/p>\n\n\n\n<div class=\"wp-block-media-text has-media-on-the-right is-stacked-on-mobile\" style=\"grid-template-columns:auto 26%\"><div class=\"wp-block-media-text__content\">\n<p class=\"has-text-align-right\"><strong>February 12th &#8211; Coffee House: Valentines Day with fondue&nbsp;<\/strong><\/p>\n\n\n\n<p class=\"has-text-align-right\">Two days before Valentine\u2019s Day, students had the chance to join the English Department to make some arts and crafts that were accompanied by a delicious fondue. Thanks to everyone who showed up!<\/p>\n<\/div><figure class=\"wp-block-media-text__media\"><img loading=\"lazy\" decoding=\"async\" width=\"768\" height=\"1024\" src=\"https:\/\/www.macalester.edu\/the-words\/wp-content\/uploads\/sites\/603\/2025\/02\/unnamed-768x1024.jpg\" alt=\"Five paper food boat trays with strawberries in them on a red tablecloth at the Valentine's Day coffee house. Behind them on the table, a heater with chocolate fondue inside and two hands reaching out to dip food into it.\" class=\"wp-image-9955 size-full\" srcset=\"https:\/\/www.macalester.edu\/the-words\/wp-content\/uploads\/sites\/603\/2025\/02\/unnamed-768x1024.jpg 768w,  https:\/\/www.macalester.edu\/the-words\/wp-content\/uploads\/sites\/603\/2025\/02\/unnamed-225x300.jpg 225w,  https:\/\/www.macalester.edu\/the-words\/wp-content\/uploads\/sites\/603\/2025\/02\/unnamed-1152x1536.jpg 1152w,  https:\/\/www.macalester.edu\/the-words\/wp-content\/uploads\/sites\/603\/2025\/02\/unnamed.jpg 1536w\" sizes=\"auto, (max-width: 768px) 100vw, 768px\" \/><\/figure><\/div>\n\n\n\n<div class=\"wp-block-media-text is-stacked-on-mobile\" style=\"grid-template-columns:26% auto\"><figure class=\"wp-block-media-text__media\"><img loading=\"lazy\" decoding=\"async\" width=\"768\" height=\"1024\" src=\"https:\/\/www.macalester.edu\/the-words\/wp-content\/uploads\/sites\/603\/2025\/03\/IMG_3091-768x1024.jpg\" alt=\"The zoom screen from the alumni panel, featuring all four alumni plus the students and faculty in the classroom.\" class=\"wp-image-10021 size-full\" srcset=\"https:\/\/www.macalester.edu\/the-words\/wp-content\/uploads\/sites\/603\/2025\/03\/IMG_3091-768x1024.jpg 768w,  https:\/\/www.macalester.edu\/the-words\/wp-content\/uploads\/sites\/603\/2025\/03\/IMG_3091-225x300.jpg 225w,  https:\/\/www.macalester.edu\/the-words\/wp-content\/uploads\/sites\/603\/2025\/03\/IMG_3091-1152x1536.jpg 1152w,  https:\/\/www.macalester.edu\/the-words\/wp-content\/uploads\/sites\/603\/2025\/03\/IMG_3091-1536x2048.jpg 1536w,  https:\/\/www.macalester.edu\/the-words\/wp-content\/uploads\/sites\/603\/2025\/03\/IMG_3091-scaled.jpg 1920w\" sizes=\"auto, (max-width: 768px) 100vw, 768px\" \/><\/figure><div class=\"wp-block-media-text__content\">\n<p><strong>February 19th &#8211; Alumni panel with Career Exploration<\/strong><\/p>\n\n\n\n<p>Professor Andrea Kaston Tange from the English Department and Marcos Cruz from Career Exploration hosted a panel of four English alumni. <a href=\"https:\/\/www.macalester.edu\/the-words\/home\/the-words-february-2025\/english-department-collaborates-with-career-exploration-to-host-alumni-panel\/\">Read more here<\/a> about what our insightful alums had to say about their experiences at Macalester and beyond.<\/p>\n<\/div><\/div>\n\n\n\n<div class=\"wp-block-media-text has-media-on-the-right is-stacked-on-mobile\" style=\"grid-template-columns:auto 25%\"><div class=\"wp-block-media-text__content\">\n<p><\/p>\n\n\n\n<p class=\"has-text-align-right\"><strong>February 26th &#8211; In-house Literary Salon with Professors Andrea Kaston Tange and Rachel Gold<\/strong><\/p>\n\n\n\n<p class=\"has-text-align-right\">Professor Rachel Gold talked about their current writing projects, one of which is a continuation of their recently published book <em>Curious Minds<\/em>, with the other being a close academic reading of X-Men comics! She also shared their experience co-editing <em>Sinister Wisdom<\/em>, an international lesbian journal, with a group of student workers.<\/p>\n\n\n\n<p>Professor Andrea Kaston Tange talked about a creative nonfiction project she&#8217;s been working on (provisional title: <em>Flowers for the Living<\/em>) that began with her great-grandmother&#8217;s diary and turned into an investigative family memoir that explores what it means to understand the past when silences in the historical record form the foundation of a narrative.<\/p>\n<\/div><figure class=\"wp-block-media-text__media\"><img loading=\"lazy\" decoding=\"async\" width=\"768\" height=\"1024\" src=\"https:\/\/www.macalester.edu\/the-words\/wp-content\/uploads\/sites\/603\/2025\/03\/unnamed-1-768x1024.jpg\" alt=\"Students listen as Professor Andrea Kaston-Tange reads from her latest project.\" class=\"wp-image-10045 size-full\" srcset=\"https:\/\/www.macalester.edu\/the-words\/wp-content\/uploads\/sites\/603\/2025\/03\/unnamed-1-768x1024.jpg 768w,  https:\/\/www.macalester.edu\/the-words\/wp-content\/uploads\/sites\/603\/2025\/03\/unnamed-1-225x300.jpg 225w,  https:\/\/www.macalester.edu\/the-words\/wp-content\/uploads\/sites\/603\/2025\/03\/unnamed-1-1152x1536.jpg 1152w,  https:\/\/www.macalester.edu\/the-words\/wp-content\/uploads\/sites\/603\/2025\/03\/unnamed-1-1536x2048.jpg 1536w,  https:\/\/www.macalester.edu\/the-words\/wp-content\/uploads\/sites\/603\/2025\/03\/unnamed-1-scaled.jpg 1920w\" sizes=\"auto, (max-width: 768px) 100vw, 768px\" \/><\/figure><\/div>\n\n\n\n<p><strong>March 5th &#8211; Literary Salon: David Perry<\/strong><\/p>\n\n\n\n<p>Author David Perry hosted by Professor Coral Lumbley talked about their literary work. During the Coffee House, we will release the new English Department sticker and have a birthday party for our beloved mascot, Raphael.<\/p>\n\n\n\n<p><strong>March 12th &#8211; Literary Salon: Ben Percy<\/strong><\/p>\n\n\n\n<p>Author Ben Percy, hosted by Professor Emma T\u00f6rzs, will discuss his work.&nbsp;<\/p>\n\n\n\n<p><strong>March 26th &#8211; Coffee House: Tyler Osmond book sharing, etc.<\/strong><\/p>\n\n\n\n<p>Watch for more information coming soon!<\/p>\n\n\n\n<p><strong>April 2nd &#8211; Middlemarch Madness<\/strong><\/p>\n\n\n\n<p>The Middlemarch Madness is a yearly tradition organized by Professor Andrea Kaston Tange. Students and faculty can select which literary character would make the worst Mac professor, after which an election is held to determine the winner.&nbsp;<\/p>\n\n\n\n<p><strong>April 9th &#8211; Coffee House: Fall 2025 course info session&nbsp;<\/strong><\/p>\n\n\n\n<p>Professors Matt Burgess, Sarah Ghazal Ali, and Amy Elkins will present the exciting course selection for the Fall 2025 semester.<\/p>\n\n\n\n<p><strong>April 16th &#8211; MacSlams Poetry Performances<\/strong><\/p>\n\n\n\n<p>Slam Poetry is an event where students can sign up to perform their poetry live. There is usually a competitive section with judges, as well as a non-competitive section for poets who do not want to be graded on their recital.<\/p>\n\n\n\n<p><strong>April 23rd &#8211; Capstone and Honors Projects Presentations<\/strong><\/p>\n\n\n\n<p>There will be NO COFFEE HOUSE this Wednesday. Instead, please join us in supporting our seniors who will be presenting their Capstones and Honors Projects in the Harmon Room (first floor of the library).<\/p>\n\n\n\n<p><strong>April 30th &#8211; Final Coffee House with Karaoke<\/strong><\/p>\n\n\n\n<p>Come celebrate the end of the semester by treating yourself to snacks and singing karaoke!<\/p>\n\n\n\n<p>These are all the Literary Salons and Coffee Houses planned for this semester. We are excited to see you join us however often and for however long your schedule allows you! We wish all of you the best of luck in the rest of your Spring 2025.<\/p>","protected":false},"excerpt":{"rendered":"<p>by Beja Pu\u0161k\u00e1\u0161ov\u00e1 \u201926 Hello everyone! We are already almost halfway through our semester, but the English Department still has many exciting events for you to look forward to. For your convenience, we have assembled all the events with short descriptions for each of them in this article so that you can put them in [&hellip;]<\/p>","protected":false},"author":1049,"featured_media":0,"parent":9647,"menu_order":0,"comment_status":"closed","ping_status":"closed","template":"","meta":{"_acf_changed":false,"footnotes":""},"class_list":["post-9927","page","type-page","status-publish","hentry"],"acf":[],"_links":{"self":[{"href":"https:\/\/www.macalester.edu\/the-words\/wp-json\/wp\/v2\/pages\/9927","targetHints":{"allow":["GET"]}}],"collection":[{"href":"https:\/\/www.macalester.edu\/the-words\/wp-json\/wp\/v2\/pages"}],"about":[{"href":"https:\/\/www.macalester.edu\/the-words\/wp-json\/wp\/v2\/types\/page"}],"author":[{"embeddable":true,"href":"https:\/\/www.macalester.edu\/the-words\/wp-json\/wp\/v2\/users\/1049"}],"replies":[{"embeddable":true,"href":"https:\/\/www.macalester.edu\/the-words\/wp-json\/wp\/v2\/comments?post=9927"}],"version-history":[{"count":24,"href":"https:\/\/www.macalester.edu\/the-words\/wp-json\/wp\/v2\/pages\/9927\/revisions"}],"predecessor-version":[{"id":10167,"href":"https:\/\/www.macalester.edu\/the-words\/wp-json\/wp\/v2\/pages\/9927\/revisions\/10167"}],"up":[{"embeddable":true,"href":"https:\/\/www.macalester.edu\/the-words\/wp-json\/wp\/v2\/pages\/9647"}],"wp:attachment":[{"href":"https:\/\/www.macalester.edu\/the-words\/wp-json\/wp\/v2\/media?parent=9927"}],"curies":[{"name":"wp","href":"https:\/\/api.w.org\/{rel}","templated":true}]}}