{"id":986,"date":"2019-04-01T15:17:51","date_gmt":"2019-04-01T15:17:51","guid":{"rendered":"https:\/\/www.macalester.edu\/160-theater-and-dance\/?page_id=986"},"modified":"2024-07-29T17:45:11","modified_gmt":"2024-07-29T17:45:11","slug":"the-cherry-orchard","status":"publish","type":"page","link":"https:\/\/www.macalester.edu\/theater-and-dance\/events\/pastseasons\/the-cherry-orchard\/","title":{"rendered":"The Cherry Orchard"},"content":{"rendered":"<section class=\"callout-video-player block-container\" >\n    <swiper-gallery v-once>\n\t\t    <div class=\"swiper-slide\">\n\t\t<div class=\"swiper-image-container\">\n                    <img decoding=\"async\" src=\"https:\/\/www.macalester.edu\/theater-and-dance\/wp-content\/uploads\/sites\/595\/2019\/03\/2017-Fall-Cherry-Orchard089-960x0-c-default.jpg\" srcset=\"                    https:\/\/www.macalester.edu\/theater-and-dance\/wp-content\/uploads\/sites\/595\/2019\/03\/2017-Fall-Cherry-Orchard089-480x0-c-default.jpg     480w,                     https:\/\/www.macalester.edu\/theater-and-dance\/wp-content\/uploads\/sites\/595\/2019\/03\/2017-Fall-Cherry-Orchard089-720x0-c-default.jpg     720w,                     https:\/\/www.macalester.edu\/theater-and-dance\/wp-content\/uploads\/sites\/595\/2019\/03\/2017-Fall-Cherry-Orchard089-960x0-c-default.jpg     960w,                     https:\/\/www.macalester.edu\/theater-and-dance\/wp-content\/uploads\/sites\/595\/2019\/03\/2017-Fall-Cherry-Orchard089-1280x0-c-default.jpg    1280w                    \">\n\t\t    \t\t<\/div>\n            <\/div>\n\t\t    <div class=\"swiper-slide\">\n\t\t<div class=\"swiper-image-container\">\n                    <img decoding=\"async\" src=\"https:\/\/www.macalester.edu\/theater-and-dance\/wp-content\/uploads\/sites\/595\/2019\/03\/2017-Fall-Cherry-Orchard125-960x0-c-default.jpg\" srcset=\"                    https:\/\/www.macalester.edu\/theater-and-dance\/wp-content\/uploads\/sites\/595\/2019\/03\/2017-Fall-Cherry-Orchard125-480x0-c-default.jpg     480w,                     https:\/\/www.macalester.edu\/theater-and-dance\/wp-content\/uploads\/sites\/595\/2019\/03\/2017-Fall-Cherry-Orchard125-720x0-c-default.jpg     720w,                     https:\/\/www.macalester.edu\/theater-and-dance\/wp-content\/uploads\/sites\/595\/2019\/03\/2017-Fall-Cherry-Orchard125-960x0-c-default.jpg     960w,                     https:\/\/www.macalester.edu\/theater-and-dance\/wp-content\/uploads\/sites\/595\/2019\/03\/2017-Fall-Cherry-Orchard125-1280x0-c-default.jpg    1280w                    \">\n\t\t    \t\t<\/div>\n            <\/div>\n\t\t    <div class=\"swiper-slide\">\n\t\t<div class=\"swiper-image-container\">\n                    <img decoding=\"async\" src=\"https:\/\/www.macalester.edu\/theater-and-dance\/wp-content\/uploads\/sites\/595\/2019\/03\/2017-Fall-Cherry-Orchard168-960x0-c-default.jpg\" srcset=\"                    https:\/\/www.macalester.edu\/theater-and-dance\/wp-content\/uploads\/sites\/595\/2019\/03\/2017-Fall-Cherry-Orchard168-480x0-c-default.jpg     480w,                     https:\/\/www.macalester.edu\/theater-and-dance\/wp-content\/uploads\/sites\/595\/2019\/03\/2017-Fall-Cherry-Orchard168-720x0-c-default.jpg     720w,                     https:\/\/www.macalester.edu\/theater-and-dance\/wp-content\/uploads\/sites\/595\/2019\/03\/2017-Fall-Cherry-Orchard168-960x0-c-default.jpg     960w,                     https:\/\/www.macalester.edu\/theater-and-dance\/wp-content\/uploads\/sites\/595\/2019\/03\/2017-Fall-Cherry-Orchard168-1280x0-c-default.jpg    1280w                    \">\n\t\t    \t\t<\/div>\n            <\/div>\n\t\t    <div class=\"swiper-slide\">\n\t\t<div class=\"swiper-image-container\">\n                    <img decoding=\"async\" src=\"https:\/\/www.macalester.edu\/theater-and-dance\/wp-content\/uploads\/sites\/595\/2019\/03\/2017-Fall-Cherry-Orchard193-960x0-c-default.jpg\" srcset=\"                    https:\/\/www.macalester.edu\/theater-and-dance\/wp-content\/uploads\/sites\/595\/2019\/03\/2017-Fall-Cherry-Orchard193-480x0-c-default.jpg     480w,                     https:\/\/www.macalester.edu\/theater-and-dance\/wp-content\/uploads\/sites\/595\/2019\/03\/2017-Fall-Cherry-Orchard193-720x0-c-default.jpg     720w,                     https:\/\/www.macalester.edu\/theater-and-dance\/wp-content\/uploads\/sites\/595\/2019\/03\/2017-Fall-Cherry-Orchard193-960x0-c-default.jpg     960w,                     https:\/\/www.macalester.edu\/theater-and-dance\/wp-content\/uploads\/sites\/595\/2019\/03\/2017-Fall-Cherry-Orchard193-1280x0-c-default.jpg    1280w                    \">\n\t\t    \t\t<\/div>\n            <\/div>\n\t\t    <div class=\"swiper-slide\">\n\t\t<div class=\"swiper-image-container\">\n                    <img decoding=\"async\" src=\"https:\/\/www.macalester.edu\/theater-and-dance\/wp-content\/uploads\/sites\/595\/2019\/03\/2017-Fall-Cherry-Orchard265-960x0-c-default.jpg\" srcset=\"                    https:\/\/www.macalester.edu\/theater-and-dance\/wp-content\/uploads\/sites\/595\/2019\/03\/2017-Fall-Cherry-Orchard265-480x0-c-default.jpg     480w,                     https:\/\/www.macalester.edu\/theater-and-dance\/wp-content\/uploads\/sites\/595\/2019\/03\/2017-Fall-Cherry-Orchard265-720x0-c-default.jpg     720w,                     https:\/\/www.macalester.edu\/theater-and-dance\/wp-content\/uploads\/sites\/595\/2019\/03\/2017-Fall-Cherry-Orchard265-960x0-c-default.jpg     960w,                     https:\/\/www.macalester.edu\/theater-and-dance\/wp-content\/uploads\/sites\/595\/2019\/03\/2017-Fall-Cherry-Orchard265-1280x0-c-default.jpg    1280w                    \">\n\t\t    \t\t<\/div>\n            <\/div>\n\t\t    <div class=\"swiper-slide\">\n\t\t<div class=\"swiper-image-container\">\n                    <img decoding=\"async\" src=\"https:\/\/www.macalester.edu\/theater-and-dance\/wp-content\/uploads\/sites\/595\/2019\/03\/2017-Fall-Cherry-Orchard287-960x0-c-default.jpg\" srcset=\"                    https:\/\/www.macalester.edu\/theater-and-dance\/wp-content\/uploads\/sites\/595\/2019\/03\/2017-Fall-Cherry-Orchard287-480x0-c-default.jpg     480w,                     https:\/\/www.macalester.edu\/theater-and-dance\/wp-content\/uploads\/sites\/595\/2019\/03\/2017-Fall-Cherry-Orchard287-720x0-c-default.jpg     720w,                     https:\/\/www.macalester.edu\/theater-and-dance\/wp-content\/uploads\/sites\/595\/2019\/03\/2017-Fall-Cherry-Orchard287-960x0-c-default.jpg     960w,                     https:\/\/www.macalester.edu\/theater-and-dance\/wp-content\/uploads\/sites\/595\/2019\/03\/2017-Fall-Cherry-Orchard287-1280x0-c-default.jpg    1280w                    \">\n\t\t    \t\t<\/div>\n            <\/div>\n\t\t    <div class=\"swiper-slide\">\n\t\t<div class=\"swiper-image-container\">\n                    <img decoding=\"async\" src=\"https:\/\/www.macalester.edu\/theater-and-dance\/wp-content\/uploads\/sites\/595\/2019\/03\/2017-Fall-Cherry-Orchard332-960x0-c-default.jpg\" srcset=\"                    https:\/\/www.macalester.edu\/theater-and-dance\/wp-content\/uploads\/sites\/595\/2019\/03\/2017-Fall-Cherry-Orchard332-480x0-c-default.jpg     480w,                     https:\/\/www.macalester.edu\/theater-and-dance\/wp-content\/uploads\/sites\/595\/2019\/03\/2017-Fall-Cherry-Orchard332-720x0-c-default.jpg     720w,                     https:\/\/www.macalester.edu\/theater-and-dance\/wp-content\/uploads\/sites\/595\/2019\/03\/2017-Fall-Cherry-Orchard332-960x0-c-default.jpg     960w,                     https:\/\/www.macalester.edu\/theater-and-dance\/wp-content\/uploads\/sites\/595\/2019\/03\/2017-Fall-Cherry-Orchard332-1280x0-c-default.jpg    1280w                    \">\n\t\t    \t\t<\/div>\n            <\/div>\n\t\t    <div class=\"swiper-slide\">\n\t\t<div class=\"swiper-image-container\">\n                    <img decoding=\"async\" src=\"https:\/\/www.macalester.edu\/theater-and-dance\/wp-content\/uploads\/sites\/595\/2019\/03\/2017-Fall-Cherry-Orchard419-960x0-c-default.jpg\" srcset=\"                    https:\/\/www.macalester.edu\/theater-and-dance\/wp-content\/uploads\/sites\/595\/2019\/03\/2017-Fall-Cherry-Orchard419-480x0-c-default.jpg     480w,                     https:\/\/www.macalester.edu\/theater-and-dance\/wp-content\/uploads\/sites\/595\/2019\/03\/2017-Fall-Cherry-Orchard419-720x0-c-default.jpg     720w,                     https:\/\/www.macalester.edu\/theater-and-dance\/wp-content\/uploads\/sites\/595\/2019\/03\/2017-Fall-Cherry-Orchard419-960x0-c-default.jpg     960w,                     https:\/\/www.macalester.edu\/theater-and-dance\/wp-content\/uploads\/sites\/595\/2019\/03\/2017-Fall-Cherry-Orchard419-1280x0-c-default.jpg    1280w                    \">\n\t\t    \t\t<\/div>\n            <\/div>\n\t\t    <div class=\"swiper-slide\">\n\t\t<div class=\"swiper-image-container\">\n                    <img decoding=\"async\" src=\"https:\/\/www.macalester.edu\/theater-and-dance\/wp-content\/uploads\/sites\/595\/2019\/03\/2017-Fall-Cherry-Orchard569-960x0-c-default.jpg\" srcset=\"                    https:\/\/www.macalester.edu\/theater-and-dance\/wp-content\/uploads\/sites\/595\/2019\/03\/2017-Fall-Cherry-Orchard569-480x0-c-default.jpg     480w,                     https:\/\/www.macalester.edu\/theater-and-dance\/wp-content\/uploads\/sites\/595\/2019\/03\/2017-Fall-Cherry-Orchard569-720x0-c-default.jpg     720w,                     https:\/\/www.macalester.edu\/theater-and-dance\/wp-content\/uploads\/sites\/595\/2019\/03\/2017-Fall-Cherry-Orchard569-960x0-c-default.jpg     960w,                     https:\/\/www.macalester.edu\/theater-and-dance\/wp-content\/uploads\/sites\/595\/2019\/03\/2017-Fall-Cherry-Orchard569-1280x0-c-default.jpg    1280w                    \">\n\t\t    \t\t<\/div>\n            <\/div>\n\t\t    <div class=\"swiper-slide\">\n\t\t<div class=\"swiper-image-container\">\n                    <img decoding=\"async\" src=\"https:\/\/www.macalester.edu\/theater-and-dance\/wp-content\/uploads\/sites\/595\/2019\/04\/2017-Fall-Cherry-Orchard466-2-960x0-c-default.jpg\" srcset=\"                    https:\/\/www.macalester.edu\/theater-and-dance\/wp-content\/uploads\/sites\/595\/2019\/04\/2017-Fall-Cherry-Orchard466-2-480x0-c-default.jpg     480w,                     https:\/\/www.macalester.edu\/theater-and-dance\/wp-content\/uploads\/sites\/595\/2019\/04\/2017-Fall-Cherry-Orchard466-2-720x0-c-default.jpg     720w,                     https:\/\/www.macalester.edu\/theater-and-dance\/wp-content\/uploads\/sites\/595\/2019\/04\/2017-Fall-Cherry-Orchard466-2-960x0-c-default.jpg     960w,                     https:\/\/www.macalester.edu\/theater-and-dance\/wp-content\/uploads\/sites\/595\/2019\/04\/2017-Fall-Cherry-Orchard466-2-1280x0-c-default.jpg    1280w                    \">\n\t\t    \t\t<\/div>\n            <\/div>\n\t    <\/swiper-gallery>\n<\/section>\n\n\n\n<h2 class=\"wp-block-heading\">The Cherry Orchard<\/h2>\n\n\n\n<h3 class=\"wp-block-heading\">by Anton Chekhov<br>directed by Beth Cleary<\/h3>\n\n\n\n<p><span class=\"aBn\"><span class=\"aQJ\">November 2-5<\/span><\/span>, 2017<br>Mainstage Theater<\/p>\n\n\n\n<p>Anton Chekhov (1860-1904) is one of the great writers in Russian and world literature.&nbsp; In his short life he was a medical doctor who published hundreds of short stories.&nbsp; In the last nine years of his life, Chekhov wrote four, full-length plays for the new Moscow Art Theatre \u2014 and those productions launched a new system of acting and directing that would influence Europe and America for decades.<\/p>\n\n\n\n<p><em>The Cherry Orchard&nbsp;<\/em>was Chekhov\u2019s last play.&nbsp; A formerly aristocratic family is mired in debt, and they must sell their estate, let their servants go, and adapt to the new twentieth century.&nbsp; Chekhov wrote the play while he knew he was dying of tuberculosis, and the play is full of foreboding about change, and hope for the future.&nbsp; The famous characters are nostalgic for their lost leisure and courageous as they face new ways of life.&nbsp; Beth Cleary, the production\u2019s director, chose the play because of its concentration on endings \u2014 and beginnings.<\/p>\n\n\n\n<p>Cleary is in her 25th year as a director and Theatre professor at Macalester.&nbsp; She is joined by Brian Johnson, a 1993 Macalester graduate and a visiting professor in the German and Russian Studies Department, who will serve as dramaturg and translator on this production.&nbsp; Johnson was an actor at Macalester and will be acting in this production.&nbsp; Megan Reilly, Assistant Professor of Theatre &amp; Dance, is designing lights and projections, and Daniel R. Keyser, professor emeritus of Theatre &amp; Dance, is designing scenery.&nbsp; Lynn Farrington, a member of Macalester\u2019s artistic staff for over 30 years, is designing costumes.&nbsp; Gwyneth Shanks \u201810 is choreographing the production, and local professional sound designer and musician Michael Croswell is designing sound.<\/p>\n\n\n\n<p>Students in the cast hail from Bloomington and Woodbury, Minnesota;&nbsp; from New York City and Nashville and New Orleans, and from Peru and Cyprus.<\/p>\n\n\n\n<p><strong>Cast:<\/strong><\/p>\n\n\n\n<figure class=\"wp-block-table\"><table><tbody><tr><td>Brian Johnson &#8217;93<\/td><td>Anton Chekhov, playwright<\/td><\/tr><tr><td>Zachary Anderson &#8217;18<\/td><td>Yermol\u00e1i Lop\u00e1khin, a businessman<\/td><\/tr><tr><td>Gretta Lucia Marston &#8217;21<\/td><td>Duny\u00e1sha, a maid<\/td><\/tr><tr><td>Trevor Zapiecki &#8217;19<\/td><td>Semy\u00f3n Yepkih\u00f3dov, an accountant<\/td><\/tr><tr><td>Max Nord &#8217;21<\/td><td>Firs, the very old butler<\/td><\/tr><tr><td>Gillian Gold &#8217;18<\/td><td>Liub\u00f3v Rany\u00e9vskaya, owner of the estater<\/td><\/tr><tr><td><span style=\"font-weight: 400\">Hannah Viederman &#8217;18<\/span><\/td><td>Anya, her daughter<\/td><\/tr><tr><td>Hannah Silverman &#8217;18<\/td><td>V\u00e1rya, her adopted daughter<\/td><\/tr><tr><td>Michael Karadsheh &#8217;18<\/td><td>Bor\u00eds Semy\u00f3nov-P\u00edshchik, local landowner<\/td><\/tr><tr><td>Kavya Shetty &#8217;19<\/td><td>Carlotta, governess and former circus performer<\/td><\/tr><tr><td>Orso<\/td><td>Carlotta&#8217;s dog<\/td><\/tr><tr><td>Zeka Dizdar &#8217;20<\/td><td>Y\u00e1sha, the Francophile valet<\/td><\/tr><tr><td>James Cannon &#8217;20<\/td><td>P\u00e9tya Trof\u00edmov, student and activist<\/td><\/tr><\/tbody><\/table><\/figure>\n\n\n\n<p>Workers on the Estate and Townspeople: Marley Higbee, Asher de Forest, Elizabeth Everitt, Zoe Berkovitz, Chesare Cipriano, Janey Fredman, Nate Gorjance, Elinor Jones, Valerie Stenerson, Alexandra Whitman<\/p>\n\n\n\n<p><strong>Creative Team<\/strong><\/p>\n\n\n\n<figure class=\"wp-block-table\"><table><tbody><tr><td>Beth Cleary<\/td><td>Director, Writer of Framing Text<\/td><\/tr><tr><td>Brian Johnson &#8217;93<\/td><td>Dramaturg and Translator<\/td><\/tr><tr><td>Anna Mickle &#8217;18<\/td><td>Stage Manager<\/td><\/tr><tr><td>Bailey Haas &#8217;19<\/td><td>Assistant Stage Manager<\/td><\/tr><tr><td>Daniel R Keyser<\/td><td>Scenic Designer<\/td><\/tr><tr><td>Megan Reilly<\/td><td>Lighting &amp; Projection Designer<\/td><\/tr><tr><td>Michael Croswell<\/td><td>Sound Designer<\/td><\/tr><tr><td>Lynn Farrington<\/td><td>Costume Designer<\/td><\/tr><tr><td>Ming Lian &#8217;19<\/td><td>Makeup Designer<\/td><\/tr><tr><td>Wendy Franco &#8217;19<\/td><td>Makeup Designer<\/td><\/tr><tr><td>Alejandra Acevedo &#8217;19<\/td><td>Makeup Designer<\/td><\/tr><tr><td>Cheryl Moore Brinkley<\/td><td>Voice &amp; Dialect Coach<\/td><\/tr><tr><td>Gwyneth Shanks &#8217;10<\/td><td>Choreographer<\/td><\/tr><tr><td>Tom Barrett<\/td><td>Technical Director<\/td><\/tr><\/tbody><\/table><\/figure>","protected":false},"excerpt":{"rendered":"<p>The Cherry Orchard by Anton Chekhovdirected by Beth Cleary November 2-5, 2017Mainstage Theater Anton Chekhov (1860-1904) is one of the great writers in Russian and world literature.&nbsp; In his short life he was a medical doctor who published hundreds of short stories.&nbsp; In the last nine years of his life, Chekhov wrote four, full-length plays [&hellip;]<\/p>","protected":false},"author":224,"featured_media":0,"parent":214,"menu_order":0,"comment_status":"closed","ping_status":"closed","template":"","meta":{"_acf_changed":false,"footnotes":""},"class_list":["post-986","page","type-page","status-publish","hentry"],"acf":[],"_links":{"self":[{"href":"https:\/\/www.macalester.edu\/theater-and-dance\/wp-json\/wp\/v2\/pages\/986","targetHints":{"allow":["GET"]}}],"collection":[{"href":"https:\/\/www.macalester.edu\/theater-and-dance\/wp-json\/wp\/v2\/pages"}],"about":[{"href":"https:\/\/www.macalester.edu\/theater-and-dance\/wp-json\/wp\/v2\/types\/page"}],"author":[{"embeddable":true,"href":"https:\/\/www.macalester.edu\/theater-and-dance\/wp-json\/wp\/v2\/users\/224"}],"replies":[{"embeddable":true,"href":"https:\/\/www.macalester.edu\/theater-and-dance\/wp-json\/wp\/v2\/comments?post=986"}],"version-history":[{"count":6,"href":"https:\/\/www.macalester.edu\/theater-and-dance\/wp-json\/wp\/v2\/pages\/986\/revisions"}],"predecessor-version":[{"id":9099,"href":"https:\/\/www.macalester.edu\/theater-and-dance\/wp-json\/wp\/v2\/pages\/986\/revisions\/9099"}],"up":[{"embeddable":true,"href":"https:\/\/www.macalester.edu\/theater-and-dance\/wp-json\/wp\/v2\/pages\/214"}],"wp:attachment":[{"href":"https:\/\/www.macalester.edu\/theater-and-dance\/wp-json\/wp\/v2\/media?parent=986"}],"curies":[{"name":"wp","href":"https:\/\/api.w.org\/{rel}","templated":true}]}}