{"id":385,"date":"2022-06-01T09:28:20","date_gmt":"2022-06-01T14:28:20","guid":{"rendered":"https:\/\/www.macalester.edu\/trustees\/?page_id=385"},"modified":"2026-04-01T15:52:13","modified_gmt":"2026-04-01T20:52:13","slug":"home","status":"publish","type":"page","link":"https:\/\/www.macalester.edu\/trustees\/","title":{"rendered":"Board of Trustees"},"content":{"rendered":"<p>The Board of Trustees is Macalester&#8217;s overall governance body. The board does not actively manage the college on a daily basis but delegates that responsibility to the president. The board&#8217;s primary responsibilities are to hire and evaluate the president; set broad policy and goals for the college and evaluate its performance against those goals; actively participate in fund raising and philanthropic support to advance the college&#8217;s mission; approve the president&#8217;s tenure decisions; and oversee college financial affairs and investments.<\/p>\n\n\n\n<h3 class=\"wp-block-heading\">Officers<\/h3>\n\n\n\n<p>Carrie Norbin Killoran \u201994 P\u201927, Chair<br>Robin Jackson Colman \u201978, Vice Chair<br>Gregory A. Thompson \u201984, Vice Chair<br>Gloria Perez \u201988, Secretary<br>Amy Pahl \u201990, Treasurer<\/p>\n\n\n\n<p><br><\/p>\n\n\n\n<h3 class=\"wp-block-heading\">Trustees<\/h3>\n\n\n<div class=\"card card-profile vcard tease tease-profile card-figure card-figure-left\" id=\"tease-386\">\n      <div class=\"card-figure card-figure-padded\">\n\t         <img decoding=\"async\" alt=\"Carrie Norbin Killoran &#8217;94 P&#8217;27, Chair\" style=\"width: auto; max-width: 100%\" src=\"https:\/\/www.macalester.edu\/trustees\/wp-content\/uploads\/sites\/240\/killoran-carrie-2026-600-150x0-c-default.jpg\" \/>\n\t\t   <\/div>\n   <div class=\"card-body\">\n      <ul>\n         <li class=\"fn\">\n                           Carrie Norbin Killoran &#8217;94 P&#8217;27, Chair\n                     <\/li>\n         <li class=\"title\">\n            Attorney, Godfrey &amp; Kahn, S.C.; Milwaukee, Wisconsin\n         <\/li>\n\t      \t      \t      \t            <\/ul>\n             \n         <\/div>\n\t<\/div>\n\n\n<div class=\"card card-profile vcard tease tease-profile card-figure card-figure-left\" id=\"tease-392\">\n      <div class=\"card-figure card-figure-padded\">\n\t         <img decoding=\"async\" alt=\"Kofi Amoo-Gottfried &#8217;01\" style=\"width: auto; max-width: 100%\" src=\"https:\/\/www.macalester.edu\/trustees\/wp-content\/uploads\/sites\/240\/Kofi-Amoo-Gottfried-150x0-c-default.jpg\" \/>\n\t\t   <\/div>\n   <div class=\"card-body\">\n      <ul>\n         <li class=\"fn\">\n                           Kofi Amoo-Gottfried &#8217;01\n                     <\/li>\n         <li class=\"title\">\n            Chief Marketing Officer, DoorDash; South Orange, New Jersey\n         <\/li>\n\t      \t      \t      \t            <\/ul>\n             \n         <\/div>\n\t<\/div>\n\n\n<div class=\"card card-profile vcard tease tease-profile card-figure card-figure-left\" id=\"tease-1123\">\n      <div class=\"card-figure card-figure-padded\">\n\t         <img decoding=\"async\" alt=\"Jonathan D. Andrews \u201994\" style=\"width: auto; max-width: 100%\" src=\"https:\/\/www.macalester.edu\/trustees\/wp-content\/uploads\/sites\/240\/jonathan-andrews-600-150x0-c-default.jpg\" \/>\n\t\t   <\/div>\n   <div class=\"card-body\">\n      <ul>\n         <li class=\"fn\">\n                           Jonathan D. Andrews \u201994\n                     <\/li>\n         <li class=\"title\">\n            Mediator, Signature Resolution; Solana Beach, California\n         <\/li>\n\t      \t      \t      \t            <\/ul>\n             \n         <\/div>\n\t<\/div>\n\n\n<div class=\"card card-profile vcard tease tease-profile card-figure card-figure-left\" id=\"tease-643\">\n      <div class=\"card-figure card-figure-padded\">\n\t         <img decoding=\"async\" alt=\"Decker Anstrom \u201972\" style=\"width: auto; max-width: 100%\" src=\"https:\/\/www.macalester.edu\/trustees\/wp-content\/uploads\/sites\/240\/decker-anstrom-600-150x0-c-default.jpg\" \/>\n\t\t   <\/div>\n   <div class=\"card-body\">\n      <ul>\n         <li class=\"fn\">\n                           Decker Anstrom \u201972\n                     <\/li>\n         <li class=\"title\">\n            Retired Media Company Chairman\/CEO; Former Ambassador; Washington, DC\n         <\/li>\n\t      \t      \t      \t            <\/ul>\n             \n         <\/div>\n\t<\/div>\n\n\n<div class=\"card card-profile vcard tease tease-profile card-figure card-figure-left\" id=\"tease-395\">\n      <div class=\"card-figure card-figure-padded\">\n\t         <img decoding=\"async\" alt=\"Jennifer Brahm P&#8217;20\" style=\"width: auto; max-width: 100%\" src=\"https:\/\/www.macalester.edu\/trustees\/wp-content\/uploads\/sites\/240\/Brahm-Jennifer-150x0-c-default.jpg\" \/>\n\t\t   <\/div>\n   <div class=\"card-body\">\n      <ul>\n         <li class=\"fn\">\n                           Jennifer Brahm P&#8217;20\n                     <\/li>\n         <li class=\"title\">\n            Community Volunteer; San Francisco, California\n         <\/li>\n\t      \t      \t      \t            <\/ul>\n             \n         <\/div>\n\t<\/div>\n\n\n<div class=\"card card-profile vcard tease tease-profile card-figure card-figure-left\" id=\"tease-399\">\n      <div class=\"card-figure card-figure-padded\">\n\t         <img decoding=\"async\" alt=\"Karen J. Brasel &#8217;87\" style=\"width: auto; max-width: 100%\" src=\"https:\/\/www.macalester.edu\/trustees\/wp-content\/uploads\/sites\/240\/20211008_mac_149-150x0-c-default.jpg\" \/>\n\t\t   <\/div>\n   <div class=\"card-body\">\n      <ul>\n         <li class=\"fn\">\n                           Karen J. Brasel &#8217;87\n                     <\/li>\n         <li class=\"title\">\n            Professor of Surgery, Division of Trauma, Critical Care and Acute Care Surgery, Oregon Health and Science University; Lake Oswego, Oregon\n         <\/li>\n\t      \t      \t      \t            <\/ul>\n             \n         <\/div>\n\t<\/div>\n\n\n<div class=\"card card-profile vcard tease tease-profile card-figure card-figure-left\" id=\"tease-406\">\n      <div class=\"card-figure card-figure-padded\">\n\t         <img decoding=\"async\" alt=\"Robin Jackson Colman &#8217;78\" style=\"width: auto; max-width: 100%\" src=\"https:\/\/www.macalester.edu\/trustees\/wp-content\/uploads\/sites\/240\/Colman-Robin-Jackson-150x0-c-default.jpg\" \/>\n\t\t   <\/div>\n   <div class=\"card-body\">\n      <ul>\n         <li class=\"fn\">\n                           Robin Jackson Colman &#8217;78\n                     <\/li>\n         <li class=\"title\">\n            Retired Vice President, Compensation and Benefits, eBay; Pasadena, California\n         <\/li>\n\t      \t      \t      \t            <\/ul>\n             \n         <\/div>\n\t<\/div>\n\n\n<div class=\"card card-profile vcard tease tease-profile card-figure card-figure-left\" id=\"tease-418\">\n      <div class=\"card-figure card-figure-padded\">\n\t         <img decoding=\"async\" alt=\"Mihir Desai &#8217;90\" style=\"width: auto; max-width: 100%\" src=\"https:\/\/www.macalester.edu\/trustees\/wp-content\/uploads\/sites\/240\/mihir-desai-600-150x0-c-default.jpg\" \/>\n\t\t   <\/div>\n   <div class=\"card-body\">\n      <ul>\n         <li class=\"fn\">\n                           Mihir Desai &#8217;90\n                     <\/li>\n         <li class=\"title\">\n            President and Chief Executive Officer, Dexis Incorporated; Washington, DC\n         <\/li>\n\t      \t      \t      \t            <\/ul>\n             \n         <\/div>\n\t<\/div>\n\n\n<div class=\"card card-profile vcard tease tease-profile card-figure card-figure-left\" id=\"tease-421\">\n      <div class=\"card-figure card-figure-padded\">\n\t         <img decoding=\"async\" alt=\"Edward G. Deutschlander \u201993 P\u201922\" style=\"width: auto; max-width: 100%\" src=\"https:\/\/www.macalester.edu\/trustees\/wp-content\/uploads\/sites\/240\/Ed-Deutschlander-202409-600-150x0-c-default.jpg\" \/>\n\t\t   <\/div>\n   <div class=\"card-body\">\n      <ul>\n         <li class=\"fn\">\n                           Edward G. Deutschlander \u201993 P\u201922\n                     <\/li>\n         <li class=\"title\">\n            Chief Executive Officer, Northstar Resource Group; Lakeway, Texas\n         <\/li>\n\t      \t      \t      \t            <\/ul>\n             \n         <\/div>\n\t<\/div>\n\n\n<div class=\"card card-profile vcard tease tease-profile card-figure card-figure-left\" id=\"tease-625\">\n      <div class=\"card-figure card-figure-padded\">\n\t         <img decoding=\"async\" alt=\"Thomas Dohrmann &#8217;92\" style=\"width: auto; max-width: 100%\" src=\"https:\/\/www.macalester.edu\/trustees\/wp-content\/uploads\/sites\/240\/tom-dohrmann-600-150x0-c-default.jpg\" \/>\n\t\t   <\/div>\n   <div class=\"card-body\">\n      <ul>\n         <li class=\"fn\">\n                           Thomas Dohrmann &#8217;92\n                     <\/li>\n         <li class=\"title\">\n            Senior Partner, McKinsey &#038; Company; Washington, DC\n         <\/li>\n\t      \t      \t      \t            <\/ul>\n             \n         <\/div>\n\t<\/div>\n\n\n<div class=\"card card-profile vcard tease tease-profile card-figure card-figure-left\" id=\"tease-424\">\n      <div class=\"card-figure card-figure-padded\">\n\t         <img decoding=\"async\" alt=\"Edward Donkor &#8217;04\" style=\"width: auto; max-width: 100%\" src=\"https:\/\/www.macalester.edu\/trustees\/wp-content\/uploads\/sites\/240\/EdwardDonkor110-150x0-c-default.jpg\" \/>\n\t\t   <\/div>\n   <div class=\"card-body\">\n      <ul>\n         <li class=\"fn\">\n                           Edward Donkor &#8217;04\n                     <\/li>\n         <li class=\"title\">\n            Partner, Apax Partners; London, United Kingdom\/New York, New York\n         <\/li>\n\t      \t      \t      \t            <\/ul>\n             \n         <\/div>\n\t<\/div>\n\n\n<div class=\"card card-profile vcard tease tease-profile card-figure card-figure-left\" id=\"tease-649\">\n      <div class=\"card-figure card-figure-padded\">\n\t         <img decoding=\"async\" alt=\"Matthew K. Entenza \u201983\" style=\"width: auto; max-width: 100%\" src=\"https:\/\/www.macalester.edu\/trustees\/wp-content\/uploads\/sites\/240\/matt-entenza-600b-150x0-c-default.jpg\" \/>\n\t\t   <\/div>\n   <div class=\"card-body\">\n      <ul>\n         <li class=\"fn\">\n                           Matthew K. Entenza \u201983\n                     <\/li>\n         <li class=\"title\">\n            Founder, Entenza Law Firm PLLC; Saint Paul, Minnesota\n         <\/li>\n\t      \t      \t      \t            <\/ul>\n             \n         <\/div>\n\t<\/div>\n\n\n<div class=\"card card-profile vcard tease tease-profile card-figure card-figure-left\" id=\"tease-427\">\n      <div class=\"card-figure card-figure-padded\">\n\t         <img decoding=\"async\" alt=\"Broderick C. Grubb \u201973\" style=\"width: auto; max-width: 100%\" src=\"https:\/\/www.macalester.edu\/trustees\/wp-content\/uploads\/sites\/240\/Grubb-Rick-150x0-c-default.jpg\" \/>\n\t\t   <\/div>\n   <div class=\"card-body\">\n      <ul>\n         <li class=\"fn\">\n                           Broderick C. Grubb \u201973\n                     <\/li>\n         <li class=\"title\">\n            Owner, BRK Insurance Group, LLC; New Orleans, Louisiana\n         <\/li>\n\t      \t      \t      \t            <\/ul>\n             \n         <\/div>\n\t<\/div>\n\n\n<div class=\"card card-profile vcard tease tease-profile card-figure card-figure-left\" id=\"tease-825\">\n      <div class=\"card-figure card-figure-padded\">\n\t         <img decoding=\"async\" alt=\"Meloni Midori Hallock &#8217;70\" style=\"width: auto; max-width: 100%\" src=\"https:\/\/www.macalester.edu\/trustees\/wp-content\/uploads\/sites\/240\/Meloni-Hallock-202409-600-150x0-c-default.jpg\" \/>\n\t\t   <\/div>\n   <div class=\"card-body\">\n      <ul>\n         <li class=\"fn\">\n                           Meloni Midori Hallock &#8217;70\n                     <\/li>\n         <li class=\"title\">\n            Los Angeles, California\n         <\/li>\n\t      \t      \t      \t            <\/ul>\n             \n         <\/div>\n\t<\/div>\n\n\n<div class=\"card card-profile vcard tease tease-profile card-figure card-figure-left\" id=\"tease-831\">\n      <div class=\"card-figure card-figure-padded\">\n\t         <img decoding=\"async\" alt=\"Andrew Kaufteil &#8217;01\" style=\"width: auto; max-width: 100%\" src=\"https:\/\/www.macalester.edu\/trustees\/wp-content\/uploads\/sites\/240\/andrew-kaufteil-2024-1-150x0-c-default.jpg\" \/>\n\t\t   <\/div>\n   <div class=\"card-body\">\n      <ul>\n         <li class=\"fn\">\n                           Andrew Kaufteil &#8217;01\n                     <\/li>\n         <li class=\"title\">\n            Senior Vice President, Strategic Communications, Lucile Packard Foundation for Children\u2019s Health; Oakland, California\n         <\/li>\n\t      \t      \t      \t            <\/ul>\n             \n         <\/div>\n\t<\/div>\n\n\n<div class=\"card card-profile vcard tease tease-profile card-figure card-figure-left\" id=\"tease-452\">\n      <div class=\"card-figure card-figure-padded\">\n\t         <img decoding=\"async\" alt=\"Seth J. Levine &#8217;94\" style=\"width: auto; max-width: 100%\" src=\"https:\/\/www.macalester.edu\/trustees\/wp-content\/uploads\/sites\/240\/Seth-Levine-Headshot-2021-150x0-c-default.jpg\" \/>\n\t\t   <\/div>\n   <div class=\"card-body\">\n      <ul>\n         <li class=\"fn\">\n                           Seth J. Levine &#8217;94\n                     <\/li>\n         <li class=\"title\">\n            Co-Founder and Principal, Foundry; Longmont, Colorado\n         <\/li>\n\t      \t      \t      \t            <\/ul>\n             \n         <\/div>\n\t<\/div>\n\n\n<div class=\"card card-profile vcard tease tease-profile card-figure card-figure-left\" id=\"tease-518\">\n      <div class=\"card-figure card-figure-padded\">\n\t         <img decoding=\"async\" alt=\"Sonny Lulla \u201993\" style=\"width: auto; max-width: 100%\" src=\"https:\/\/www.macalester.edu\/trustees\/wp-content\/uploads\/sites\/240\/Sonny-Lulla-202409-600-150x0-c-default.jpg\" \/>\n\t\t   <\/div>\n   <div class=\"card-body\">\n      <ul>\n         <li class=\"fn\">\n                           Sonny Lulla \u201993\n                     <\/li>\n         <li class=\"title\">\n            Co-Founder and Managing Member, Franklin Park; Pasadena, California\n         <\/li>\n\t      \t      \t      \t            <\/ul>\n             \n         <\/div>\n\t<\/div>\n\n\n<div class=\"card card-profile vcard tease tease-profile card-figure card-figure-left\" id=\"tease-1119\">\n      <div class=\"card-figure card-figure-padded\">\n\t         <img decoding=\"async\" alt=\"James D. Migdal \u201986\" style=\"width: auto; max-width: 100%\" src=\"https:\/\/www.macalester.edu\/trustees\/wp-content\/uploads\/sites\/240\/jim-migdal-600-150x0-c-default.jpg\" \/>\n\t\t   <\/div>\n   <div class=\"card-body\">\n      <ul>\n         <li class=\"fn\">\n                           James D. Migdal \u201986\n                     <\/li>\n         <li class=\"title\">\n            VP, Business Development, Seneca; Palo Alto, CA\n         <\/li>\n\t      \t      \t      \t            <\/ul>\n             \n         <\/div>\n\t<\/div>\n\n\n<div class=\"card card-profile vcard tease tease-profile card-figure card-figure-left\" id=\"tease-617\">\n      <div class=\"card-figure card-figure-padded\">\n\t         <img decoding=\"async\" alt=\"Dana Mortenson\" style=\"width: auto; max-width: 100%\" src=\"https:\/\/www.macalester.edu\/trustees\/wp-content\/uploads\/sites\/240\/dana-mortenson-600-150x0-c-default.jpg\" \/>\n\t\t   <\/div>\n   <div class=\"card-body\">\n      <ul>\n         <li class=\"fn\">\n                           Dana Mortenson\n                     <\/li>\n         <li class=\"title\">\n            Co-Founder, World Savvy; Minneapolis, Minnesota\n         <\/li>\n\t      \t      \t      \t            <\/ul>\n             \n         <\/div>\n\t<\/div>\n\n\n<div class=\"card card-profile vcard tease tease-profile card-figure card-figure-left\" id=\"tease-464\">\n      <div class=\"card-figure card-figure-padded\">\n\t         <img decoding=\"async\" alt=\"Amy Pahl &#8217;90\" style=\"width: auto; max-width: 100%\" src=\"https:\/\/www.macalester.edu\/trustees\/wp-content\/uploads\/sites\/240\/AmyPahl-110-150x0-c-default.jpg\" \/>\n\t\t   <\/div>\n   <div class=\"card-body\">\n      <ul>\n         <li class=\"fn\">\n                           Amy Pahl &#8217;90\n                     <\/li>\n         <li class=\"title\">\n            Principal and Consulting Actuary, Milliman; Hampton, Minnesota\n         <\/li>\n\t      \t      \t      \t            <\/ul>\n             \n         <\/div>\n\t<\/div>\n\n\n<div class=\"card card-profile vcard tease tease-profile card-figure card-figure-left\" id=\"tease-521\">\n      <div class=\"card-figure card-figure-padded\">\n\t         <img decoding=\"async\" alt=\"Gloria Perez \u201988\" style=\"width: auto; max-width: 100%\" src=\"https:\/\/www.macalester.edu\/trustees\/wp-content\/uploads\/sites\/240\/Gloria-Perez-150x0-c-default.jpg\" \/>\n\t\t   <\/div>\n   <div class=\"card-body\">\n      <ul>\n         <li class=\"fn\">\n                           Gloria Perez \u201988\n                     <\/li>\n         <li class=\"title\">\n            Chief Executive Officer, Women&#8217;s Foundation of Minnesota; Minneapolis, Minnesota\n         <\/li>\n\t      \t      \t      \t            <\/ul>\n             \n         <\/div>\n\t<\/div>\n\n\n<div class=\"card card-profile vcard tease tease-profile card-figure card-figure-left\" id=\"tease-469\">\n      <div class=\"card-figure card-figure-padded\">\n\t         <img decoding=\"async\" alt=\"Suzanne M. Rivera (ex officio)\" style=\"width: auto; max-width: 100%\" src=\"https:\/\/www.macalester.edu\/trustees\/wp-content\/uploads\/sites\/240\/suzanne-rivera-0433-update_square-150x0-c-default.jpg\" \/>\n\t\t   <\/div>\n   <div class=\"card-body\">\n      <ul>\n         <li class=\"fn\">\n                           Suzanne M. Rivera (ex officio)\n                     <\/li>\n         <li class=\"title\">\n            President, Macalester College; St. Paul, Minnesota\n         <\/li>\n\t      \t      \t      \t            <\/ul>\n             \n         <\/div>\n\t<\/div>\n\n\n<div class=\"card card-profile vcard tease tease-profile card-figure card-figure-left\" id=\"tease-637\">\n      <div class=\"card-figure card-figure-padded\">\n\t         <img decoding=\"async\" alt=\"Tyler Robinson &#8217;93\" style=\"width: auto; max-width: 100%\" src=\"https:\/\/www.macalester.edu\/trustees\/wp-content\/uploads\/sites\/240\/tyler-robinson-600-150x0-c-default.jpg\" \/>\n\t\t   <\/div>\n   <div class=\"card-body\">\n      <ul>\n         <li class=\"fn\">\n                           Tyler Robinson &#8217;93\n                     <\/li>\n         <li class=\"title\">\n            Simpson Thacher &#038; Bartlett LLP; London, United Kingdom\n         <\/li>\n\t      \t      \t      \t            <\/ul>\n             \n         <\/div>\n\t<\/div>\n\n\n<div class=\"card card-profile vcard tease tease-profile card-figure card-figure-left\" id=\"tease-480\">\n      <div class=\"card-figure card-figure-padded\">\n\t         <img decoding=\"async\" alt=\"Paul J. Strand &#8217;71\" style=\"width: auto; max-width: 100%\" src=\"https:\/\/www.macalester.edu\/trustees\/wp-content\/uploads\/sites\/240\/Paul_Strand_110-150x0-c-default.jpg\" \/>\n\t\t   <\/div>\n   <div class=\"card-body\">\n      <ul>\n         <li class=\"fn\">\n                           Paul J. Strand &#8217;71\n                     <\/li>\n         <li class=\"title\">\n            Retired Dean, College of Arts and Letters, San Diego State University; San Diego, California\n         <\/li>\n\t      \t      \t      \t            <\/ul>\n             \n         <\/div>\n\t<\/div>\n\n\n<div class=\"card card-profile vcard tease tease-profile card-figure card-figure-left\" id=\"tease-815\">\n      <div class=\"card-figure card-figure-padded\">\n\t         <img decoding=\"async\" alt=\"Elona Street-Stewart P&#8217;99\" style=\"width: auto; max-width: 100%\" src=\"https:\/\/www.macalester.edu\/trustees\/wp-content\/uploads\/sites\/240\/elona-street-stewart-2024-150x0-c-default.jpg\" \/>\n\t\t   <\/div>\n   <div class=\"card-body\">\n      <ul>\n         <li class=\"fn\">\n                           Elona Street-Stewart P&#8217;99\n                     <\/li>\n         <li class=\"title\">\n            Synod Executive, Synod of Lakes and Prairies; Saint Paul, Minnesota\n         <\/li>\n\t      \t      \t      \t            <\/ul>\n             \n         <\/div>\n\t<\/div>\n\n\n<div class=\"card card-profile vcard tease tease-profile card-figure card-figure-left\" id=\"tease-515\">\n      <div class=\"card-figure card-figure-padded\">\n\t         <img decoding=\"async\" alt=\"Gregory A. Thompson \u201984\" style=\"width: auto; max-width: 100%\" src=\"https:\/\/www.macalester.edu\/trustees\/wp-content\/uploads\/sites\/240\/Thompson-Greg-150x0-c-default.jpg\" \/>\n\t\t   <\/div>\n   <div class=\"card-body\">\n      <ul>\n         <li class=\"fn\">\n                           Gregory A. Thompson \u201984\n                     <\/li>\n         <li class=\"title\">\n            Executive Director, Corporate Communications &amp; Public Affairs, Health Care Service Corporation; Chicago, Illinois\n         <\/li>\n\t      \t      \t      \t            <\/ul>\n             \n         <\/div>\n\t<\/div>\n\n\n<div class=\"card card-profile vcard tease tease-profile card-figure card-figure-left\" id=\"tease-837\">\n      <div class=\"card-figure card-figure-padded\">\n\t         <img decoding=\"async\" alt=\"Missy Staples Thompson &#8217;80 P&#8217;17\" style=\"width: auto; max-width: 100%\" src=\"https:\/\/www.macalester.edu\/trustees\/wp-content\/uploads\/sites\/240\/missy-staples-thompson-2024-150x0-c-default.jpg\" \/>\n\t\t   <\/div>\n   <div class=\"card-body\">\n      <ul>\n         <li class=\"fn\">\n                           Missy Staples Thompson &#8217;80 P&#8217;17\n                     <\/li>\n         <li class=\"title\">\n            Community Leader; Saint Paul, Minnesota\n         <\/li>\n\t      \t      \t      \t            <\/ul>\n             \n         <\/div>\n\t<\/div>\n\n\n<div class=\"card card-profile vcard tease tease-profile card-figure card-figure-left\" id=\"tease-1127\">\n      <div class=\"card-figure card-figure-padded\">\n\t         <img decoding=\"async\" alt=\"G\u00fcl\u00fcm \u00d6z\u00fcst\u00fcn Williams &#8217;92\" style=\"width: auto; max-width: 100%\" src=\"https:\/\/www.macalester.edu\/trustees\/wp-content\/uploads\/sites\/240\/gulum-williams-600-150x0-c-default.jpg\" \/>\n\t\t   <\/div>\n   <div class=\"card-body\">\n      <ul>\n         <li class=\"fn\">\n                           G\u00fcl\u00fcm \u00d6z\u00fcst\u00fcn Williams &#8217;92\n                     <\/li>\n         <li class=\"title\">\n            New York, New York\n         <\/li>\n\t      \t      \t      \t            <\/ul>\n             \n         <\/div>\n\t<\/div>\n\n\n<div class=\"card card-profile vcard tease tease-profile card-figure card-figure-left\" id=\"tease-631\">\n      <div class=\"card-figure card-figure-padded\">\n\t         <img decoding=\"async\" alt=\"Zia Yusuf &#8217;91\" style=\"width: auto; max-width: 100%\" src=\"https:\/\/www.macalester.edu\/trustees\/wp-content\/uploads\/sites\/240\/zia-yusuf-600-150x0-c-default.jpg\" \/>\n\t\t   <\/div>\n   <div class=\"card-body\">\n      <ul>\n         <li class=\"fn\">\n                           Zia Yusuf &#8217;91\n                     <\/li>\n         <li class=\"title\">\n            Senior Advisor, Boston Consulting Group; Palo Alto, California\n         <\/li>\n\t      \t      \t      \t            <\/ul>\n             \n         <\/div>\n\t<\/div>\n\n\n\n<h3 class=\"wp-block-heading\"><\/h3>\n\n\n\n<h3 class=\"wp-block-heading\">2025-2026 Board of Trustees Liaisons<\/h3>\n\n\n\n<p><strong>D\u00e1maris Zamora-Aguil\u00f3n <strong>\u201926<\/strong>, Student Liaison<\/strong><\/p>\n\n\n\n<p><strong>Sara Runchey P\u201926, Parent Council Liaison<\/strong><br>Marshall, Minnesota<\/p>\n\n\n\n<p><strong>Diane Saber &#8217;78, Alumni Board Liaison<\/strong><br>Kildeer, Illinois<\/p>\n\n\n\n<p><\/p>\n\n\n\n<p><\/p>\n\n\n\n<p><\/p>","protected":false},"excerpt":{"rendered":"<p>The Board of Trustees is Macalester&#8217;s overall governance body. The board does not actively manage the college on a daily basis but delegates that responsibility to the president. The board&#8217;s primary responsibilities are to hire and evaluate the president; set broad policy and goals for the college and evaluate its performance against those goals; actively [&hellip;]<\/p>","protected":false},"author":7,"featured_media":0,"parent":0,"menu_order":0,"comment_status":"open","ping_status":"closed","template":"","meta":{"_acf_changed":false,"footnotes":""},"class_list":["post-385","page","type-page","status-publish","hentry"],"acf":[],"_links":{"self":[{"href":"https:\/\/www.macalester.edu\/trustees\/wp-json\/wp\/v2\/pages\/385","targetHints":{"allow":["GET"]}}],"collection":[{"href":"https:\/\/www.macalester.edu\/trustees\/wp-json\/wp\/v2\/pages"}],"about":[{"href":"https:\/\/www.macalester.edu\/trustees\/wp-json\/wp\/v2\/types\/page"}],"author":[{"embeddable":true,"href":"https:\/\/www.macalester.edu\/trustees\/wp-json\/wp\/v2\/users\/7"}],"replies":[{"embeddable":true,"href":"https:\/\/www.macalester.edu\/trustees\/wp-json\/wp\/v2\/comments?post=385"}],"version-history":[{"count":37,"href":"https:\/\/www.macalester.edu\/trustees\/wp-json\/wp\/v2\/pages\/385\/revisions"}],"predecessor-version":[{"id":1187,"href":"https:\/\/www.macalester.edu\/trustees\/wp-json\/wp\/v2\/pages\/385\/revisions\/1187"}],"wp:attachment":[{"href":"https:\/\/www.macalester.edu\/trustees\/wp-json\/wp\/v2\/media?parent=385"}],"curies":[{"name":"wp","href":"https:\/\/api.w.org\/{rel}","templated":true}]}}